{"id":2671,"date":"2019-03-20T14:14:30","date_gmt":"2019-03-20T13:14:30","guid":{"rendered":"http:\/\/hotelcarlton.ms.decms.eu\/nos-appartements\/dependance\/"},"modified":"2024-02-22T18:02:31","modified_gmt":"2024-02-22T17:02:31","slug":"dependance","status":"publish","type":"page","link":"https:\/\/www.hotelcarlton.net\/fr\/nos-appartements\/dependance\/","title":{"rendered":"Dependance"},"content":{"rendered":"<p>Particuli\u00e8rement indiqu\u00e9 pour des s\u00e9jours moyens ou longs, la D\u00e9pendance Carlton, adjacente \u00e0 l\u2019h\u00f4tel, vous accueille dans un b\u00e2timent d\u2019\u00e9poque enti\u00e8rement restaur\u00e9 et dispose de 8 appartements de diff\u00e9rentes tailles et typologies (de 2 \u00e0 4 personnes), tous r\u00e9nov\u00e9s, spacieux, meubl\u00e9s avec go\u00fbt, et dot\u00e9s de cuisine ou coin cuisine, baignoire ou douche, climatisation autonome, coffre-fort, t\u00e9l\u00e9viseur LCD et connexion internet Wi-Fi.<\/p>\n<p>Toutes nos appartement sont NON FUMEUR<\/p>\n<p>&nbsp;<\/p>\n<table>\n<tbody>\n<tr>\n<th><strong>SERVICES INCLUS<\/strong>:<\/th>\n<th><strong>SERVICES EXTRA<\/strong>:<\/th>\n<\/tr>\n<tr>\n<th>\n<ul>\n<li>Nettoyage et changement draps et serviettes deux fois par semaine<\/li>\n<li>Chauffage et climatisation autonomes<\/li>\n<li>Coffre-fort \u00e9lectronique<\/li>\n<li>interphone<\/li>\n<li>D\u00e9p\u00f4t bicyclettes<\/li>\n<li>Cuisine ou coin cuisine avec vaisselle<\/li>\n<li>t\u00e9l\u00e9viseur LCD<\/li>\n<li>s\u00e8che-cheveux<\/li>\n<li>Salle de gym c\/o Hotel Carlton<\/li>\n<\/ul>\n<\/th>\n<th>\n<ul>\n<li>Animaux admis<\/li>\n<li>T\u00e9l\u00e9phone<\/li>\n<li>Garage auto priv\u00e9<\/li>\n<li>location v\u00e9los<\/li>\n<li>Internet Wi-Fi<\/li>\n<li>Petit-d\u00e9jeuner \u00e0 l\u2019h\u00f4tel<\/li>\n<li>Nettoyage final<\/li>\n<li>Lave-linge s\u00e9chant<\/li>\n<\/ul>\n<\/th>\n<\/tr>\n<\/tbody>\n<\/table>\n","protected":false},"excerpt":{"rendered":"<p>Particuli\u00e8rement indiqu\u00e9 pour des s\u00e9jours moyens ou longs, la D\u00e9pendance Carlton, adjacente \u00e0 l\u2019h\u00f4tel, vous accueille dans un b\u00e2timent d\u2019\u00e9poque enti\u00e8rement restaur\u00e9 et dispose de 8 appartements de diff\u00e9rentes tailles et typologies (de 2 \u00e0 4 personnes), tous r\u00e9nov\u00e9s, spacieux, meubl\u00e9s avec go\u00fbt, et dot\u00e9s de cuisine ou coin cuisine, baignoire ou douche, climatisation autonome, [&hellip;]<\/p>\n","protected":false},"author":13,"featured_media":0,"parent":2665,"menu_order":1,"comment_status":"closed","ping_status":"closed","template":"template-rooms.php","meta":{"footnotes":""},"class_list":["post-2671","page","type-page","status-publish","hentry"],"yoast_head":"<!-- This site is optimized with the Yoast SEO plugin v26.9 - https:\/\/yoast.com\/product\/yoast-seo-wordpress\/ -->\n<title>Dependance - Hotel Carlton<\/title>\n<meta name=\"robots\" content=\"index, follow, max-snippet:-1, max-image-preview:large, max-video-preview:-1\" \/>\n<link rel=\"canonical\" href=\"https:\/\/www.hotelcarlton.net\/fr\/nos-appartements\/dependance\/\" \/>\n<meta property=\"og:locale\" content=\"fr_FR\" \/>\n<meta property=\"og:type\" content=\"article\" \/>\n<meta property=\"og:title\" content=\"Dependance - Hotel Carlton\" \/>\n<meta property=\"og:description\" content=\"Particuli\u00e8rement indiqu\u00e9 pour des s\u00e9jours moyens ou longs, la D\u00e9pendance Carlton, adjacente \u00e0 l\u2019h\u00f4tel, vous accueille dans un b\u00e2timent d\u2019\u00e9poque enti\u00e8rement restaur\u00e9 et dispose de 8 appartements de diff\u00e9rentes tailles et typologies (de 2 \u00e0 4 personnes), tous r\u00e9nov\u00e9s, spacieux, meubl\u00e9s avec go\u00fbt, et dot\u00e9s de cuisine ou coin cuisine, baignoire ou douche, climatisation autonome, [&hellip;]\" \/>\n<meta property=\"og:url\" content=\"https:\/\/www.hotelcarlton.net\/fr\/nos-appartements\/dependance\/\" \/>\n<meta property=\"og:site_name\" content=\"Hotel Carlton\" \/>\n<meta property=\"article:modified_time\" content=\"2024-02-22T17:02:31+00:00\" \/>\n<meta name=\"twitter:card\" content=\"summary_large_image\" \/>\n<meta name=\"twitter:label1\" content=\"Dur\u00e9e de lecture estim\u00e9e\" \/>\n\t<meta name=\"twitter:data1\" content=\"1 minute\" \/>\n<script type=\"application\/ld+json\" class=\"yoast-schema-graph\">{\"@context\":\"https:\/\/schema.org\",\"@graph\":[{\"@type\":\"WebPage\",\"@id\":\"https:\/\/www.hotelcarlton.net\/fr\/nos-appartements\/dependance\/\",\"url\":\"https:\/\/www.hotelcarlton.net\/fr\/nos-appartements\/dependance\/\",\"name\":\"Dependance - Hotel Carlton\",\"isPartOf\":{\"@id\":\"https:\/\/www.hotelcarlton.net\/fr\/#website\"},\"datePublished\":\"2019-03-20T13:14:30+00:00\",\"dateModified\":\"2024-02-22T17:02:31+00:00\",\"breadcrumb\":{\"@id\":\"https:\/\/www.hotelcarlton.net\/fr\/nos-appartements\/dependance\/#breadcrumb\"},\"inLanguage\":\"fr-FR\",\"potentialAction\":[{\"@type\":\"ReadAction\",\"target\":[\"https:\/\/www.hotelcarlton.net\/fr\/nos-appartements\/dependance\/\"]}]},{\"@type\":\"BreadcrumbList\",\"@id\":\"https:\/\/www.hotelcarlton.net\/fr\/nos-appartements\/dependance\/#breadcrumb\",\"itemListElement\":[{\"@type\":\"ListItem\",\"position\":1,\"name\":\"Home\",\"item\":\"https:\/\/www.hotelcarlton.net\/fr\/\"},{\"@type\":\"ListItem\",\"position\":2,\"name\":\"Nos appartements\",\"item\":\"https:\/\/www.hotelcarlton.net\/fr\/nos-appartements\/\"},{\"@type\":\"ListItem\",\"position\":3,\"name\":\"Dependance\"}]},{\"@type\":\"WebSite\",\"@id\":\"https:\/\/www.hotelcarlton.net\/fr\/#website\",\"url\":\"https:\/\/www.hotelcarlton.net\/fr\/\",\"name\":\"Hotel Carlton\",\"description\":\"Ecco un altro sito ms.decms.eu\",\"potentialAction\":[{\"@type\":\"SearchAction\",\"target\":{\"@type\":\"EntryPoint\",\"urlTemplate\":\"https:\/\/www.hotelcarlton.net\/fr\/?s={search_term_string}\"},\"query-input\":{\"@type\":\"PropertyValueSpecification\",\"valueRequired\":true,\"valueName\":\"search_term_string\"}}],\"inLanguage\":\"fr-FR\"}]}<\/script>\n<!-- \/ Yoast SEO plugin. -->","yoast_head_json":{"title":"Dependance - Hotel Carlton","robots":{"index":"index","follow":"follow","max-snippet":"max-snippet:-1","max-image-preview":"max-image-preview:large","max-video-preview":"max-video-preview:-1"},"canonical":"https:\/\/www.hotelcarlton.net\/fr\/nos-appartements\/dependance\/","og_locale":"fr_FR","og_type":"article","og_title":"Dependance - Hotel Carlton","og_description":"Particuli\u00e8rement indiqu\u00e9 pour des s\u00e9jours moyens ou longs, la D\u00e9pendance Carlton, adjacente \u00e0 l\u2019h\u00f4tel, vous accueille dans un b\u00e2timent d\u2019\u00e9poque enti\u00e8rement restaur\u00e9 et dispose de 8 appartements de diff\u00e9rentes tailles et typologies (de 2 \u00e0 4 personnes), tous r\u00e9nov\u00e9s, spacieux, meubl\u00e9s avec go\u00fbt, et dot\u00e9s de cuisine ou coin cuisine, baignoire ou douche, climatisation autonome, [&hellip;]","og_url":"https:\/\/www.hotelcarlton.net\/fr\/nos-appartements\/dependance\/","og_site_name":"Hotel Carlton","article_modified_time":"2024-02-22T17:02:31+00:00","twitter_card":"summary_large_image","twitter_misc":{"Dur\u00e9e de lecture estim\u00e9e":"1 minute"},"schema":{"@context":"https:\/\/schema.org","@graph":[{"@type":"WebPage","@id":"https:\/\/www.hotelcarlton.net\/fr\/nos-appartements\/dependance\/","url":"https:\/\/www.hotelcarlton.net\/fr\/nos-appartements\/dependance\/","name":"Dependance - Hotel Carlton","isPartOf":{"@id":"https:\/\/www.hotelcarlton.net\/fr\/#website"},"datePublished":"2019-03-20T13:14:30+00:00","dateModified":"2024-02-22T17:02:31+00:00","breadcrumb":{"@id":"https:\/\/www.hotelcarlton.net\/fr\/nos-appartements\/dependance\/#breadcrumb"},"inLanguage":"fr-FR","potentialAction":[{"@type":"ReadAction","target":["https:\/\/www.hotelcarlton.net\/fr\/nos-appartements\/dependance\/"]}]},{"@type":"BreadcrumbList","@id":"https:\/\/www.hotelcarlton.net\/fr\/nos-appartements\/dependance\/#breadcrumb","itemListElement":[{"@type":"ListItem","position":1,"name":"Home","item":"https:\/\/www.hotelcarlton.net\/fr\/"},{"@type":"ListItem","position":2,"name":"Nos appartements","item":"https:\/\/www.hotelcarlton.net\/fr\/nos-appartements\/"},{"@type":"ListItem","position":3,"name":"Dependance"}]},{"@type":"WebSite","@id":"https:\/\/www.hotelcarlton.net\/fr\/#website","url":"https:\/\/www.hotelcarlton.net\/fr\/","name":"Hotel Carlton","description":"Ecco un altro sito ms.decms.eu","potentialAction":[{"@type":"SearchAction","target":{"@type":"EntryPoint","urlTemplate":"https:\/\/www.hotelcarlton.net\/fr\/?s={search_term_string}"},"query-input":{"@type":"PropertyValueSpecification","valueRequired":true,"valueName":"search_term_string"}}],"inLanguage":"fr-FR"}]}},"acf":[],"_links":{"self":[{"href":"https:\/\/www.hotelcarlton.net\/fr\/wp-json\/wp\/v2\/pages\/2671","targetHints":{"allow":["GET"]}}],"collection":[{"href":"https:\/\/www.hotelcarlton.net\/fr\/wp-json\/wp\/v2\/pages"}],"about":[{"href":"https:\/\/www.hotelcarlton.net\/fr\/wp-json\/wp\/v2\/types\/page"}],"author":[{"embeddable":true,"href":"https:\/\/www.hotelcarlton.net\/fr\/wp-json\/wp\/v2\/users\/13"}],"replies":[{"embeddable":true,"href":"https:\/\/www.hotelcarlton.net\/fr\/wp-json\/wp\/v2\/comments?post=2671"}],"version-history":[{"count":0,"href":"https:\/\/www.hotelcarlton.net\/fr\/wp-json\/wp\/v2\/pages\/2671\/revisions"}],"up":[{"embeddable":true,"href":"https:\/\/www.hotelcarlton.net\/fr\/wp-json\/wp\/v2\/pages\/2665"}],"wp:attachment":[{"href":"https:\/\/www.hotelcarlton.net\/fr\/wp-json\/wp\/v2\/media?parent=2671"}],"curies":[{"name":"wp","href":"https:\/\/api.w.org\/{rel}","templated":true}]}}