{"id":2631,"date":"2019-04-18T09:43:08","date_gmt":"2019-04-18T07:43:08","guid":{"rendered":"http:\/\/hotelcarlton.ms.decms.eu\/?page_id=2631"},"modified":"2019-04-18T09:43:08","modified_gmt":"2019-04-18T07:43:08","slug":"restaurant","status":"publish","type":"page","link":"https:\/\/www.hotelcarlton.net\/fr\/services\/restaurant\/","title":{"rendered":"Restaurant"},"content":{"rendered":"<p>Nous fournissons un service de restauration pour groupes d\u2019au moins 25 personnes. Pour la client\u00e8le individuelle, nous proposons de tr\u00e8s pratiques conventions avec des restaurants du centre, s\u00e9lectionn\u00e9s avec soin.<\/p>\n","protected":false},"excerpt":{"rendered":"<p>Nous fournissons un service de restauration pour groupes d\u2019au moins 25 personnes. Pour la client\u00e8le individuelle, nous proposons de tr\u00e8s pratiques conventions avec des restaurants du centre, s\u00e9lectionn\u00e9s avec soin.<\/p>\n","protected":false},"author":21,"featured_media":0,"parent":2656,"menu_order":7,"comment_status":"closed","ping_status":"closed","template":"","meta":{"footnotes":""},"class_list":["post-2631","page","type-page","status-publish","hentry"],"yoast_head":"<!-- This site is optimized with the Yoast SEO plugin v26.9 - https:\/\/yoast.com\/product\/yoast-seo-wordpress\/ -->\n<title>Restaurant - Hotel Carlton<\/title>\n<meta name=\"robots\" content=\"index, follow, max-snippet:-1, max-image-preview:large, max-video-preview:-1\" \/>\n<link rel=\"canonical\" href=\"https:\/\/www.hotelcarlton.net\/fr\/services\/restaurant\/\" \/>\n<meta property=\"og:locale\" content=\"fr_FR\" \/>\n<meta property=\"og:type\" content=\"article\" \/>\n<meta property=\"og:title\" content=\"Restaurant - Hotel Carlton\" \/>\n<meta property=\"og:description\" content=\"Nous fournissons un service de restauration pour groupes d\u2019au moins 25 personnes. Pour la client\u00e8le individuelle, nous proposons de tr\u00e8s pratiques conventions avec des restaurants du centre, s\u00e9lectionn\u00e9s avec soin.\" \/>\n<meta property=\"og:url\" content=\"https:\/\/www.hotelcarlton.net\/fr\/services\/restaurant\/\" \/>\n<meta property=\"og:site_name\" content=\"Hotel Carlton\" \/>\n<meta name=\"twitter:card\" content=\"summary_large_image\" \/>\n<script type=\"application\/ld+json\" class=\"yoast-schema-graph\">{\"@context\":\"https:\/\/schema.org\",\"@graph\":[{\"@type\":\"WebPage\",\"@id\":\"https:\/\/www.hotelcarlton.net\/fr\/services\/restaurant\/\",\"url\":\"https:\/\/www.hotelcarlton.net\/fr\/services\/restaurant\/\",\"name\":\"Restaurant - Hotel Carlton\",\"isPartOf\":{\"@id\":\"https:\/\/www.hotelcarlton.net\/fr\/#website\"},\"datePublished\":\"2019-04-18T07:43:08+00:00\",\"breadcrumb\":{\"@id\":\"https:\/\/www.hotelcarlton.net\/fr\/services\/restaurant\/#breadcrumb\"},\"inLanguage\":\"fr-FR\",\"potentialAction\":[{\"@type\":\"ReadAction\",\"target\":[\"https:\/\/www.hotelcarlton.net\/fr\/services\/restaurant\/\"]}]},{\"@type\":\"BreadcrumbList\",\"@id\":\"https:\/\/www.hotelcarlton.net\/fr\/services\/restaurant\/#breadcrumb\",\"itemListElement\":[{\"@type\":\"ListItem\",\"position\":1,\"name\":\"Home\",\"item\":\"https:\/\/www.hotelcarlton.net\/fr\/\"},{\"@type\":\"ListItem\",\"position\":2,\"name\":\"Services\",\"item\":\"https:\/\/www.hotelcarlton.net\/fr\/services\/\"},{\"@type\":\"ListItem\",\"position\":3,\"name\":\"Restaurant\"}]},{\"@type\":\"WebSite\",\"@id\":\"https:\/\/www.hotelcarlton.net\/fr\/#website\",\"url\":\"https:\/\/www.hotelcarlton.net\/fr\/\",\"name\":\"Hotel Carlton\",\"description\":\"Ecco un altro sito ms.decms.eu\",\"potentialAction\":[{\"@type\":\"SearchAction\",\"target\":{\"@type\":\"EntryPoint\",\"urlTemplate\":\"https:\/\/www.hotelcarlton.net\/fr\/?s={search_term_string}\"},\"query-input\":{\"@type\":\"PropertyValueSpecification\",\"valueRequired\":true,\"valueName\":\"search_term_string\"}}],\"inLanguage\":\"fr-FR\"}]}<\/script>\n<!-- \/ Yoast SEO plugin. -->","yoast_head_json":{"title":"Restaurant - Hotel Carlton","robots":{"index":"index","follow":"follow","max-snippet":"max-snippet:-1","max-image-preview":"max-image-preview:large","max-video-preview":"max-video-preview:-1"},"canonical":"https:\/\/www.hotelcarlton.net\/fr\/services\/restaurant\/","og_locale":"fr_FR","og_type":"article","og_title":"Restaurant - Hotel Carlton","og_description":"Nous fournissons un service de restauration pour groupes d\u2019au moins 25 personnes. Pour la client\u00e8le individuelle, nous proposons de tr\u00e8s pratiques conventions avec des restaurants du centre, s\u00e9lectionn\u00e9s avec soin.","og_url":"https:\/\/www.hotelcarlton.net\/fr\/services\/restaurant\/","og_site_name":"Hotel Carlton","twitter_card":"summary_large_image","schema":{"@context":"https:\/\/schema.org","@graph":[{"@type":"WebPage","@id":"https:\/\/www.hotelcarlton.net\/fr\/services\/restaurant\/","url":"https:\/\/www.hotelcarlton.net\/fr\/services\/restaurant\/","name":"Restaurant - Hotel Carlton","isPartOf":{"@id":"https:\/\/www.hotelcarlton.net\/fr\/#website"},"datePublished":"2019-04-18T07:43:08+00:00","breadcrumb":{"@id":"https:\/\/www.hotelcarlton.net\/fr\/services\/restaurant\/#breadcrumb"},"inLanguage":"fr-FR","potentialAction":[{"@type":"ReadAction","target":["https:\/\/www.hotelcarlton.net\/fr\/services\/restaurant\/"]}]},{"@type":"BreadcrumbList","@id":"https:\/\/www.hotelcarlton.net\/fr\/services\/restaurant\/#breadcrumb","itemListElement":[{"@type":"ListItem","position":1,"name":"Home","item":"https:\/\/www.hotelcarlton.net\/fr\/"},{"@type":"ListItem","position":2,"name":"Services","item":"https:\/\/www.hotelcarlton.net\/fr\/services\/"},{"@type":"ListItem","position":3,"name":"Restaurant"}]},{"@type":"WebSite","@id":"https:\/\/www.hotelcarlton.net\/fr\/#website","url":"https:\/\/www.hotelcarlton.net\/fr\/","name":"Hotel Carlton","description":"Ecco un altro sito ms.decms.eu","potentialAction":[{"@type":"SearchAction","target":{"@type":"EntryPoint","urlTemplate":"https:\/\/www.hotelcarlton.net\/fr\/?s={search_term_string}"},"query-input":{"@type":"PropertyValueSpecification","valueRequired":true,"valueName":"search_term_string"}}],"inLanguage":"fr-FR"}]}},"acf":[],"_links":{"self":[{"href":"https:\/\/www.hotelcarlton.net\/fr\/wp-json\/wp\/v2\/pages\/2631","targetHints":{"allow":["GET"]}}],"collection":[{"href":"https:\/\/www.hotelcarlton.net\/fr\/wp-json\/wp\/v2\/pages"}],"about":[{"href":"https:\/\/www.hotelcarlton.net\/fr\/wp-json\/wp\/v2\/types\/page"}],"author":[{"embeddable":true,"href":"https:\/\/www.hotelcarlton.net\/fr\/wp-json\/wp\/v2\/users\/21"}],"replies":[{"embeddable":true,"href":"https:\/\/www.hotelcarlton.net\/fr\/wp-json\/wp\/v2\/comments?post=2631"}],"version-history":[{"count":0,"href":"https:\/\/www.hotelcarlton.net\/fr\/wp-json\/wp\/v2\/pages\/2631\/revisions"}],"up":[{"embeddable":true,"href":"https:\/\/www.hotelcarlton.net\/fr\/wp-json\/wp\/v2\/pages\/2656"}],"wp:attachment":[{"href":"https:\/\/www.hotelcarlton.net\/fr\/wp-json\/wp\/v2\/media?parent=2631"}],"curies":[{"name":"wp","href":"https:\/\/api.w.org\/{rel}","templated":true}]}}