{"id":2624,"date":"2019-03-25T15:02:15","date_gmt":"2019-03-25T14:02:15","guid":{"rendered":"http:\/\/hotelcarlton.ms.decms.eu\/cycling-holidays\/"},"modified":"2019-05-09T09:48:58","modified_gmt":"2019-05-09T07:48:58","slug":"cyclotourisme-2","status":"publish","type":"page","link":"https:\/\/www.hotelcarlton.net\/fr\/services\/cyclotourisme-2\/","title":{"rendered":"Cyclotourisme"},"content":{"rendered":"<p>\u201cFerrare, ville des bicyclettes\u201d, ce n\u2019est pas un simple slogan publicitaire\u2026 Le v\u00e9lo est v\u00e9ritablement dans les g\u00e8nes de tous les ferrarais ; nous l\u2019utilisons pour aller travailler, pour aller prendre un ap\u00e9ritif entre amis, pour faire nos courses, emmener nos enfants \u00e0 l\u2019\u00e9cole ou encore faire de belles promenades en ville ou \u00e0 la campagne.<\/p>\n<p>Pour suivre ce mode de vie favoris\u00e9 par un territoire particuli\u00e8rement adapt\u00e9 pour le cyclotourisme et pour le slow tourisme, nous avons \u00e9quip\u00e9 l\u2019H\u00f4tel Carlton de services r\u00e9serv\u00e9s \u00e0 ceux qui font du v\u00e9lo leur principal mani\u00e8re de passer leurs vacances.<\/p>\n<p>Vous pouvez venir de loin et faire \u00e9tape avec votre bicyclette \u00e0 l\u2019H\u00f4tel Carlton ou bien faire de Ferrare votre point de d\u00e9part et d\u2019arriv\u00e9e pour visiter la r\u00e9gion, faite d\u2019art, de nature, avec le fleuve Po qui la traverse pour se jeter dans la mer Adriatique, donnant ainsi naissance aux Vall\u00e9es de Comacchio et au Parc du Delta du Po, avec ses magnifiques paysages.<\/p>\n<p>Pour tous ceux qui font du v\u00e9lo le motif de leur s\u00e9jour, l\u2019H\u00f4tel Carlton met \u00e0 disposition les services suivants :<\/p>\n<ul>\n<li>D\u00e9p\u00f4t v\u00e9los couvert avec surveillance vid\u00e9o<\/li>\n<li>Aire lavage v\u00e9los<\/li>\n<li>Coin atelier avec outils pour entretien<\/li>\n<li>Bulletin m\u00e9t\u00e9o quotidien<\/li>\n<li>Service laverie et s\u00e9chage chaussures*<\/li>\n<li>Itin\u00e9raires conseill\u00e9s<\/li>\n<li>Service impression itin\u00e9raires conseill\u00e9s<\/li>\n<li>Restauration sportive sp\u00e9cialis\u00e9e pour groupes de min. 25 personnes*<\/li>\n<li>Boite pique-nique avec sandwichs, fruit et boisson*<\/li>\n<li>Location de v\u00e9los de ville*<\/li>\n<li>Conventions avec magasins de sport pour location v\u00e9los et achat v\u00eatements\/accessoires<\/li>\n<\/ul>\n<p>Pour trouver votre parcours id\u00e9al et t\u00e9l\u00e9charger les itin\u00e9raires dans la Province de Ferrare, visitez <a href=\"https:\/\/www.ferraraterraeacqua.it\/fr\/cyclotourisme?set_language=fr\" target=\"_blank\" rel=\"noopener noreferrer\">www.ferraraterraeacqua.it\/fr<\/a> ou contactez-nous et nous vous fournirons toutes les informations n\u00e9cessaires.<\/p>\n","protected":false},"excerpt":{"rendered":"<p>\u201cFerrare, ville des bicyclettes\u201d, ce n\u2019est pas un simple slogan publicitaire\u2026 Le v\u00e9lo est v\u00e9ritablement dans les g\u00e8nes de tous les ferrarais ; nous l\u2019utilisons pour aller travailler, pour aller prendre un ap\u00e9ritif entre amis, pour faire nos courses, emmener nos enfants \u00e0 l\u2019\u00e9cole ou encore faire de belles promenades en ville ou \u00e0 la [&hellip;]<\/p>\n","protected":false},"author":13,"featured_media":0,"parent":2656,"menu_order":6,"comment_status":"closed","ping_status":"closed","template":"","meta":{"footnotes":""},"class_list":["post-2624","page","type-page","status-publish","hentry"],"yoast_head":"<!-- This site is optimized with the Yoast SEO plugin v26.9 - https:\/\/yoast.com\/product\/yoast-seo-wordpress\/ -->\n<title>Cyclotourisme - Hotel Carlton<\/title>\n<meta name=\"robots\" content=\"index, follow, max-snippet:-1, max-image-preview:large, max-video-preview:-1\" \/>\n<link rel=\"canonical\" href=\"https:\/\/www.hotelcarlton.net\/fr\/services\/cyclotourisme-2\/\" \/>\n<meta property=\"og:locale\" content=\"fr_FR\" \/>\n<meta property=\"og:type\" content=\"article\" \/>\n<meta property=\"og:title\" content=\"Cyclotourisme - Hotel Carlton\" \/>\n<meta property=\"og:description\" content=\"\u201cFerrare, ville des bicyclettes\u201d, ce n\u2019est pas un simple slogan publicitaire\u2026 Le v\u00e9lo est v\u00e9ritablement dans les g\u00e8nes de tous les ferrarais ; nous l\u2019utilisons pour aller travailler, pour aller prendre un ap\u00e9ritif entre amis, pour faire nos courses, emmener nos enfants \u00e0 l\u2019\u00e9cole ou encore faire de belles promenades en ville ou \u00e0 la [&hellip;]\" \/>\n<meta property=\"og:url\" content=\"https:\/\/www.hotelcarlton.net\/fr\/services\/cyclotourisme-2\/\" \/>\n<meta property=\"og:site_name\" content=\"Hotel Carlton\" \/>\n<meta property=\"article:modified_time\" content=\"2019-05-09T07:48:58+00:00\" \/>\n<meta name=\"twitter:card\" content=\"summary_large_image\" \/>\n<meta name=\"twitter:label1\" content=\"Dur\u00e9e de lecture estim\u00e9e\" \/>\n\t<meta name=\"twitter:data1\" content=\"2 minutes\" \/>\n<script type=\"application\/ld+json\" class=\"yoast-schema-graph\">{\"@context\":\"https:\/\/schema.org\",\"@graph\":[{\"@type\":\"WebPage\",\"@id\":\"https:\/\/www.hotelcarlton.net\/fr\/services\/cyclotourisme-2\/\",\"url\":\"https:\/\/www.hotelcarlton.net\/fr\/services\/cyclotourisme-2\/\",\"name\":\"Cyclotourisme - Hotel Carlton\",\"isPartOf\":{\"@id\":\"https:\/\/www.hotelcarlton.net\/fr\/#website\"},\"datePublished\":\"2019-03-25T14:02:15+00:00\",\"dateModified\":\"2019-05-09T07:48:58+00:00\",\"breadcrumb\":{\"@id\":\"https:\/\/www.hotelcarlton.net\/fr\/services\/cyclotourisme-2\/#breadcrumb\"},\"inLanguage\":\"fr-FR\",\"potentialAction\":[{\"@type\":\"ReadAction\",\"target\":[\"https:\/\/www.hotelcarlton.net\/fr\/services\/cyclotourisme-2\/\"]}]},{\"@type\":\"BreadcrumbList\",\"@id\":\"https:\/\/www.hotelcarlton.net\/fr\/services\/cyclotourisme-2\/#breadcrumb\",\"itemListElement\":[{\"@type\":\"ListItem\",\"position\":1,\"name\":\"Home\",\"item\":\"https:\/\/www.hotelcarlton.net\/fr\/\"},{\"@type\":\"ListItem\",\"position\":2,\"name\":\"Services\",\"item\":\"https:\/\/www.hotelcarlton.net\/fr\/services\/\"},{\"@type\":\"ListItem\",\"position\":3,\"name\":\"Cyclotourisme\"}]},{\"@type\":\"WebSite\",\"@id\":\"https:\/\/www.hotelcarlton.net\/fr\/#website\",\"url\":\"https:\/\/www.hotelcarlton.net\/fr\/\",\"name\":\"Hotel Carlton\",\"description\":\"Ecco un altro sito ms.decms.eu\",\"potentialAction\":[{\"@type\":\"SearchAction\",\"target\":{\"@type\":\"EntryPoint\",\"urlTemplate\":\"https:\/\/www.hotelcarlton.net\/fr\/?s={search_term_string}\"},\"query-input\":{\"@type\":\"PropertyValueSpecification\",\"valueRequired\":true,\"valueName\":\"search_term_string\"}}],\"inLanguage\":\"fr-FR\"}]}<\/script>\n<!-- \/ Yoast SEO plugin. -->","yoast_head_json":{"title":"Cyclotourisme - Hotel Carlton","robots":{"index":"index","follow":"follow","max-snippet":"max-snippet:-1","max-image-preview":"max-image-preview:large","max-video-preview":"max-video-preview:-1"},"canonical":"https:\/\/www.hotelcarlton.net\/fr\/services\/cyclotourisme-2\/","og_locale":"fr_FR","og_type":"article","og_title":"Cyclotourisme - Hotel Carlton","og_description":"\u201cFerrare, ville des bicyclettes\u201d, ce n\u2019est pas un simple slogan publicitaire\u2026 Le v\u00e9lo est v\u00e9ritablement dans les g\u00e8nes de tous les ferrarais ; nous l\u2019utilisons pour aller travailler, pour aller prendre un ap\u00e9ritif entre amis, pour faire nos courses, emmener nos enfants \u00e0 l\u2019\u00e9cole ou encore faire de belles promenades en ville ou \u00e0 la [&hellip;]","og_url":"https:\/\/www.hotelcarlton.net\/fr\/services\/cyclotourisme-2\/","og_site_name":"Hotel Carlton","article_modified_time":"2019-05-09T07:48:58+00:00","twitter_card":"summary_large_image","twitter_misc":{"Dur\u00e9e de lecture estim\u00e9e":"2 minutes"},"schema":{"@context":"https:\/\/schema.org","@graph":[{"@type":"WebPage","@id":"https:\/\/www.hotelcarlton.net\/fr\/services\/cyclotourisme-2\/","url":"https:\/\/www.hotelcarlton.net\/fr\/services\/cyclotourisme-2\/","name":"Cyclotourisme - Hotel Carlton","isPartOf":{"@id":"https:\/\/www.hotelcarlton.net\/fr\/#website"},"datePublished":"2019-03-25T14:02:15+00:00","dateModified":"2019-05-09T07:48:58+00:00","breadcrumb":{"@id":"https:\/\/www.hotelcarlton.net\/fr\/services\/cyclotourisme-2\/#breadcrumb"},"inLanguage":"fr-FR","potentialAction":[{"@type":"ReadAction","target":["https:\/\/www.hotelcarlton.net\/fr\/services\/cyclotourisme-2\/"]}]},{"@type":"BreadcrumbList","@id":"https:\/\/www.hotelcarlton.net\/fr\/services\/cyclotourisme-2\/#breadcrumb","itemListElement":[{"@type":"ListItem","position":1,"name":"Home","item":"https:\/\/www.hotelcarlton.net\/fr\/"},{"@type":"ListItem","position":2,"name":"Services","item":"https:\/\/www.hotelcarlton.net\/fr\/services\/"},{"@type":"ListItem","position":3,"name":"Cyclotourisme"}]},{"@type":"WebSite","@id":"https:\/\/www.hotelcarlton.net\/fr\/#website","url":"https:\/\/www.hotelcarlton.net\/fr\/","name":"Hotel Carlton","description":"Ecco un altro sito ms.decms.eu","potentialAction":[{"@type":"SearchAction","target":{"@type":"EntryPoint","urlTemplate":"https:\/\/www.hotelcarlton.net\/fr\/?s={search_term_string}"},"query-input":{"@type":"PropertyValueSpecification","valueRequired":true,"valueName":"search_term_string"}}],"inLanguage":"fr-FR"}]}},"acf":[],"_links":{"self":[{"href":"https:\/\/www.hotelcarlton.net\/fr\/wp-json\/wp\/v2\/pages\/2624","targetHints":{"allow":["GET"]}}],"collection":[{"href":"https:\/\/www.hotelcarlton.net\/fr\/wp-json\/wp\/v2\/pages"}],"about":[{"href":"https:\/\/www.hotelcarlton.net\/fr\/wp-json\/wp\/v2\/types\/page"}],"author":[{"embeddable":true,"href":"https:\/\/www.hotelcarlton.net\/fr\/wp-json\/wp\/v2\/users\/13"}],"replies":[{"embeddable":true,"href":"https:\/\/www.hotelcarlton.net\/fr\/wp-json\/wp\/v2\/comments?post=2624"}],"version-history":[{"count":0,"href":"https:\/\/www.hotelcarlton.net\/fr\/wp-json\/wp\/v2\/pages\/2624\/revisions"}],"up":[{"embeddable":true,"href":"https:\/\/www.hotelcarlton.net\/fr\/wp-json\/wp\/v2\/pages\/2656"}],"wp:attachment":[{"href":"https:\/\/www.hotelcarlton.net\/fr\/wp-json\/wp\/v2\/media?parent=2624"}],"curies":[{"name":"wp","href":"https:\/\/api.w.org\/{rel}","templated":true}]}}