{"id":2614,"date":"2019-04-18T09:12:11","date_gmt":"2019-04-18T07:12:11","guid":{"rendered":"http:\/\/hotelcarlton.ms.decms.eu\/?page_id=2614"},"modified":"2019-04-18T09:12:11","modified_gmt":"2019-04-18T07:12:11","slug":"salle-de-gym","status":"publish","type":"page","link":"https:\/\/www.hotelcarlton.net\/fr\/services\/salle-de-gym\/","title":{"rendered":"Salle de Gym"},"content":{"rendered":"<p>Utilisez notre salle \u201cTechnogym\u201d pour rester en forme m\u00eame loin de chez vous. V\u00e9lo, tapis de course, banc de musculation et Wellness ball sont \u00e0 votre disposition gratuitement sur 24 m<sup>2<\/sup>\u00a0de bien-\u00eatre\u00a0!<\/p>\n","protected":false},"excerpt":{"rendered":"<p>Utilisez notre salle \u201cTechnogym\u201d pour rester en forme m\u00eame loin de chez vous. V\u00e9lo, tapis de course, banc de musculation et Wellness ball sont \u00e0 votre disposition gratuitement sur 24 m2\u00a0de bien-\u00eatre\u00a0!<\/p>\n","protected":false},"author":21,"featured_media":0,"parent":2656,"menu_order":5,"comment_status":"closed","ping_status":"closed","template":"","meta":{"footnotes":""},"class_list":["post-2614","page","type-page","status-publish","hentry"],"yoast_head":"<!-- This site is optimized with the Yoast SEO plugin v26.9 - https:\/\/yoast.com\/product\/yoast-seo-wordpress\/ -->\n<title>Salle de Gym - Hotel Carlton<\/title>\n<meta name=\"robots\" content=\"index, follow, max-snippet:-1, max-image-preview:large, max-video-preview:-1\" \/>\n<link rel=\"canonical\" href=\"https:\/\/www.hotelcarlton.net\/fr\/services\/salle-de-gym\/\" \/>\n<meta property=\"og:locale\" content=\"fr_FR\" \/>\n<meta property=\"og:type\" content=\"article\" \/>\n<meta property=\"og:title\" content=\"Salle de Gym - Hotel Carlton\" \/>\n<meta property=\"og:description\" content=\"Utilisez notre salle \u201cTechnogym\u201d pour rester en forme m\u00eame loin de chez vous. V\u00e9lo, tapis de course, banc de musculation et Wellness ball sont \u00e0 votre disposition gratuitement sur 24 m2\u00a0de bien-\u00eatre\u00a0!\" \/>\n<meta property=\"og:url\" content=\"https:\/\/www.hotelcarlton.net\/fr\/services\/salle-de-gym\/\" \/>\n<meta property=\"og:site_name\" content=\"Hotel Carlton\" \/>\n<meta name=\"twitter:card\" content=\"summary_large_image\" \/>\n<script type=\"application\/ld+json\" class=\"yoast-schema-graph\">{\"@context\":\"https:\/\/schema.org\",\"@graph\":[{\"@type\":\"WebPage\",\"@id\":\"https:\/\/www.hotelcarlton.net\/fr\/services\/salle-de-gym\/\",\"url\":\"https:\/\/www.hotelcarlton.net\/fr\/services\/salle-de-gym\/\",\"name\":\"Salle de Gym - Hotel Carlton\",\"isPartOf\":{\"@id\":\"https:\/\/www.hotelcarlton.net\/fr\/#website\"},\"datePublished\":\"2019-04-18T07:12:11+00:00\",\"breadcrumb\":{\"@id\":\"https:\/\/www.hotelcarlton.net\/fr\/services\/salle-de-gym\/#breadcrumb\"},\"inLanguage\":\"fr-FR\",\"potentialAction\":[{\"@type\":\"ReadAction\",\"target\":[\"https:\/\/www.hotelcarlton.net\/fr\/services\/salle-de-gym\/\"]}]},{\"@type\":\"BreadcrumbList\",\"@id\":\"https:\/\/www.hotelcarlton.net\/fr\/services\/salle-de-gym\/#breadcrumb\",\"itemListElement\":[{\"@type\":\"ListItem\",\"position\":1,\"name\":\"Home\",\"item\":\"https:\/\/www.hotelcarlton.net\/fr\/\"},{\"@type\":\"ListItem\",\"position\":2,\"name\":\"Services\",\"item\":\"https:\/\/www.hotelcarlton.net\/fr\/services\/\"},{\"@type\":\"ListItem\",\"position\":3,\"name\":\"Salle de Gym\"}]},{\"@type\":\"WebSite\",\"@id\":\"https:\/\/www.hotelcarlton.net\/fr\/#website\",\"url\":\"https:\/\/www.hotelcarlton.net\/fr\/\",\"name\":\"Hotel Carlton\",\"description\":\"Ecco un altro sito ms.decms.eu\",\"potentialAction\":[{\"@type\":\"SearchAction\",\"target\":{\"@type\":\"EntryPoint\",\"urlTemplate\":\"https:\/\/www.hotelcarlton.net\/fr\/?s={search_term_string}\"},\"query-input\":{\"@type\":\"PropertyValueSpecification\",\"valueRequired\":true,\"valueName\":\"search_term_string\"}}],\"inLanguage\":\"fr-FR\"}]}<\/script>\n<!-- \/ Yoast SEO plugin. -->","yoast_head_json":{"title":"Salle de Gym - Hotel Carlton","robots":{"index":"index","follow":"follow","max-snippet":"max-snippet:-1","max-image-preview":"max-image-preview:large","max-video-preview":"max-video-preview:-1"},"canonical":"https:\/\/www.hotelcarlton.net\/fr\/services\/salle-de-gym\/","og_locale":"fr_FR","og_type":"article","og_title":"Salle de Gym - Hotel Carlton","og_description":"Utilisez notre salle \u201cTechnogym\u201d pour rester en forme m\u00eame loin de chez vous. V\u00e9lo, tapis de course, banc de musculation et Wellness ball sont \u00e0 votre disposition gratuitement sur 24 m2\u00a0de bien-\u00eatre\u00a0!","og_url":"https:\/\/www.hotelcarlton.net\/fr\/services\/salle-de-gym\/","og_site_name":"Hotel Carlton","twitter_card":"summary_large_image","schema":{"@context":"https:\/\/schema.org","@graph":[{"@type":"WebPage","@id":"https:\/\/www.hotelcarlton.net\/fr\/services\/salle-de-gym\/","url":"https:\/\/www.hotelcarlton.net\/fr\/services\/salle-de-gym\/","name":"Salle de Gym - Hotel Carlton","isPartOf":{"@id":"https:\/\/www.hotelcarlton.net\/fr\/#website"},"datePublished":"2019-04-18T07:12:11+00:00","breadcrumb":{"@id":"https:\/\/www.hotelcarlton.net\/fr\/services\/salle-de-gym\/#breadcrumb"},"inLanguage":"fr-FR","potentialAction":[{"@type":"ReadAction","target":["https:\/\/www.hotelcarlton.net\/fr\/services\/salle-de-gym\/"]}]},{"@type":"BreadcrumbList","@id":"https:\/\/www.hotelcarlton.net\/fr\/services\/salle-de-gym\/#breadcrumb","itemListElement":[{"@type":"ListItem","position":1,"name":"Home","item":"https:\/\/www.hotelcarlton.net\/fr\/"},{"@type":"ListItem","position":2,"name":"Services","item":"https:\/\/www.hotelcarlton.net\/fr\/services\/"},{"@type":"ListItem","position":3,"name":"Salle de Gym"}]},{"@type":"WebSite","@id":"https:\/\/www.hotelcarlton.net\/fr\/#website","url":"https:\/\/www.hotelcarlton.net\/fr\/","name":"Hotel Carlton","description":"Ecco un altro sito ms.decms.eu","potentialAction":[{"@type":"SearchAction","target":{"@type":"EntryPoint","urlTemplate":"https:\/\/www.hotelcarlton.net\/fr\/?s={search_term_string}"},"query-input":{"@type":"PropertyValueSpecification","valueRequired":true,"valueName":"search_term_string"}}],"inLanguage":"fr-FR"}]}},"acf":[],"_links":{"self":[{"href":"https:\/\/www.hotelcarlton.net\/fr\/wp-json\/wp\/v2\/pages\/2614","targetHints":{"allow":["GET"]}}],"collection":[{"href":"https:\/\/www.hotelcarlton.net\/fr\/wp-json\/wp\/v2\/pages"}],"about":[{"href":"https:\/\/www.hotelcarlton.net\/fr\/wp-json\/wp\/v2\/types\/page"}],"author":[{"embeddable":true,"href":"https:\/\/www.hotelcarlton.net\/fr\/wp-json\/wp\/v2\/users\/21"}],"replies":[{"embeddable":true,"href":"https:\/\/www.hotelcarlton.net\/fr\/wp-json\/wp\/v2\/comments?post=2614"}],"version-history":[{"count":0,"href":"https:\/\/www.hotelcarlton.net\/fr\/wp-json\/wp\/v2\/pages\/2614\/revisions"}],"up":[{"embeddable":true,"href":"https:\/\/www.hotelcarlton.net\/fr\/wp-json\/wp\/v2\/pages\/2656"}],"wp:attachment":[{"href":"https:\/\/www.hotelcarlton.net\/fr\/wp-json\/wp\/v2\/media?parent=2614"}],"curies":[{"name":"wp","href":"https:\/\/api.w.org\/{rel}","templated":true}]}}