{"id":2551,"date":"2019-03-20T14:03:46","date_gmt":"2019-03-20T13:03:46","guid":{"rendered":"http:\/\/hotelcarlton.ms.decms.eu\/les-chambres\/superior-zimmer\/"},"modified":"2019-04-17T15:35:59","modified_gmt":"2019-04-17T13:35:59","slug":"chambre-superieure-2","status":"publish","type":"page","link":"https:\/\/www.hotelcarlton.net\/fr\/les-chambres\/chambre-superieure-2\/","title":{"rendered":"Chambre Sup\u00e9rieure"},"content":{"rendered":"<p><strong>\u201cPour ceux qui souhaitent \u00eatre chouchout\u00e9s!\u201d<\/strong><br \/>\nDans nos chambres superior vous pourrez b\u00e9n\u00e9ficier gratuitement des principales chaines satellite SKY, en buvant un th\u00e9 ou un caf\u00e9 pr\u00e9par\u00e9 avec la bouilloire mise \u00e0 votre disposition. Vous trouverez beaucoup d\u2019espace pour plus de confort.<\/p>\n<p>Connexion Wi-Fi illimit\u00e9e, t\u00e9l\u00e9viseur LCD Philips avec \u00e9cran 32\u201d, chaines tv sat e SKY, t\u00e9l\u00e9phone, minibar, coffre-fort \u00e9lectronique, sanitaires Pozzi &amp; Ginori, douche ou baignoire, s\u00e8che-cheveux, bouilloire th\u00e9\/caf\u00e9, armoires en bois naturel, sol anti allergique LTE Plankwood, chambres fumeurs et non-fumeurs.<\/p>\n<p><strong>Dimensions:<\/strong> 23-24 mq<\/p>\n","protected":false},"excerpt":{"rendered":"<p>\u201cPour ceux qui souhaitent \u00eatre chouchout\u00e9s!\u201d Dans nos chambres superior vous pourrez b\u00e9n\u00e9ficier gratuitement des principales chaines satellite SKY, en buvant un th\u00e9 ou un caf\u00e9 pr\u00e9par\u00e9 avec la bouilloire mise \u00e0 votre disposition. Vous trouverez beaucoup d\u2019espace pour plus de confort. Connexion Wi-Fi illimit\u00e9e, t\u00e9l\u00e9viseur LCD Philips avec \u00e9cran 32\u201d, chaines tv sat e [&hellip;]<\/p>\n","protected":false},"author":13,"featured_media":0,"parent":2533,"menu_order":2,"comment_status":"closed","ping_status":"closed","template":"template-single-room.php","meta":{"footnotes":""},"class_list":["post-2551","page","type-page","status-publish","hentry"],"yoast_head":"<!-- This site is optimized with the Yoast SEO plugin v26.9 - https:\/\/yoast.com\/product\/yoast-seo-wordpress\/ -->\n<title>Chambre Sup\u00e9rieure - Hotel Carlton<\/title>\n<meta name=\"robots\" content=\"index, follow, max-snippet:-1, max-image-preview:large, max-video-preview:-1\" \/>\n<link rel=\"canonical\" href=\"https:\/\/www.hotelcarlton.net\/fr\/les-chambres\/chambre-superieure-2\/\" \/>\n<meta property=\"og:locale\" content=\"fr_FR\" \/>\n<meta property=\"og:type\" content=\"article\" \/>\n<meta property=\"og:title\" content=\"Chambre Sup\u00e9rieure - Hotel Carlton\" \/>\n<meta property=\"og:description\" content=\"\u201cPour ceux qui souhaitent \u00eatre chouchout\u00e9s!\u201d Dans nos chambres superior vous pourrez b\u00e9n\u00e9ficier gratuitement des principales chaines satellite SKY, en buvant un th\u00e9 ou un caf\u00e9 pr\u00e9par\u00e9 avec la bouilloire mise \u00e0 votre disposition. Vous trouverez beaucoup d\u2019espace pour plus de confort. Connexion Wi-Fi illimit\u00e9e, t\u00e9l\u00e9viseur LCD Philips avec \u00e9cran 32\u201d, chaines tv sat e [&hellip;]\" \/>\n<meta property=\"og:url\" content=\"https:\/\/www.hotelcarlton.net\/fr\/les-chambres\/chambre-superieure-2\/\" \/>\n<meta property=\"og:site_name\" content=\"Hotel Carlton\" \/>\n<meta property=\"article:modified_time\" content=\"2019-04-17T13:35:59+00:00\" \/>\n<meta name=\"twitter:card\" content=\"summary_large_image\" \/>\n<script type=\"application\/ld+json\" class=\"yoast-schema-graph\">{\"@context\":\"https:\/\/schema.org\",\"@graph\":[{\"@type\":\"WebPage\",\"@id\":\"https:\/\/www.hotelcarlton.net\/fr\/les-chambres\/chambre-superieure-2\/\",\"url\":\"https:\/\/www.hotelcarlton.net\/fr\/les-chambres\/chambre-superieure-2\/\",\"name\":\"Chambre Sup\u00e9rieure - Hotel Carlton\",\"isPartOf\":{\"@id\":\"https:\/\/www.hotelcarlton.net\/fr\/#website\"},\"datePublished\":\"2019-03-20T13:03:46+00:00\",\"dateModified\":\"2019-04-17T13:35:59+00:00\",\"breadcrumb\":{\"@id\":\"https:\/\/www.hotelcarlton.net\/fr\/les-chambres\/chambre-superieure-2\/#breadcrumb\"},\"inLanguage\":\"fr-FR\",\"potentialAction\":[{\"@type\":\"ReadAction\",\"target\":[\"https:\/\/www.hotelcarlton.net\/fr\/les-chambres\/chambre-superieure-2\/\"]}]},{\"@type\":\"BreadcrumbList\",\"@id\":\"https:\/\/www.hotelcarlton.net\/fr\/les-chambres\/chambre-superieure-2\/#breadcrumb\",\"itemListElement\":[{\"@type\":\"ListItem\",\"position\":1,\"name\":\"Home\",\"item\":\"https:\/\/www.hotelcarlton.net\/fr\/\"},{\"@type\":\"ListItem\",\"position\":2,\"name\":\"Les Chambres\",\"item\":\"https:\/\/www.hotelcarlton.net\/fr\/les-chambres\/\"},{\"@type\":\"ListItem\",\"position\":3,\"name\":\"Chambre Sup\u00e9rieure\"}]},{\"@type\":\"WebSite\",\"@id\":\"https:\/\/www.hotelcarlton.net\/fr\/#website\",\"url\":\"https:\/\/www.hotelcarlton.net\/fr\/\",\"name\":\"Hotel Carlton\",\"description\":\"Ecco un altro sito ms.decms.eu\",\"potentialAction\":[{\"@type\":\"SearchAction\",\"target\":{\"@type\":\"EntryPoint\",\"urlTemplate\":\"https:\/\/www.hotelcarlton.net\/fr\/?s={search_term_string}\"},\"query-input\":{\"@type\":\"PropertyValueSpecification\",\"valueRequired\":true,\"valueName\":\"search_term_string\"}}],\"inLanguage\":\"fr-FR\"}]}<\/script>\n<!-- \/ Yoast SEO plugin. -->","yoast_head_json":{"title":"Chambre Sup\u00e9rieure - Hotel Carlton","robots":{"index":"index","follow":"follow","max-snippet":"max-snippet:-1","max-image-preview":"max-image-preview:large","max-video-preview":"max-video-preview:-1"},"canonical":"https:\/\/www.hotelcarlton.net\/fr\/les-chambres\/chambre-superieure-2\/","og_locale":"fr_FR","og_type":"article","og_title":"Chambre Sup\u00e9rieure - Hotel Carlton","og_description":"\u201cPour ceux qui souhaitent \u00eatre chouchout\u00e9s!\u201d Dans nos chambres superior vous pourrez b\u00e9n\u00e9ficier gratuitement des principales chaines satellite SKY, en buvant un th\u00e9 ou un caf\u00e9 pr\u00e9par\u00e9 avec la bouilloire mise \u00e0 votre disposition. Vous trouverez beaucoup d\u2019espace pour plus de confort. Connexion Wi-Fi illimit\u00e9e, t\u00e9l\u00e9viseur LCD Philips avec \u00e9cran 32\u201d, chaines tv sat e [&hellip;]","og_url":"https:\/\/www.hotelcarlton.net\/fr\/les-chambres\/chambre-superieure-2\/","og_site_name":"Hotel Carlton","article_modified_time":"2019-04-17T13:35:59+00:00","twitter_card":"summary_large_image","schema":{"@context":"https:\/\/schema.org","@graph":[{"@type":"WebPage","@id":"https:\/\/www.hotelcarlton.net\/fr\/les-chambres\/chambre-superieure-2\/","url":"https:\/\/www.hotelcarlton.net\/fr\/les-chambres\/chambre-superieure-2\/","name":"Chambre Sup\u00e9rieure - Hotel Carlton","isPartOf":{"@id":"https:\/\/www.hotelcarlton.net\/fr\/#website"},"datePublished":"2019-03-20T13:03:46+00:00","dateModified":"2019-04-17T13:35:59+00:00","breadcrumb":{"@id":"https:\/\/www.hotelcarlton.net\/fr\/les-chambres\/chambre-superieure-2\/#breadcrumb"},"inLanguage":"fr-FR","potentialAction":[{"@type":"ReadAction","target":["https:\/\/www.hotelcarlton.net\/fr\/les-chambres\/chambre-superieure-2\/"]}]},{"@type":"BreadcrumbList","@id":"https:\/\/www.hotelcarlton.net\/fr\/les-chambres\/chambre-superieure-2\/#breadcrumb","itemListElement":[{"@type":"ListItem","position":1,"name":"Home","item":"https:\/\/www.hotelcarlton.net\/fr\/"},{"@type":"ListItem","position":2,"name":"Les Chambres","item":"https:\/\/www.hotelcarlton.net\/fr\/les-chambres\/"},{"@type":"ListItem","position":3,"name":"Chambre Sup\u00e9rieure"}]},{"@type":"WebSite","@id":"https:\/\/www.hotelcarlton.net\/fr\/#website","url":"https:\/\/www.hotelcarlton.net\/fr\/","name":"Hotel Carlton","description":"Ecco un altro sito ms.decms.eu","potentialAction":[{"@type":"SearchAction","target":{"@type":"EntryPoint","urlTemplate":"https:\/\/www.hotelcarlton.net\/fr\/?s={search_term_string}"},"query-input":{"@type":"PropertyValueSpecification","valueRequired":true,"valueName":"search_term_string"}}],"inLanguage":"fr-FR"}]}},"acf":[],"_links":{"self":[{"href":"https:\/\/www.hotelcarlton.net\/fr\/wp-json\/wp\/v2\/pages\/2551","targetHints":{"allow":["GET"]}}],"collection":[{"href":"https:\/\/www.hotelcarlton.net\/fr\/wp-json\/wp\/v2\/pages"}],"about":[{"href":"https:\/\/www.hotelcarlton.net\/fr\/wp-json\/wp\/v2\/types\/page"}],"author":[{"embeddable":true,"href":"https:\/\/www.hotelcarlton.net\/fr\/wp-json\/wp\/v2\/users\/13"}],"replies":[{"embeddable":true,"href":"https:\/\/www.hotelcarlton.net\/fr\/wp-json\/wp\/v2\/comments?post=2551"}],"version-history":[{"count":0,"href":"https:\/\/www.hotelcarlton.net\/fr\/wp-json\/wp\/v2\/pages\/2551\/revisions"}],"up":[{"embeddable":true,"href":"https:\/\/www.hotelcarlton.net\/fr\/wp-json\/wp\/v2\/pages\/2533"}],"wp:attachment":[{"href":"https:\/\/www.hotelcarlton.net\/fr\/wp-json\/wp\/v2\/media?parent=2551"}],"curies":[{"name":"wp","href":"https:\/\/api.w.org\/{rel}","templated":true}]}}