{"id":2539,"date":"2019-03-20T14:03:21","date_gmt":"2019-03-20T13:03:21","guid":{"rendered":"http:\/\/hotelcarlton.ms.decms.eu\/les-chambres\/classic-room\/"},"modified":"2019-04-17T15:18:25","modified_gmt":"2019-04-17T13:18:25","slug":"chambre-standard","status":"publish","type":"page","link":"https:\/\/www.hotelcarlton.net\/fr\/les-chambres\/chambre-standard\/","title":{"rendered":"Chambre Standard"},"content":{"rendered":"<p>Connexion Wi-Fi illimit\u00e9e, t\u00e9l\u00e9viseur LCD Philips avec \u00e9cran 32\u201d ou 28\u201d dans les chambres single, chaines tv sat e <strong>SKY<\/strong>, t\u00e9l\u00e9phone, minibar, coffre-fort \u00e9lectronique, sanitaires Pozzi &amp; Ginori, douche ou baignoire, s\u00e8che-cheveux, armoires en bois naturel, couettes, sol anti allergique LTE Plankwood, chambres non-fumeurs, chambres pour personnes \u00e0 mobilit\u00e9 r\u00e9duite.<\/p>\n<p><strong>Dimensions:<\/strong> 14-23 mq<\/p>\n","protected":false},"excerpt":{"rendered":"<p>Connexion Wi-Fi illimit\u00e9e, t\u00e9l\u00e9viseur LCD Philips avec \u00e9cran 32\u201d ou 28\u201d dans les chambres single, chaines tv sat e SKY, t\u00e9l\u00e9phone, minibar, coffre-fort \u00e9lectronique, sanitaires Pozzi &amp; Ginori, douche ou baignoire, s\u00e8che-cheveux, armoires en bois naturel, couettes, sol anti allergique LTE Plankwood, chambres non-fumeurs, chambres pour personnes \u00e0 mobilit\u00e9 r\u00e9duite. Dimensions: 14-23 mq<\/p>\n","protected":false},"author":13,"featured_media":0,"parent":2533,"menu_order":1,"comment_status":"closed","ping_status":"closed","template":"template-single-room.php","meta":{"footnotes":""},"class_list":["post-2539","page","type-page","status-publish","hentry"],"yoast_head":"<!-- This site is optimized with the Yoast SEO plugin v26.9 - https:\/\/yoast.com\/product\/yoast-seo-wordpress\/ -->\n<title>Chambre Standard - Hotel Carlton<\/title>\n<meta name=\"robots\" content=\"index, follow, max-snippet:-1, max-image-preview:large, max-video-preview:-1\" \/>\n<link rel=\"canonical\" href=\"https:\/\/www.hotelcarlton.net\/fr\/les-chambres\/chambre-standard\/\" \/>\n<meta property=\"og:locale\" content=\"fr_FR\" \/>\n<meta property=\"og:type\" content=\"article\" \/>\n<meta property=\"og:title\" content=\"Chambre Standard - Hotel Carlton\" \/>\n<meta property=\"og:description\" content=\"Connexion Wi-Fi illimit\u00e9e, t\u00e9l\u00e9viseur LCD Philips avec \u00e9cran 32\u201d ou 28\u201d dans les chambres single, chaines tv sat e SKY, t\u00e9l\u00e9phone, minibar, coffre-fort \u00e9lectronique, sanitaires Pozzi &amp; Ginori, douche ou baignoire, s\u00e8che-cheveux, armoires en bois naturel, couettes, sol anti allergique LTE Plankwood, chambres non-fumeurs, chambres pour personnes \u00e0 mobilit\u00e9 r\u00e9duite. Dimensions: 14-23 mq\" \/>\n<meta property=\"og:url\" content=\"https:\/\/www.hotelcarlton.net\/fr\/les-chambres\/chambre-standard\/\" \/>\n<meta property=\"og:site_name\" content=\"Hotel Carlton\" \/>\n<meta property=\"article:modified_time\" content=\"2019-04-17T13:18:25+00:00\" \/>\n<meta name=\"twitter:card\" content=\"summary_large_image\" \/>\n<script type=\"application\/ld+json\" class=\"yoast-schema-graph\">{\"@context\":\"https:\/\/schema.org\",\"@graph\":[{\"@type\":\"WebPage\",\"@id\":\"https:\/\/www.hotelcarlton.net\/fr\/les-chambres\/chambre-standard\/\",\"url\":\"https:\/\/www.hotelcarlton.net\/fr\/les-chambres\/chambre-standard\/\",\"name\":\"Chambre Standard - Hotel Carlton\",\"isPartOf\":{\"@id\":\"https:\/\/www.hotelcarlton.net\/fr\/#website\"},\"datePublished\":\"2019-03-20T13:03:21+00:00\",\"dateModified\":\"2019-04-17T13:18:25+00:00\",\"breadcrumb\":{\"@id\":\"https:\/\/www.hotelcarlton.net\/fr\/les-chambres\/chambre-standard\/#breadcrumb\"},\"inLanguage\":\"fr-FR\",\"potentialAction\":[{\"@type\":\"ReadAction\",\"target\":[\"https:\/\/www.hotelcarlton.net\/fr\/les-chambres\/chambre-standard\/\"]}]},{\"@type\":\"BreadcrumbList\",\"@id\":\"https:\/\/www.hotelcarlton.net\/fr\/les-chambres\/chambre-standard\/#breadcrumb\",\"itemListElement\":[{\"@type\":\"ListItem\",\"position\":1,\"name\":\"Home\",\"item\":\"https:\/\/www.hotelcarlton.net\/fr\/\"},{\"@type\":\"ListItem\",\"position\":2,\"name\":\"Les Chambres\",\"item\":\"https:\/\/www.hotelcarlton.net\/fr\/les-chambres\/\"},{\"@type\":\"ListItem\",\"position\":3,\"name\":\"Chambre Standard\"}]},{\"@type\":\"WebSite\",\"@id\":\"https:\/\/www.hotelcarlton.net\/fr\/#website\",\"url\":\"https:\/\/www.hotelcarlton.net\/fr\/\",\"name\":\"Hotel Carlton\",\"description\":\"Ecco un altro sito ms.decms.eu\",\"potentialAction\":[{\"@type\":\"SearchAction\",\"target\":{\"@type\":\"EntryPoint\",\"urlTemplate\":\"https:\/\/www.hotelcarlton.net\/fr\/?s={search_term_string}\"},\"query-input\":{\"@type\":\"PropertyValueSpecification\",\"valueRequired\":true,\"valueName\":\"search_term_string\"}}],\"inLanguage\":\"fr-FR\"}]}<\/script>\n<!-- \/ Yoast SEO plugin. -->","yoast_head_json":{"title":"Chambre Standard - Hotel Carlton","robots":{"index":"index","follow":"follow","max-snippet":"max-snippet:-1","max-image-preview":"max-image-preview:large","max-video-preview":"max-video-preview:-1"},"canonical":"https:\/\/www.hotelcarlton.net\/fr\/les-chambres\/chambre-standard\/","og_locale":"fr_FR","og_type":"article","og_title":"Chambre Standard - Hotel Carlton","og_description":"Connexion Wi-Fi illimit\u00e9e, t\u00e9l\u00e9viseur LCD Philips avec \u00e9cran 32\u201d ou 28\u201d dans les chambres single, chaines tv sat e SKY, t\u00e9l\u00e9phone, minibar, coffre-fort \u00e9lectronique, sanitaires Pozzi &amp; Ginori, douche ou baignoire, s\u00e8che-cheveux, armoires en bois naturel, couettes, sol anti allergique LTE Plankwood, chambres non-fumeurs, chambres pour personnes \u00e0 mobilit\u00e9 r\u00e9duite. Dimensions: 14-23 mq","og_url":"https:\/\/www.hotelcarlton.net\/fr\/les-chambres\/chambre-standard\/","og_site_name":"Hotel Carlton","article_modified_time":"2019-04-17T13:18:25+00:00","twitter_card":"summary_large_image","schema":{"@context":"https:\/\/schema.org","@graph":[{"@type":"WebPage","@id":"https:\/\/www.hotelcarlton.net\/fr\/les-chambres\/chambre-standard\/","url":"https:\/\/www.hotelcarlton.net\/fr\/les-chambres\/chambre-standard\/","name":"Chambre Standard - Hotel Carlton","isPartOf":{"@id":"https:\/\/www.hotelcarlton.net\/fr\/#website"},"datePublished":"2019-03-20T13:03:21+00:00","dateModified":"2019-04-17T13:18:25+00:00","breadcrumb":{"@id":"https:\/\/www.hotelcarlton.net\/fr\/les-chambres\/chambre-standard\/#breadcrumb"},"inLanguage":"fr-FR","potentialAction":[{"@type":"ReadAction","target":["https:\/\/www.hotelcarlton.net\/fr\/les-chambres\/chambre-standard\/"]}]},{"@type":"BreadcrumbList","@id":"https:\/\/www.hotelcarlton.net\/fr\/les-chambres\/chambre-standard\/#breadcrumb","itemListElement":[{"@type":"ListItem","position":1,"name":"Home","item":"https:\/\/www.hotelcarlton.net\/fr\/"},{"@type":"ListItem","position":2,"name":"Les Chambres","item":"https:\/\/www.hotelcarlton.net\/fr\/les-chambres\/"},{"@type":"ListItem","position":3,"name":"Chambre Standard"}]},{"@type":"WebSite","@id":"https:\/\/www.hotelcarlton.net\/fr\/#website","url":"https:\/\/www.hotelcarlton.net\/fr\/","name":"Hotel Carlton","description":"Ecco un altro sito ms.decms.eu","potentialAction":[{"@type":"SearchAction","target":{"@type":"EntryPoint","urlTemplate":"https:\/\/www.hotelcarlton.net\/fr\/?s={search_term_string}"},"query-input":{"@type":"PropertyValueSpecification","valueRequired":true,"valueName":"search_term_string"}}],"inLanguage":"fr-FR"}]}},"acf":[],"_links":{"self":[{"href":"https:\/\/www.hotelcarlton.net\/fr\/wp-json\/wp\/v2\/pages\/2539","targetHints":{"allow":["GET"]}}],"collection":[{"href":"https:\/\/www.hotelcarlton.net\/fr\/wp-json\/wp\/v2\/pages"}],"about":[{"href":"https:\/\/www.hotelcarlton.net\/fr\/wp-json\/wp\/v2\/types\/page"}],"author":[{"embeddable":true,"href":"https:\/\/www.hotelcarlton.net\/fr\/wp-json\/wp\/v2\/users\/13"}],"replies":[{"embeddable":true,"href":"https:\/\/www.hotelcarlton.net\/fr\/wp-json\/wp\/v2\/comments?post=2539"}],"version-history":[{"count":0,"href":"https:\/\/www.hotelcarlton.net\/fr\/wp-json\/wp\/v2\/pages\/2539\/revisions"}],"up":[{"embeddable":true,"href":"https:\/\/www.hotelcarlton.net\/fr\/wp-json\/wp\/v2\/pages\/2533"}],"wp:attachment":[{"href":"https:\/\/www.hotelcarlton.net\/fr\/wp-json\/wp\/v2\/media?parent=2539"}],"curies":[{"name":"wp","href":"https:\/\/api.w.org\/{rel}","templated":true}]}}