{"id":2533,"date":"2019-04-17T14:59:54","date_gmt":"2019-04-17T12:59:54","guid":{"rendered":"http:\/\/hotelcarlton.ms.decms.eu\/?page_id=2533"},"modified":"2024-02-22T17:57:43","modified_gmt":"2024-02-22T16:57:43","slug":"les-chambres","status":"publish","type":"page","link":"https:\/\/www.hotelcarlton.net\/fr\/les-chambres\/","title":{"rendered":"Les Chambres"},"content":{"rendered":"<p>Le choix de la chambre est un moment important pour le client, c\u2019est pourquoi nos propositions sont claires et en mesure de s\u2019adapter \u00e0 tout type de besoin. Parmi nos 58 chambres vous trouverez la <strong>Classica<\/strong>, la<strong> Superior<\/strong> et la <strong>Panoramica<\/strong>, toutes disponibles en version single, twin, double ou triple. Elles se diff\u00e9rencient par les services inclus et par leur position dans le b\u00e2timent, mais elles sont toutes dot\u00e9es de salles de bains modernes, r\u00e9cemment r\u00e9nov\u00e9es, avec douche ou baignoire, <strong>connexion Wi-Fi illimit\u00e9e<\/strong>, t\u00e9l\u00e9viseur LCD Philips avec \u00e9cran 32\u201d ou 28\u201d (dans certaines chambres single), climatisation et chauffage \u00e0 contr\u00f4le autonome, s\u00e8che-cheveux, armoires en bois naturel, couettes, oreillers, coffre-fort \u00e9lectronique, minibar, serviettes de bain en \u00e9ponge.<\/p>\n<p>Certaines chambres sont am\u00e9nag\u00e9es pour les clients \u00e0 mobilit\u00e9 r\u00e9duite. Toutes les parties communes sont accessibles.<\/p>\n<p>Toutes nos chambres sont NON FUMEUR<\/p>\n","protected":false},"excerpt":{"rendered":"<p>Le choix de la chambre est un moment important pour le client, c\u2019est pourquoi nos propositions sont claires et en mesure de s\u2019adapter \u00e0 tout type de besoin. Parmi nos 58 chambres vous trouverez la Classica, la Superior et la Panoramica, toutes disponibles en version single, twin, double ou triple. Elles se diff\u00e9rencient par les [&hellip;]<\/p>\n","protected":false},"author":21,"featured_media":0,"parent":0,"menu_order":5,"comment_status":"closed","ping_status":"closed","template":"template-rooms.php","meta":{"footnotes":""},"class_list":["post-2533","page","type-page","status-publish","hentry"],"yoast_head":"<!-- This site is optimized with the Yoast SEO plugin v26.9 - https:\/\/yoast.com\/product\/yoast-seo-wordpress\/ -->\n<title>Les Chambres - Hotel Carlton<\/title>\n<meta name=\"robots\" content=\"index, follow, max-snippet:-1, max-image-preview:large, max-video-preview:-1\" \/>\n<link rel=\"canonical\" href=\"https:\/\/www.hotelcarlton.net\/fr\/les-chambres\/\" \/>\n<meta property=\"og:locale\" content=\"fr_FR\" \/>\n<meta property=\"og:type\" content=\"article\" \/>\n<meta property=\"og:title\" content=\"Les Chambres - Hotel Carlton\" \/>\n<meta property=\"og:description\" content=\"Le choix de la chambre est un moment important pour le client, c\u2019est pourquoi nos propositions sont claires et en mesure de s\u2019adapter \u00e0 tout type de besoin. Parmi nos 58 chambres vous trouverez la Classica, la Superior et la Panoramica, toutes disponibles en version single, twin, double ou triple. Elles se diff\u00e9rencient par les [&hellip;]\" \/>\n<meta property=\"og:url\" content=\"https:\/\/www.hotelcarlton.net\/fr\/les-chambres\/\" \/>\n<meta property=\"og:site_name\" content=\"Hotel Carlton\" \/>\n<meta property=\"article:modified_time\" content=\"2024-02-22T16:57:43+00:00\" \/>\n<meta name=\"twitter:card\" content=\"summary_large_image\" \/>\n<meta name=\"twitter:label1\" content=\"Dur\u00e9e de lecture estim\u00e9e\" \/>\n\t<meta name=\"twitter:data1\" content=\"1 minute\" \/>\n<script type=\"application\/ld+json\" class=\"yoast-schema-graph\">{\"@context\":\"https:\/\/schema.org\",\"@graph\":[{\"@type\":\"WebPage\",\"@id\":\"https:\/\/www.hotelcarlton.net\/fr\/les-chambres\/\",\"url\":\"https:\/\/www.hotelcarlton.net\/fr\/les-chambres\/\",\"name\":\"Les Chambres - Hotel Carlton\",\"isPartOf\":{\"@id\":\"https:\/\/www.hotelcarlton.net\/fr\/#website\"},\"datePublished\":\"2019-04-17T12:59:54+00:00\",\"dateModified\":\"2024-02-22T16:57:43+00:00\",\"breadcrumb\":{\"@id\":\"https:\/\/www.hotelcarlton.net\/fr\/les-chambres\/#breadcrumb\"},\"inLanguage\":\"fr-FR\",\"potentialAction\":[{\"@type\":\"ReadAction\",\"target\":[\"https:\/\/www.hotelcarlton.net\/fr\/les-chambres\/\"]}]},{\"@type\":\"BreadcrumbList\",\"@id\":\"https:\/\/www.hotelcarlton.net\/fr\/les-chambres\/#breadcrumb\",\"itemListElement\":[{\"@type\":\"ListItem\",\"position\":1,\"name\":\"Home\",\"item\":\"https:\/\/www.hotelcarlton.net\/fr\/\"},{\"@type\":\"ListItem\",\"position\":2,\"name\":\"Les Chambres\"}]},{\"@type\":\"WebSite\",\"@id\":\"https:\/\/www.hotelcarlton.net\/fr\/#website\",\"url\":\"https:\/\/www.hotelcarlton.net\/fr\/\",\"name\":\"Hotel Carlton\",\"description\":\"Ecco un altro sito ms.decms.eu\",\"potentialAction\":[{\"@type\":\"SearchAction\",\"target\":{\"@type\":\"EntryPoint\",\"urlTemplate\":\"https:\/\/www.hotelcarlton.net\/fr\/?s={search_term_string}\"},\"query-input\":{\"@type\":\"PropertyValueSpecification\",\"valueRequired\":true,\"valueName\":\"search_term_string\"}}],\"inLanguage\":\"fr-FR\"}]}<\/script>\n<!-- \/ Yoast SEO plugin. -->","yoast_head_json":{"title":"Les Chambres - Hotel Carlton","robots":{"index":"index","follow":"follow","max-snippet":"max-snippet:-1","max-image-preview":"max-image-preview:large","max-video-preview":"max-video-preview:-1"},"canonical":"https:\/\/www.hotelcarlton.net\/fr\/les-chambres\/","og_locale":"fr_FR","og_type":"article","og_title":"Les Chambres - Hotel Carlton","og_description":"Le choix de la chambre est un moment important pour le client, c\u2019est pourquoi nos propositions sont claires et en mesure de s\u2019adapter \u00e0 tout type de besoin. Parmi nos 58 chambres vous trouverez la Classica, la Superior et la Panoramica, toutes disponibles en version single, twin, double ou triple. Elles se diff\u00e9rencient par les [&hellip;]","og_url":"https:\/\/www.hotelcarlton.net\/fr\/les-chambres\/","og_site_name":"Hotel Carlton","article_modified_time":"2024-02-22T16:57:43+00:00","twitter_card":"summary_large_image","twitter_misc":{"Dur\u00e9e de lecture estim\u00e9e":"1 minute"},"schema":{"@context":"https:\/\/schema.org","@graph":[{"@type":"WebPage","@id":"https:\/\/www.hotelcarlton.net\/fr\/les-chambres\/","url":"https:\/\/www.hotelcarlton.net\/fr\/les-chambres\/","name":"Les Chambres - Hotel Carlton","isPartOf":{"@id":"https:\/\/www.hotelcarlton.net\/fr\/#website"},"datePublished":"2019-04-17T12:59:54+00:00","dateModified":"2024-02-22T16:57:43+00:00","breadcrumb":{"@id":"https:\/\/www.hotelcarlton.net\/fr\/les-chambres\/#breadcrumb"},"inLanguage":"fr-FR","potentialAction":[{"@type":"ReadAction","target":["https:\/\/www.hotelcarlton.net\/fr\/les-chambres\/"]}]},{"@type":"BreadcrumbList","@id":"https:\/\/www.hotelcarlton.net\/fr\/les-chambres\/#breadcrumb","itemListElement":[{"@type":"ListItem","position":1,"name":"Home","item":"https:\/\/www.hotelcarlton.net\/fr\/"},{"@type":"ListItem","position":2,"name":"Les Chambres"}]},{"@type":"WebSite","@id":"https:\/\/www.hotelcarlton.net\/fr\/#website","url":"https:\/\/www.hotelcarlton.net\/fr\/","name":"Hotel Carlton","description":"Ecco un altro sito ms.decms.eu","potentialAction":[{"@type":"SearchAction","target":{"@type":"EntryPoint","urlTemplate":"https:\/\/www.hotelcarlton.net\/fr\/?s={search_term_string}"},"query-input":{"@type":"PropertyValueSpecification","valueRequired":true,"valueName":"search_term_string"}}],"inLanguage":"fr-FR"}]}},"acf":[],"_links":{"self":[{"href":"https:\/\/www.hotelcarlton.net\/fr\/wp-json\/wp\/v2\/pages\/2533","targetHints":{"allow":["GET"]}}],"collection":[{"href":"https:\/\/www.hotelcarlton.net\/fr\/wp-json\/wp\/v2\/pages"}],"about":[{"href":"https:\/\/www.hotelcarlton.net\/fr\/wp-json\/wp\/v2\/types\/page"}],"author":[{"embeddable":true,"href":"https:\/\/www.hotelcarlton.net\/fr\/wp-json\/wp\/v2\/users\/21"}],"replies":[{"embeddable":true,"href":"https:\/\/www.hotelcarlton.net\/fr\/wp-json\/wp\/v2\/comments?post=2533"}],"version-history":[{"count":0,"href":"https:\/\/www.hotelcarlton.net\/fr\/wp-json\/wp\/v2\/pages\/2533\/revisions"}],"wp:attachment":[{"href":"https:\/\/www.hotelcarlton.net\/fr\/wp-json\/wp\/v2\/media?parent=2533"}],"curies":[{"name":"wp","href":"https:\/\/api.w.org\/{rel}","templated":true}]}}