{"id":2524,"date":"2019-03-20T13:50:41","date_gmt":"2019-03-20T12:50:41","guid":{"rendered":"http:\/\/hotelcarlton.ms.decms.eu\/dove-siamo\/"},"modified":"2022-08-29T18:34:46","modified_gmt":"2022-08-29T16:34:46","slug":"plan-dacces","status":"publish","type":"page","link":"https:\/\/www.hotelcarlton.net\/fr\/plan-dacces\/","title":{"rendered":"Plan d\u2019acc\u00e8s"},"content":{"rendered":"<p><a href=\"http:\/\/hotelcarlton.ms.decms.eu\/wp-content\/uploads\/sites\/19\/2019\/05\/pianta-di-ferrara-da-stampare_compressed.pdf\">CLIQUEZ ICI POUR VOIR LA CARTE DE LA VILLE DE FERRARA<\/a><\/p>\n<p>La position de notre \u00e9tablissement, d\u2019apr\u00e8s l\u2019opinion de nos clients, est notre point fort !<\/p>\n<p>Nous sommes en plein centre-ville, \u00e0 deux pas des principales attractions de la ville, mais vous pouvez toutefois arriver facilement en voiture et vous garer en face de l\u2019h\u00f4tel dans notre Garage priv\u00e9 ou sur le parking public. Si vous arrivez en train, vous pouvez nous rejoindre avec une promenade de 15 minutes seulement. Si vous arrivez en avion de Bologne, la navette Bus &amp; Fly s\u2019arr\u00eate \u00e0 3 minutes \u00e0 pied de notre \u00e9tablissement. Voil\u00e0 encore l\u2019hospitalit\u00e9 !<\/p>\n<p>Ferrare jouit d\u2019une excellente position g\u00e9ographique, \u00e9tant situ\u00e9e \u00e0 proximit\u00e9 d\u2019importantes villes et localit\u00e9s touristiques, toutes facilement rejoignables en voiture ou gr\u00e2ce aux liaisons ferroviaires ci-dessous le tableau des distances:<\/p>\n<ul>\n<li>Lidi Ferraresi Km 60 \u2013 50\u2019<\/li>\n<li>Bologne Km 50 \u2013 40\u2019<\/li>\n<li>Venice Km 110 \u2013 1h 30\u2019<\/li>\n<li>Florence Km 170 \u2013 2h<\/li>\n<li>Padoue Km 78 \u2013 1h<\/li>\n<li>Mod\u00e8ne Km 92 \u2013 1h 10\u2019<\/li>\n<\/ul>\n<p><strong>Comment nous joindre:<\/strong><br \/>\n<strong>Navigateur GPS :<\/strong><\/p>\n<p>Pour ceux qui utilisent un navigateur, nous conseillons d\u2019indiquer Piazza Sacrati, qui se trouve juste devant l\u2019h\u00f4tel.<\/p>\n<p>Coordonn\u00e9es GPS : : (N) 44.83770 (E) 11.61573<\/p>\n<p><img loading=\"lazy\" decoding=\"async\" class=\"wp-image-180 alignleft\" src=\"http:\/\/hotelcarlton.ms.decms.eu\/wp-content\/uploads\/sites\/19\/2019\/03\/qr-code-google-map.png\" alt=\"\" width=\"100\" height=\"100\" srcset=\"https:\/\/www.hotelcarlton.net\/wp-content\/uploads\/sites\/19\/2019\/03\/qr-code-google-map.png 216w, https:\/\/www.hotelcarlton.net\/wp-content\/uploads\/sites\/19\/2019\/03\/qr-code-google-map-150x150.png 150w, https:\/\/www.hotelcarlton.net\/wp-content\/uploads\/sites\/19\/2019\/03\/qr-code-google-map-204x204.png 204w\" sizes=\"auto, (max-width: 100px) 100vw, 100px\" \/><\/p>\n","protected":false},"excerpt":{"rendered":"<p>CLIQUEZ ICI POUR VOIR LA CARTE DE LA VILLE DE FERRARA La position de notre \u00e9tablissement, d\u2019apr\u00e8s l\u2019opinion de nos clients, est notre point fort ! Nous sommes en plein centre-ville, \u00e0 deux pas des principales attractions de la ville, mais vous pouvez toutefois arriver facilement en voiture et vous garer en face de l\u2019h\u00f4tel [&hellip;]<\/p>\n","protected":false},"author":13,"featured_media":0,"parent":0,"menu_order":4,"comment_status":"closed","ping_status":"closed","template":"template-location.php","meta":{"footnotes":""},"class_list":["post-2524","page","type-page","status-publish","hentry"],"yoast_head":"<!-- This site is optimized with the Yoast SEO plugin v26.9 - https:\/\/yoast.com\/product\/yoast-seo-wordpress\/ -->\n<title>Plan d\u2019acc\u00e8s - Hotel Carlton<\/title>\n<meta name=\"robots\" content=\"index, follow, max-snippet:-1, max-image-preview:large, max-video-preview:-1\" \/>\n<link rel=\"canonical\" href=\"https:\/\/www.hotelcarlton.net\/fr\/plan-dacces\/\" \/>\n<meta property=\"og:locale\" content=\"fr_FR\" \/>\n<meta property=\"og:type\" content=\"article\" \/>\n<meta property=\"og:title\" content=\"Plan d\u2019acc\u00e8s - Hotel Carlton\" \/>\n<meta property=\"og:description\" content=\"CLIQUEZ ICI POUR VOIR LA CARTE DE LA VILLE DE FERRARA La position de notre \u00e9tablissement, d\u2019apr\u00e8s l\u2019opinion de nos clients, est notre point fort ! Nous sommes en plein centre-ville, \u00e0 deux pas des principales attractions de la ville, mais vous pouvez toutefois arriver facilement en voiture et vous garer en face de l\u2019h\u00f4tel [&hellip;]\" \/>\n<meta property=\"og:url\" content=\"https:\/\/www.hotelcarlton.net\/fr\/plan-dacces\/\" \/>\n<meta property=\"og:site_name\" content=\"Hotel Carlton\" \/>\n<meta property=\"article:modified_time\" content=\"2022-08-29T16:34:46+00:00\" \/>\n<meta property=\"og:image\" content=\"http:\/\/hotelcarlton.ms.decms.eu\/wp-content\/uploads\/sites\/19\/2019\/03\/qr-code-google-map.png\" \/>\n<meta name=\"twitter:card\" content=\"summary_large_image\" \/>\n<meta name=\"twitter:label1\" content=\"Dur\u00e9e de lecture estim\u00e9e\" \/>\n\t<meta name=\"twitter:data1\" content=\"1 minute\" \/>\n<script type=\"application\/ld+json\" class=\"yoast-schema-graph\">{\"@context\":\"https:\/\/schema.org\",\"@graph\":[{\"@type\":\"WebPage\",\"@id\":\"https:\/\/www.hotelcarlton.net\/fr\/plan-dacces\/\",\"url\":\"https:\/\/www.hotelcarlton.net\/fr\/plan-dacces\/\",\"name\":\"Plan d\u2019acc\u00e8s - Hotel Carlton\",\"isPartOf\":{\"@id\":\"https:\/\/www.hotelcarlton.net\/fr\/#website\"},\"primaryImageOfPage\":{\"@id\":\"https:\/\/www.hotelcarlton.net\/fr\/plan-dacces\/#primaryimage\"},\"image\":{\"@id\":\"https:\/\/www.hotelcarlton.net\/fr\/plan-dacces\/#primaryimage\"},\"thumbnailUrl\":\"http:\/\/hotelcarlton.ms.decms.eu\/wp-content\/uploads\/sites\/19\/2019\/03\/qr-code-google-map.png\",\"datePublished\":\"2019-03-20T12:50:41+00:00\",\"dateModified\":\"2022-08-29T16:34:46+00:00\",\"breadcrumb\":{\"@id\":\"https:\/\/www.hotelcarlton.net\/fr\/plan-dacces\/#breadcrumb\"},\"inLanguage\":\"fr-FR\",\"potentialAction\":[{\"@type\":\"ReadAction\",\"target\":[\"https:\/\/www.hotelcarlton.net\/fr\/plan-dacces\/\"]}]},{\"@type\":\"ImageObject\",\"inLanguage\":\"fr-FR\",\"@id\":\"https:\/\/www.hotelcarlton.net\/fr\/plan-dacces\/#primaryimage\",\"url\":\"http:\/\/hotelcarlton.ms.decms.eu\/wp-content\/uploads\/sites\/19\/2019\/03\/qr-code-google-map.png\",\"contentUrl\":\"http:\/\/hotelcarlton.ms.decms.eu\/wp-content\/uploads\/sites\/19\/2019\/03\/qr-code-google-map.png\"},{\"@type\":\"BreadcrumbList\",\"@id\":\"https:\/\/www.hotelcarlton.net\/fr\/plan-dacces\/#breadcrumb\",\"itemListElement\":[{\"@type\":\"ListItem\",\"position\":1,\"name\":\"Home\",\"item\":\"https:\/\/www.hotelcarlton.net\/fr\/\"},{\"@type\":\"ListItem\",\"position\":2,\"name\":\"Plan d\u2019acc\u00e8s\"}]},{\"@type\":\"WebSite\",\"@id\":\"https:\/\/www.hotelcarlton.net\/fr\/#website\",\"url\":\"https:\/\/www.hotelcarlton.net\/fr\/\",\"name\":\"Hotel Carlton\",\"description\":\"Ecco un altro sito ms.decms.eu\",\"potentialAction\":[{\"@type\":\"SearchAction\",\"target\":{\"@type\":\"EntryPoint\",\"urlTemplate\":\"https:\/\/www.hotelcarlton.net\/fr\/?s={search_term_string}\"},\"query-input\":{\"@type\":\"PropertyValueSpecification\",\"valueRequired\":true,\"valueName\":\"search_term_string\"}}],\"inLanguage\":\"fr-FR\"}]}<\/script>\n<!-- \/ Yoast SEO plugin. -->","yoast_head_json":{"title":"Plan d\u2019acc\u00e8s - Hotel Carlton","robots":{"index":"index","follow":"follow","max-snippet":"max-snippet:-1","max-image-preview":"max-image-preview:large","max-video-preview":"max-video-preview:-1"},"canonical":"https:\/\/www.hotelcarlton.net\/fr\/plan-dacces\/","og_locale":"fr_FR","og_type":"article","og_title":"Plan d\u2019acc\u00e8s - Hotel Carlton","og_description":"CLIQUEZ ICI POUR VOIR LA CARTE DE LA VILLE DE FERRARA La position de notre \u00e9tablissement, d\u2019apr\u00e8s l\u2019opinion de nos clients, est notre point fort ! Nous sommes en plein centre-ville, \u00e0 deux pas des principales attractions de la ville, mais vous pouvez toutefois arriver facilement en voiture et vous garer en face de l\u2019h\u00f4tel [&hellip;]","og_url":"https:\/\/www.hotelcarlton.net\/fr\/plan-dacces\/","og_site_name":"Hotel Carlton","article_modified_time":"2022-08-29T16:34:46+00:00","og_image":[{"url":"http:\/\/hotelcarlton.ms.decms.eu\/wp-content\/uploads\/sites\/19\/2019\/03\/qr-code-google-map.png","type":"","width":"","height":""}],"twitter_card":"summary_large_image","twitter_misc":{"Dur\u00e9e de lecture estim\u00e9e":"1 minute"},"schema":{"@context":"https:\/\/schema.org","@graph":[{"@type":"WebPage","@id":"https:\/\/www.hotelcarlton.net\/fr\/plan-dacces\/","url":"https:\/\/www.hotelcarlton.net\/fr\/plan-dacces\/","name":"Plan d\u2019acc\u00e8s - Hotel Carlton","isPartOf":{"@id":"https:\/\/www.hotelcarlton.net\/fr\/#website"},"primaryImageOfPage":{"@id":"https:\/\/www.hotelcarlton.net\/fr\/plan-dacces\/#primaryimage"},"image":{"@id":"https:\/\/www.hotelcarlton.net\/fr\/plan-dacces\/#primaryimage"},"thumbnailUrl":"http:\/\/hotelcarlton.ms.decms.eu\/wp-content\/uploads\/sites\/19\/2019\/03\/qr-code-google-map.png","datePublished":"2019-03-20T12:50:41+00:00","dateModified":"2022-08-29T16:34:46+00:00","breadcrumb":{"@id":"https:\/\/www.hotelcarlton.net\/fr\/plan-dacces\/#breadcrumb"},"inLanguage":"fr-FR","potentialAction":[{"@type":"ReadAction","target":["https:\/\/www.hotelcarlton.net\/fr\/plan-dacces\/"]}]},{"@type":"ImageObject","inLanguage":"fr-FR","@id":"https:\/\/www.hotelcarlton.net\/fr\/plan-dacces\/#primaryimage","url":"http:\/\/hotelcarlton.ms.decms.eu\/wp-content\/uploads\/sites\/19\/2019\/03\/qr-code-google-map.png","contentUrl":"http:\/\/hotelcarlton.ms.decms.eu\/wp-content\/uploads\/sites\/19\/2019\/03\/qr-code-google-map.png"},{"@type":"BreadcrumbList","@id":"https:\/\/www.hotelcarlton.net\/fr\/plan-dacces\/#breadcrumb","itemListElement":[{"@type":"ListItem","position":1,"name":"Home","item":"https:\/\/www.hotelcarlton.net\/fr\/"},{"@type":"ListItem","position":2,"name":"Plan d\u2019acc\u00e8s"}]},{"@type":"WebSite","@id":"https:\/\/www.hotelcarlton.net\/fr\/#website","url":"https:\/\/www.hotelcarlton.net\/fr\/","name":"Hotel Carlton","description":"Ecco un altro sito ms.decms.eu","potentialAction":[{"@type":"SearchAction","target":{"@type":"EntryPoint","urlTemplate":"https:\/\/www.hotelcarlton.net\/fr\/?s={search_term_string}"},"query-input":{"@type":"PropertyValueSpecification","valueRequired":true,"valueName":"search_term_string"}}],"inLanguage":"fr-FR"}]}},"acf":[],"_links":{"self":[{"href":"https:\/\/www.hotelcarlton.net\/fr\/wp-json\/wp\/v2\/pages\/2524","targetHints":{"allow":["GET"]}}],"collection":[{"href":"https:\/\/www.hotelcarlton.net\/fr\/wp-json\/wp\/v2\/pages"}],"about":[{"href":"https:\/\/www.hotelcarlton.net\/fr\/wp-json\/wp\/v2\/types\/page"}],"author":[{"embeddable":true,"href":"https:\/\/www.hotelcarlton.net\/fr\/wp-json\/wp\/v2\/users\/13"}],"replies":[{"embeddable":true,"href":"https:\/\/www.hotelcarlton.net\/fr\/wp-json\/wp\/v2\/comments?post=2524"}],"version-history":[{"count":0,"href":"https:\/\/www.hotelcarlton.net\/fr\/wp-json\/wp\/v2\/pages\/2524\/revisions"}],"wp:attachment":[{"href":"https:\/\/www.hotelcarlton.net\/fr\/wp-json\/wp\/v2\/media?parent=2524"}],"curies":[{"name":"wp","href":"https:\/\/api.w.org\/{rel}","templated":true}]}}