{"id":2497,"date":"2019-04-17T11:42:13","date_gmt":"2019-04-17T09:42:13","guid":{"rendered":"http:\/\/hotelcarlton.ms.decms.eu\/?page_id=2497"},"modified":"2019-04-17T11:42:51","modified_gmt":"2019-04-17T09:42:51","slug":"bienvenue","status":"publish","type":"page","link":"https:\/\/www.hotelcarlton.net\/fr\/","title":{"rendered":"Bienvenue"},"content":{"rendered":"<p>Parce que le Carlton de Ferrare est un h\u00f4tel situ\u00e9 au centre historique de l\u2019une des villes les plus accueillantes d\u2019Italie et parce que le Carlton est un\u00a0<i>Appart\u2019 h\u00f4tel<\/i>\u00a0proposant des appartements pour des s\u00e9jours longs, situ\u00e9s \u00a0dans une D\u00e9pendance, b\u00e2timent annexe avec ses propres studios et deux-pi\u00e8ces avec des formules tout-compris.<\/p>\n<p>Il s\u2019agit \u00e9galement d\u2019un h\u00f4tel \u00e9quip\u00e9 pour recevoir une client\u00e8le Business gr\u00e2ce \u00e0 une connexion Wi-Fi illimit\u00e9e et gratuite dans tout l\u2019\u00e9tablissement avec des Salles de r\u00e9union et de s\u00e9minaires en mesure d\u2019accueillir jusqu\u2019\u00e0 120 personnes.<\/p>\n<p>Nous nous trouvons au c\u0153ur de la ville mais sommes parfaitement accessibles avec votre voiture que vous pourrez garer dans notre Garage Priv\u00e9 situ\u00e9 juste en face de l\u2019h\u00f4tel. De l\u00e0, vous pourrez ais\u00e9ment visiter le Ch\u00e2teau, la Cath\u00e9drale, le Palais des Diamants ou le Palais Schifanoia ainsi que les autres merveilles de Ferrare, en utilisant \u00e9ventuellement les bicyclettes que vous pourrez demander \u00e0 la R\u00e9ception.<\/p>\n<p>Voil\u00e0 le concept d\u2019hospitalit\u00e9 du Carlton\u00a0: l\u2019attention et le savoir-faire d\u2019un h\u00f4tel \u00e0 gestion familiale, associ\u00e9s au professionnalisme et \u00e0 la courtoisie du personnel, pr\u00eat \u00e0 satisfaire toutes vos exigences.<\/p>\n","protected":false},"excerpt":{"rendered":"<p>Parce que le Carlton de Ferrare est un h\u00f4tel situ\u00e9 au centre historique de l\u2019une des villes les plus accueillantes d\u2019Italie et parce que le Carlton est un\u00a0Appart\u2019 h\u00f4tel\u00a0proposant des appartements pour des s\u00e9jours longs, situ\u00e9s \u00a0dans une D\u00e9pendance, b\u00e2timent annexe avec ses propres studios et deux-pi\u00e8ces avec des formules tout-compris. Il s\u2019agit \u00e9galement d\u2019un [&hellip;]<\/p>\n","protected":false},"author":21,"featured_media":0,"parent":0,"menu_order":1,"comment_status":"closed","ping_status":"closed","template":"","meta":{"footnotes":""},"class_list":["post-2497","page","type-page","status-publish","hentry"],"yoast_head":"<!-- This site is optimized with the Yoast SEO plugin v26.9 - https:\/\/yoast.com\/product\/yoast-seo-wordpress\/ -->\n<title>Bienvenue - Hotel Carlton<\/title>\n<meta name=\"robots\" content=\"index, follow, max-snippet:-1, max-image-preview:large, max-video-preview:-1\" \/>\n<link rel=\"canonical\" href=\"https:\/\/www.hotelcarlton.net\/fr\/\" \/>\n<meta property=\"og:locale\" content=\"fr_FR\" \/>\n<meta property=\"og:type\" content=\"article\" \/>\n<meta property=\"og:title\" content=\"Bienvenue - Hotel Carlton\" \/>\n<meta property=\"og:description\" content=\"Parce que le Carlton de Ferrare est un h\u00f4tel situ\u00e9 au centre historique de l\u2019une des villes les plus accueillantes d\u2019Italie et parce que le Carlton est un\u00a0Appart\u2019 h\u00f4tel\u00a0proposant des appartements pour des s\u00e9jours longs, situ\u00e9s \u00a0dans une D\u00e9pendance, b\u00e2timent annexe avec ses propres studios et deux-pi\u00e8ces avec des formules tout-compris. Il s\u2019agit \u00e9galement d\u2019un [&hellip;]\" \/>\n<meta property=\"og:url\" content=\"https:\/\/www.hotelcarlton.net\/fr\/\" \/>\n<meta property=\"og:site_name\" content=\"Hotel Carlton\" \/>\n<meta property=\"article:modified_time\" content=\"2019-04-17T09:42:51+00:00\" \/>\n<meta name=\"twitter:card\" content=\"summary_large_image\" \/>\n<meta name=\"twitter:label1\" content=\"Dur\u00e9e de lecture estim\u00e9e\" \/>\n\t<meta name=\"twitter:data1\" content=\"1 minute\" \/>\n<script type=\"application\/ld+json\" class=\"yoast-schema-graph\">{\"@context\":\"https:\/\/schema.org\",\"@graph\":[{\"@type\":\"WebPage\",\"@id\":\"https:\/\/www.hotelcarlton.net\/fr\/\",\"url\":\"https:\/\/www.hotelcarlton.net\/fr\/\",\"name\":\"Bienvenue - Hotel Carlton\",\"isPartOf\":{\"@id\":\"https:\/\/www.hotelcarlton.net\/fr\/#website\"},\"datePublished\":\"2019-04-17T09:42:13+00:00\",\"dateModified\":\"2019-04-17T09:42:51+00:00\",\"breadcrumb\":{\"@id\":\"https:\/\/www.hotelcarlton.net\/fr\/#breadcrumb\"},\"inLanguage\":\"fr-FR\",\"potentialAction\":[{\"@type\":\"ReadAction\",\"target\":[\"https:\/\/www.hotelcarlton.net\/fr\/\"]}]},{\"@type\":\"BreadcrumbList\",\"@id\":\"https:\/\/www.hotelcarlton.net\/fr\/#breadcrumb\",\"itemListElement\":[{\"@type\":\"ListItem\",\"position\":1,\"name\":\"Home\",\"item\":\"https:\/\/www.hotelcarlton.net\/fr\/\"},{\"@type\":\"ListItem\",\"position\":2,\"name\":\"Bienvenue\"}]},{\"@type\":\"WebSite\",\"@id\":\"https:\/\/www.hotelcarlton.net\/fr\/#website\",\"url\":\"https:\/\/www.hotelcarlton.net\/fr\/\",\"name\":\"Hotel Carlton\",\"description\":\"Ecco un altro sito ms.decms.eu\",\"potentialAction\":[{\"@type\":\"SearchAction\",\"target\":{\"@type\":\"EntryPoint\",\"urlTemplate\":\"https:\/\/www.hotelcarlton.net\/fr\/?s={search_term_string}\"},\"query-input\":{\"@type\":\"PropertyValueSpecification\",\"valueRequired\":true,\"valueName\":\"search_term_string\"}}],\"inLanguage\":\"fr-FR\"}]}<\/script>\n<!-- \/ Yoast SEO plugin. -->","yoast_head_json":{"title":"Bienvenue - Hotel Carlton","robots":{"index":"index","follow":"follow","max-snippet":"max-snippet:-1","max-image-preview":"max-image-preview:large","max-video-preview":"max-video-preview:-1"},"canonical":"https:\/\/www.hotelcarlton.net\/fr\/","og_locale":"fr_FR","og_type":"article","og_title":"Bienvenue - Hotel Carlton","og_description":"Parce que le Carlton de Ferrare est un h\u00f4tel situ\u00e9 au centre historique de l\u2019une des villes les plus accueillantes d\u2019Italie et parce que le Carlton est un\u00a0Appart\u2019 h\u00f4tel\u00a0proposant des appartements pour des s\u00e9jours longs, situ\u00e9s \u00a0dans une D\u00e9pendance, b\u00e2timent annexe avec ses propres studios et deux-pi\u00e8ces avec des formules tout-compris. Il s\u2019agit \u00e9galement d\u2019un [&hellip;]","og_url":"https:\/\/www.hotelcarlton.net\/fr\/","og_site_name":"Hotel Carlton","article_modified_time":"2019-04-17T09:42:51+00:00","twitter_card":"summary_large_image","twitter_misc":{"Dur\u00e9e de lecture estim\u00e9e":"1 minute"},"schema":{"@context":"https:\/\/schema.org","@graph":[{"@type":"WebPage","@id":"https:\/\/www.hotelcarlton.net\/fr\/","url":"https:\/\/www.hotelcarlton.net\/fr\/","name":"Bienvenue - Hotel Carlton","isPartOf":{"@id":"https:\/\/www.hotelcarlton.net\/fr\/#website"},"datePublished":"2019-04-17T09:42:13+00:00","dateModified":"2019-04-17T09:42:51+00:00","breadcrumb":{"@id":"https:\/\/www.hotelcarlton.net\/fr\/#breadcrumb"},"inLanguage":"fr-FR","potentialAction":[{"@type":"ReadAction","target":["https:\/\/www.hotelcarlton.net\/fr\/"]}]},{"@type":"BreadcrumbList","@id":"https:\/\/www.hotelcarlton.net\/fr\/#breadcrumb","itemListElement":[{"@type":"ListItem","position":1,"name":"Home","item":"https:\/\/www.hotelcarlton.net\/fr\/"},{"@type":"ListItem","position":2,"name":"Bienvenue"}]},{"@type":"WebSite","@id":"https:\/\/www.hotelcarlton.net\/fr\/#website","url":"https:\/\/www.hotelcarlton.net\/fr\/","name":"Hotel Carlton","description":"Ecco un altro sito ms.decms.eu","potentialAction":[{"@type":"SearchAction","target":{"@type":"EntryPoint","urlTemplate":"https:\/\/www.hotelcarlton.net\/fr\/?s={search_term_string}"},"query-input":{"@type":"PropertyValueSpecification","valueRequired":true,"valueName":"search_term_string"}}],"inLanguage":"fr-FR"}]}},"acf":[],"_links":{"self":[{"href":"https:\/\/www.hotelcarlton.net\/fr\/wp-json\/wp\/v2\/pages\/2497","targetHints":{"allow":["GET"]}}],"collection":[{"href":"https:\/\/www.hotelcarlton.net\/fr\/wp-json\/wp\/v2\/pages"}],"about":[{"href":"https:\/\/www.hotelcarlton.net\/fr\/wp-json\/wp\/v2\/types\/page"}],"author":[{"embeddable":true,"href":"https:\/\/www.hotelcarlton.net\/fr\/wp-json\/wp\/v2\/users\/21"}],"replies":[{"embeddable":true,"href":"https:\/\/www.hotelcarlton.net\/fr\/wp-json\/wp\/v2\/comments?post=2497"}],"version-history":[{"count":0,"href":"https:\/\/www.hotelcarlton.net\/fr\/wp-json\/wp\/v2\/pages\/2497\/revisions"}],"wp:attachment":[{"href":"https:\/\/www.hotelcarlton.net\/fr\/wp-json\/wp\/v2\/media?parent=2497"}],"curies":[{"name":"wp","href":"https:\/\/api.w.org\/{rel}","templated":true}]}}