{"id":2718,"date":"2019-03-20T14:20:08","date_gmt":"2019-03-20T13:20:08","guid":{"rendered":"http:\/\/hotelcarlton.ms.decms.eu\/nuestros-apartamentos\/casalbergo-carlton\/"},"modified":"2025-02-26T16:13:12","modified_gmt":"2025-02-26T15:13:12","slug":"casalbergo-carlton","status":"publish","type":"page","link":"https:\/\/www.hotelcarlton.net\/es\/nuestros-apartamentos\/casalbergo-carlton\/","title":{"rendered":"Casalbergo Carlton"},"content":{"rendered":"<p>Qui\u00e9n no ha so\u00f1ado alguna vez con vivir en el centro de Ferrara, en un apartamento aut\u00f3nomo y se\u00f1orial, en una atm\u00f3sfera serena y familiar? Levantarse por la ma\u00f1ana, asomarse por la ventana y, tal vez, ver c\u00f3mo se anima la ciudad? Bajar y encontrase enseguida en pleno centro hist\u00f3rico de la ciudad, y poder regresar r\u00e1pidamente a la comodidad de la intimidad? Si lo ha deseado, Casalbergo Carlton es el nuevo complejo residencial ideal para Ud., con una f\u00f3rmula de alojamiento extremadamente flexible. Respetando en todo momento la absoluta libertad de movimientos del Hu\u00e9sped, Casalbergo Carlton ofrece, para per\u00edodos de media y larga duraci\u00f3n, apartamentos de una, dos o tres habitaciones, todos ellos realizados con tecnolog\u00edas de construcci\u00f3n de vanguardia y equipados con todas las comodidades de una aut\u00e9ntica casa y, adem\u00e1s, con un espacioso garaje cubierto y adyacente. Casalbergo Carlton es el alojamiento ideal para personas que viajan solas o para peque\u00f1os n\u00facleos familiares que, aun viviendo con la m\u00e1s absoluta independencia y autonom\u00eda en pleno Centro Hist\u00f3rico, no desean estar aislados, o m\u00e1s bien desean tener a su disposici\u00f3n, con una simple llamada, un establecimiento hotelero que presta servicios exclusivos y personalizado.<\/p>\n<p>Todas nuestras habitaciones son para NO FUMADORES.<\/p>\n<p>&nbsp;<\/p>\n<table>\n<tbody>\n<tr>\n<th><strong>SERVICIOS INCLUIDOS<\/strong>:<\/th>\n<th><strong>SERVICIOS ADICIONALES<\/strong>:<\/th>\n<\/tr>\n<tr>\n<th>\n<ul>\n<li>Parqueo para bicicletas<\/li>\n<li>Cocina totalmente equipada, con platos y vajillas<\/li>\n<li>Caja fuerte electr\u00f3nica<\/li>\n<li>TV LCD de 43 pulgadas<\/li>\n<li>Secadora de pelo<\/li>\n<li>Gimnasio en el hotel<\/li>\n<li>Telefono fijo con linea independiente<\/li>\n<li>Ascensor<\/li>\n<li>Acceso facilitado para minusv\u00e0lidos<\/li>\n<li>Sistema de alarma conectado con la recepci\u00f3n del Hotel<\/li>\n<li>No se aceptan animales<\/li>\n<\/ul>\n<\/th>\n<th>\n<ul>\n<li>Servicios de calefacci\u00f3n y el\u00e9ctricos<\/li>\n<li>Garaje<\/li>\n<li>Alquiler de bicicletas<\/li>\n<li>Limpieza del apartamento a petici\u00f3n<\/li>\n<li>Cambio de sabanas y ropa de ba\u00f1o<\/li>\n<li>Costos del condominio<\/li>\n<li>Desayuno en el Hotel<\/li>\n<li>Limpieza final<\/li>\n<li>Internet wi-fi<\/li>\n<li>Asistencia M\u00e9dica al domicilio<\/li>\n<li>Servicio de comisiones en la ciudad<\/li>\n<li>Lavadora y secadora de ropa<\/li>\n<\/ul>\n<\/th>\n<\/tr>\n<\/tbody>\n<\/table>\n","protected":false},"excerpt":{"rendered":"<p>Qui\u00e9n no ha so\u00f1ado alguna vez con vivir en el centro de Ferrara, en un apartamento aut\u00f3nomo y se\u00f1orial, en una atm\u00f3sfera serena y familiar? Levantarse por la ma\u00f1ana, asomarse por la ventana y, tal vez, ver c\u00f3mo se anima la ciudad? Bajar y encontrase enseguida en pleno centro hist\u00f3rico de la ciudad, y poder [&hellip;]<\/p>\n","protected":false},"author":13,"featured_media":0,"parent":2667,"menu_order":2,"comment_status":"closed","ping_status":"closed","template":"template-rooms.php","meta":{"footnotes":""},"class_list":["post-2718","page","type-page","status-publish","hentry"],"yoast_head":"<!-- This site is optimized with the Yoast SEO plugin v26.9 - https:\/\/yoast.com\/product\/yoast-seo-wordpress\/ -->\n<title>Casalbergo Carlton - Hotel Carlton<\/title>\n<meta name=\"robots\" content=\"index, follow, max-snippet:-1, max-image-preview:large, max-video-preview:-1\" \/>\n<link rel=\"canonical\" href=\"https:\/\/www.hotelcarlton.net\/es\/nuestros-apartamentos\/casalbergo-carlton\/\" \/>\n<meta property=\"og:locale\" content=\"es_ES\" \/>\n<meta property=\"og:type\" content=\"article\" \/>\n<meta property=\"og:title\" content=\"Casalbergo Carlton - Hotel Carlton\" \/>\n<meta property=\"og:description\" content=\"Qui\u00e9n no ha so\u00f1ado alguna vez con vivir en el centro de Ferrara, en un apartamento aut\u00f3nomo y se\u00f1orial, en una atm\u00f3sfera serena y familiar? Levantarse por la ma\u00f1ana, asomarse por la ventana y, tal vez, ver c\u00f3mo se anima la ciudad? Bajar y encontrase enseguida en pleno centro hist\u00f3rico de la ciudad, y poder [&hellip;]\" \/>\n<meta property=\"og:url\" content=\"https:\/\/www.hotelcarlton.net\/es\/nuestros-apartamentos\/casalbergo-carlton\/\" \/>\n<meta property=\"og:site_name\" content=\"Hotel Carlton\" \/>\n<meta property=\"article:modified_time\" content=\"2025-02-26T15:13:12+00:00\" \/>\n<meta name=\"twitter:card\" content=\"summary_large_image\" \/>\n<meta name=\"twitter:label1\" content=\"Tiempo de lectura\" \/>\n\t<meta name=\"twitter:data1\" content=\"2 minutos\" \/>\n<script type=\"application\/ld+json\" class=\"yoast-schema-graph\">{\"@context\":\"https:\/\/schema.org\",\"@graph\":[{\"@type\":\"WebPage\",\"@id\":\"https:\/\/www.hotelcarlton.net\/es\/nuestros-apartamentos\/casalbergo-carlton\/\",\"url\":\"https:\/\/www.hotelcarlton.net\/es\/nuestros-apartamentos\/casalbergo-carlton\/\",\"name\":\"Casalbergo Carlton - Hotel Carlton\",\"isPartOf\":{\"@id\":\"https:\/\/www.hotelcarlton.net\/es\/#website\"},\"datePublished\":\"2019-03-20T13:20:08+00:00\",\"dateModified\":\"2025-02-26T15:13:12+00:00\",\"breadcrumb\":{\"@id\":\"https:\/\/www.hotelcarlton.net\/es\/nuestros-apartamentos\/casalbergo-carlton\/#breadcrumb\"},\"inLanguage\":\"es\",\"potentialAction\":[{\"@type\":\"ReadAction\",\"target\":[\"https:\/\/www.hotelcarlton.net\/es\/nuestros-apartamentos\/casalbergo-carlton\/\"]}]},{\"@type\":\"BreadcrumbList\",\"@id\":\"https:\/\/www.hotelcarlton.net\/es\/nuestros-apartamentos\/casalbergo-carlton\/#breadcrumb\",\"itemListElement\":[{\"@type\":\"ListItem\",\"position\":1,\"name\":\"Home\",\"item\":\"https:\/\/www.hotelcarlton.net\/es\/\"},{\"@type\":\"ListItem\",\"position\":2,\"name\":\"Nuestros apartamentos\",\"item\":\"https:\/\/www.hotelcarlton.net\/es\/nuestros-apartamentos\/\"},{\"@type\":\"ListItem\",\"position\":3,\"name\":\"Casalbergo Carlton\"}]},{\"@type\":\"WebSite\",\"@id\":\"https:\/\/www.hotelcarlton.net\/es\/#website\",\"url\":\"https:\/\/www.hotelcarlton.net\/es\/\",\"name\":\"Hotel Carlton\",\"description\":\"Ecco un altro sito ms.decms.eu\",\"potentialAction\":[{\"@type\":\"SearchAction\",\"target\":{\"@type\":\"EntryPoint\",\"urlTemplate\":\"https:\/\/www.hotelcarlton.net\/es\/?s={search_term_string}\"},\"query-input\":{\"@type\":\"PropertyValueSpecification\",\"valueRequired\":true,\"valueName\":\"search_term_string\"}}],\"inLanguage\":\"es\"}]}<\/script>\n<!-- \/ Yoast SEO plugin. -->","yoast_head_json":{"title":"Casalbergo Carlton - Hotel Carlton","robots":{"index":"index","follow":"follow","max-snippet":"max-snippet:-1","max-image-preview":"max-image-preview:large","max-video-preview":"max-video-preview:-1"},"canonical":"https:\/\/www.hotelcarlton.net\/es\/nuestros-apartamentos\/casalbergo-carlton\/","og_locale":"es_ES","og_type":"article","og_title":"Casalbergo Carlton - Hotel Carlton","og_description":"Qui\u00e9n no ha so\u00f1ado alguna vez con vivir en el centro de Ferrara, en un apartamento aut\u00f3nomo y se\u00f1orial, en una atm\u00f3sfera serena y familiar? Levantarse por la ma\u00f1ana, asomarse por la ventana y, tal vez, ver c\u00f3mo se anima la ciudad? Bajar y encontrase enseguida en pleno centro hist\u00f3rico de la ciudad, y poder [&hellip;]","og_url":"https:\/\/www.hotelcarlton.net\/es\/nuestros-apartamentos\/casalbergo-carlton\/","og_site_name":"Hotel Carlton","article_modified_time":"2025-02-26T15:13:12+00:00","twitter_card":"summary_large_image","twitter_misc":{"Tiempo de lectura":"2 minutos"},"schema":{"@context":"https:\/\/schema.org","@graph":[{"@type":"WebPage","@id":"https:\/\/www.hotelcarlton.net\/es\/nuestros-apartamentos\/casalbergo-carlton\/","url":"https:\/\/www.hotelcarlton.net\/es\/nuestros-apartamentos\/casalbergo-carlton\/","name":"Casalbergo Carlton - Hotel Carlton","isPartOf":{"@id":"https:\/\/www.hotelcarlton.net\/es\/#website"},"datePublished":"2019-03-20T13:20:08+00:00","dateModified":"2025-02-26T15:13:12+00:00","breadcrumb":{"@id":"https:\/\/www.hotelcarlton.net\/es\/nuestros-apartamentos\/casalbergo-carlton\/#breadcrumb"},"inLanguage":"es","potentialAction":[{"@type":"ReadAction","target":["https:\/\/www.hotelcarlton.net\/es\/nuestros-apartamentos\/casalbergo-carlton\/"]}]},{"@type":"BreadcrumbList","@id":"https:\/\/www.hotelcarlton.net\/es\/nuestros-apartamentos\/casalbergo-carlton\/#breadcrumb","itemListElement":[{"@type":"ListItem","position":1,"name":"Home","item":"https:\/\/www.hotelcarlton.net\/es\/"},{"@type":"ListItem","position":2,"name":"Nuestros apartamentos","item":"https:\/\/www.hotelcarlton.net\/es\/nuestros-apartamentos\/"},{"@type":"ListItem","position":3,"name":"Casalbergo Carlton"}]},{"@type":"WebSite","@id":"https:\/\/www.hotelcarlton.net\/es\/#website","url":"https:\/\/www.hotelcarlton.net\/es\/","name":"Hotel Carlton","description":"Ecco un altro sito ms.decms.eu","potentialAction":[{"@type":"SearchAction","target":{"@type":"EntryPoint","urlTemplate":"https:\/\/www.hotelcarlton.net\/es\/?s={search_term_string}"},"query-input":{"@type":"PropertyValueSpecification","valueRequired":true,"valueName":"search_term_string"}}],"inLanguage":"es"}]}},"acf":[],"_links":{"self":[{"href":"https:\/\/www.hotelcarlton.net\/es\/wp-json\/wp\/v2\/pages\/2718","targetHints":{"allow":["GET"]}}],"collection":[{"href":"https:\/\/www.hotelcarlton.net\/es\/wp-json\/wp\/v2\/pages"}],"about":[{"href":"https:\/\/www.hotelcarlton.net\/es\/wp-json\/wp\/v2\/types\/page"}],"author":[{"embeddable":true,"href":"https:\/\/www.hotelcarlton.net\/es\/wp-json\/wp\/v2\/users\/13"}],"replies":[{"embeddable":true,"href":"https:\/\/www.hotelcarlton.net\/es\/wp-json\/wp\/v2\/comments?post=2718"}],"version-history":[{"count":0,"href":"https:\/\/www.hotelcarlton.net\/es\/wp-json\/wp\/v2\/pages\/2718\/revisions"}],"up":[{"embeddable":true,"href":"https:\/\/www.hotelcarlton.net\/es\/wp-json\/wp\/v2\/pages\/2667"}],"wp:attachment":[{"href":"https:\/\/www.hotelcarlton.net\/es\/wp-json\/wp\/v2\/media?parent=2718"}],"curies":[{"name":"wp","href":"https:\/\/api.w.org\/{rel}","templated":true}]}}