{"id":2584,"date":"2019-03-25T12:45:00","date_gmt":"2019-03-25T11:45:00","guid":{"rendered":"http:\/\/hotelcarlton.ms.decms.eu\/ferrara\/ferrara\/"},"modified":"2019-04-17T17:28:39","modified_gmt":"2019-04-17T15:28:39","slug":"ferrara","status":"publish","type":"page","link":"https:\/\/www.hotelcarlton.net\/es\/ferrara\/ferrara\/","title":{"rendered":"Ferrara"},"content":{"rendered":"<p>Ferrara, Patrimonio de la Humanidad, ciudad que cautiva los sentidos con una magia hecha de ambientes antiqu\u00edsimos, que sorprende por su particularidad, tan dif\u00edcil de explicar pero tan f\u00e1cil de vivir.<\/p>\n<p>Ferrara, ciudad de espl\u00e9ndidos contrastes. Con su historia, que cuenta los antiguos fastos de la Corte Estense y que se aprende caminando por calles y callejuelas, admirando la arquitectura de los edificios, de los monumentos y de los museos.<\/p>\n<p>Con su silencio m\u00edstico cuando se encuentra envuelta en niebla y la m\u00fasica de sus conciertos de autor o de los m\u00fasicos callejeros que se re\u00fanen cada a\u00f1o en el Buskers Festival. Con sus tonos delicados, casi propios de un fresco del s. XV, y el esplendor de los colores de los estandartes, las banderas, la indumentaria de caballeros y damas que llenan las Contradas durante las semanas previas al Palio (exhibici\u00f3n de banderas) de una gran antig\u00fcedad.<\/p>\n<p>Ferrara, ciudad de sabores y tradiciones gastron\u00f3micas, perla de la tierra del Delta del Po y c\u00e9lebre, sobre todo, por sus monumentales murallas, por el Castillo Estense, por la Catedral y por el Palazzo dei Diamanti.<\/p>\n<p><img loading=\"lazy\" decoding=\"async\" class=\"alignnone wp-image-229\" src=\"http:\/\/hotelcarlton.ms.decms.eu\/wp-content\/uploads\/sites\/19\/2019\/03\/unesco_world_heritage-300x150-300x150.png\" alt=\"\" width=\"200\" height=\"100\" srcset=\"https:\/\/www.hotelcarlton.net\/wp-content\/uploads\/sites\/19\/2019\/03\/unesco_world_heritage-300x150.png 300w, https:\/\/www.hotelcarlton.net\/wp-content\/uploads\/sites\/19\/2019\/03\/unesco_world_heritage-300x150-272x136.png 272w, https:\/\/www.hotelcarlton.net\/wp-content\/uploads\/sites\/19\/2019\/03\/unesco_world_heritage-300x150-204x102.png 204w\" sizes=\"auto, (max-width: 200px) 100vw, 200px\" \/><\/p>\n","protected":false},"excerpt":{"rendered":"<p>Ferrara, Patrimonio de la Humanidad, ciudad que cautiva los sentidos con una magia hecha de ambientes antiqu\u00edsimos, que sorprende por su particularidad, tan dif\u00edcil de explicar pero tan f\u00e1cil de vivir. Ferrara, ciudad de espl\u00e9ndidos contrastes. Con su historia, que cuenta los antiguos fastos de la Corte Estense y que se aprende caminando por calles [&hellip;]<\/p>\n","protected":false},"author":13,"featured_media":0,"parent":2573,"menu_order":6,"comment_status":"closed","ping_status":"closed","template":"","meta":{"footnotes":""},"class_list":["post-2584","page","type-page","status-publish","hentry"],"yoast_head":"<!-- This site is optimized with the Yoast SEO plugin v26.9 - https:\/\/yoast.com\/product\/yoast-seo-wordpress\/ -->\n<title>Ferrara - Hotel Carlton<\/title>\n<meta name=\"robots\" content=\"index, follow, max-snippet:-1, max-image-preview:large, max-video-preview:-1\" \/>\n<link rel=\"canonical\" href=\"https:\/\/www.hotelcarlton.net\/es\/ferrara\/ferrara\/\" \/>\n<meta property=\"og:locale\" content=\"es_ES\" \/>\n<meta property=\"og:type\" content=\"article\" \/>\n<meta property=\"og:title\" content=\"Ferrara - Hotel Carlton\" \/>\n<meta property=\"og:description\" content=\"Ferrara, Patrimonio de la Humanidad, ciudad que cautiva los sentidos con una magia hecha de ambientes antiqu\u00edsimos, que sorprende por su particularidad, tan dif\u00edcil de explicar pero tan f\u00e1cil de vivir. Ferrara, ciudad de espl\u00e9ndidos contrastes. Con su historia, que cuenta los antiguos fastos de la Corte Estense y que se aprende caminando por calles [&hellip;]\" \/>\n<meta property=\"og:url\" content=\"https:\/\/www.hotelcarlton.net\/es\/ferrara\/ferrara\/\" \/>\n<meta property=\"og:site_name\" content=\"Hotel Carlton\" \/>\n<meta property=\"article:modified_time\" content=\"2019-04-17T15:28:39+00:00\" \/>\n<meta property=\"og:image\" content=\"http:\/\/hotelcarlton.ms.decms.eu\/wp-content\/uploads\/sites\/19\/2019\/03\/unesco_world_heritage-300x150-300x150.png\" \/>\n<meta name=\"twitter:card\" content=\"summary_large_image\" \/>\n<meta name=\"twitter:label1\" content=\"Tiempo de lectura\" \/>\n\t<meta name=\"twitter:data1\" content=\"1 minuto\" \/>\n<script type=\"application\/ld+json\" class=\"yoast-schema-graph\">{\"@context\":\"https:\/\/schema.org\",\"@graph\":[{\"@type\":\"WebPage\",\"@id\":\"https:\/\/www.hotelcarlton.net\/es\/ferrara\/ferrara\/\",\"url\":\"https:\/\/www.hotelcarlton.net\/es\/ferrara\/ferrara\/\",\"name\":\"Ferrara - Hotel Carlton\",\"isPartOf\":{\"@id\":\"https:\/\/www.hotelcarlton.net\/es\/#website\"},\"primaryImageOfPage\":{\"@id\":\"https:\/\/www.hotelcarlton.net\/es\/ferrara\/ferrara\/#primaryimage\"},\"image\":{\"@id\":\"https:\/\/www.hotelcarlton.net\/es\/ferrara\/ferrara\/#primaryimage\"},\"thumbnailUrl\":\"http:\/\/hotelcarlton.ms.decms.eu\/wp-content\/uploads\/sites\/19\/2019\/03\/unesco_world_heritage-300x150-300x150.png\",\"datePublished\":\"2019-03-25T11:45:00+00:00\",\"dateModified\":\"2019-04-17T15:28:39+00:00\",\"breadcrumb\":{\"@id\":\"https:\/\/www.hotelcarlton.net\/es\/ferrara\/ferrara\/#breadcrumb\"},\"inLanguage\":\"es\",\"potentialAction\":[{\"@type\":\"ReadAction\",\"target\":[\"https:\/\/www.hotelcarlton.net\/es\/ferrara\/ferrara\/\"]}]},{\"@type\":\"ImageObject\",\"inLanguage\":\"es\",\"@id\":\"https:\/\/www.hotelcarlton.net\/es\/ferrara\/ferrara\/#primaryimage\",\"url\":\"http:\/\/hotelcarlton.ms.decms.eu\/wp-content\/uploads\/sites\/19\/2019\/03\/unesco_world_heritage-300x150-300x150.png\",\"contentUrl\":\"http:\/\/hotelcarlton.ms.decms.eu\/wp-content\/uploads\/sites\/19\/2019\/03\/unesco_world_heritage-300x150-300x150.png\"},{\"@type\":\"BreadcrumbList\",\"@id\":\"https:\/\/www.hotelcarlton.net\/es\/ferrara\/ferrara\/#breadcrumb\",\"itemListElement\":[{\"@type\":\"ListItem\",\"position\":1,\"name\":\"Home\",\"item\":\"https:\/\/www.hotelcarlton.net\/es\/\"},{\"@type\":\"ListItem\",\"position\":2,\"name\":\"Ferrara\",\"item\":\"https:\/\/www.hotelcarlton.net\/es\/ferrara\/\"},{\"@type\":\"ListItem\",\"position\":3,\"name\":\"Ferrara\"}]},{\"@type\":\"WebSite\",\"@id\":\"https:\/\/www.hotelcarlton.net\/es\/#website\",\"url\":\"https:\/\/www.hotelcarlton.net\/es\/\",\"name\":\"Hotel Carlton\",\"description\":\"Ecco un altro sito ms.decms.eu\",\"potentialAction\":[{\"@type\":\"SearchAction\",\"target\":{\"@type\":\"EntryPoint\",\"urlTemplate\":\"https:\/\/www.hotelcarlton.net\/es\/?s={search_term_string}\"},\"query-input\":{\"@type\":\"PropertyValueSpecification\",\"valueRequired\":true,\"valueName\":\"search_term_string\"}}],\"inLanguage\":\"es\"}]}<\/script>\n<!-- \/ Yoast SEO plugin. -->","yoast_head_json":{"title":"Ferrara - Hotel Carlton","robots":{"index":"index","follow":"follow","max-snippet":"max-snippet:-1","max-image-preview":"max-image-preview:large","max-video-preview":"max-video-preview:-1"},"canonical":"https:\/\/www.hotelcarlton.net\/es\/ferrara\/ferrara\/","og_locale":"es_ES","og_type":"article","og_title":"Ferrara - Hotel Carlton","og_description":"Ferrara, Patrimonio de la Humanidad, ciudad que cautiva los sentidos con una magia hecha de ambientes antiqu\u00edsimos, que sorprende por su particularidad, tan dif\u00edcil de explicar pero tan f\u00e1cil de vivir. Ferrara, ciudad de espl\u00e9ndidos contrastes. Con su historia, que cuenta los antiguos fastos de la Corte Estense y que se aprende caminando por calles [&hellip;]","og_url":"https:\/\/www.hotelcarlton.net\/es\/ferrara\/ferrara\/","og_site_name":"Hotel Carlton","article_modified_time":"2019-04-17T15:28:39+00:00","og_image":[{"url":"http:\/\/hotelcarlton.ms.decms.eu\/wp-content\/uploads\/sites\/19\/2019\/03\/unesco_world_heritage-300x150-300x150.png","type":"","width":"","height":""}],"twitter_card":"summary_large_image","twitter_misc":{"Tiempo de lectura":"1 minuto"},"schema":{"@context":"https:\/\/schema.org","@graph":[{"@type":"WebPage","@id":"https:\/\/www.hotelcarlton.net\/es\/ferrara\/ferrara\/","url":"https:\/\/www.hotelcarlton.net\/es\/ferrara\/ferrara\/","name":"Ferrara - Hotel Carlton","isPartOf":{"@id":"https:\/\/www.hotelcarlton.net\/es\/#website"},"primaryImageOfPage":{"@id":"https:\/\/www.hotelcarlton.net\/es\/ferrara\/ferrara\/#primaryimage"},"image":{"@id":"https:\/\/www.hotelcarlton.net\/es\/ferrara\/ferrara\/#primaryimage"},"thumbnailUrl":"http:\/\/hotelcarlton.ms.decms.eu\/wp-content\/uploads\/sites\/19\/2019\/03\/unesco_world_heritage-300x150-300x150.png","datePublished":"2019-03-25T11:45:00+00:00","dateModified":"2019-04-17T15:28:39+00:00","breadcrumb":{"@id":"https:\/\/www.hotelcarlton.net\/es\/ferrara\/ferrara\/#breadcrumb"},"inLanguage":"es","potentialAction":[{"@type":"ReadAction","target":["https:\/\/www.hotelcarlton.net\/es\/ferrara\/ferrara\/"]}]},{"@type":"ImageObject","inLanguage":"es","@id":"https:\/\/www.hotelcarlton.net\/es\/ferrara\/ferrara\/#primaryimage","url":"http:\/\/hotelcarlton.ms.decms.eu\/wp-content\/uploads\/sites\/19\/2019\/03\/unesco_world_heritage-300x150-300x150.png","contentUrl":"http:\/\/hotelcarlton.ms.decms.eu\/wp-content\/uploads\/sites\/19\/2019\/03\/unesco_world_heritage-300x150-300x150.png"},{"@type":"BreadcrumbList","@id":"https:\/\/www.hotelcarlton.net\/es\/ferrara\/ferrara\/#breadcrumb","itemListElement":[{"@type":"ListItem","position":1,"name":"Home","item":"https:\/\/www.hotelcarlton.net\/es\/"},{"@type":"ListItem","position":2,"name":"Ferrara","item":"https:\/\/www.hotelcarlton.net\/es\/ferrara\/"},{"@type":"ListItem","position":3,"name":"Ferrara"}]},{"@type":"WebSite","@id":"https:\/\/www.hotelcarlton.net\/es\/#website","url":"https:\/\/www.hotelcarlton.net\/es\/","name":"Hotel Carlton","description":"Ecco un altro sito ms.decms.eu","potentialAction":[{"@type":"SearchAction","target":{"@type":"EntryPoint","urlTemplate":"https:\/\/www.hotelcarlton.net\/es\/?s={search_term_string}"},"query-input":{"@type":"PropertyValueSpecification","valueRequired":true,"valueName":"search_term_string"}}],"inLanguage":"es"}]}},"acf":[],"_links":{"self":[{"href":"https:\/\/www.hotelcarlton.net\/es\/wp-json\/wp\/v2\/pages\/2584","targetHints":{"allow":["GET"]}}],"collection":[{"href":"https:\/\/www.hotelcarlton.net\/es\/wp-json\/wp\/v2\/pages"}],"about":[{"href":"https:\/\/www.hotelcarlton.net\/es\/wp-json\/wp\/v2\/types\/page"}],"author":[{"embeddable":true,"href":"https:\/\/www.hotelcarlton.net\/es\/wp-json\/wp\/v2\/users\/13"}],"replies":[{"embeddable":true,"href":"https:\/\/www.hotelcarlton.net\/es\/wp-json\/wp\/v2\/comments?post=2584"}],"version-history":[{"count":0,"href":"https:\/\/www.hotelcarlton.net\/es\/wp-json\/wp\/v2\/pages\/2584\/revisions"}],"up":[{"embeddable":true,"href":"https:\/\/www.hotelcarlton.net\/es\/wp-json\/wp\/v2\/pages\/2573"}],"wp:attachment":[{"href":"https:\/\/www.hotelcarlton.net\/es\/wp-json\/wp\/v2\/media?parent=2584"}],"curies":[{"name":"wp","href":"https:\/\/api.w.org\/{rel}","templated":true}]}}