{"id":2566,"date":"2019-03-20T14:10:43","date_gmt":"2019-03-20T13:10:43","guid":{"rendered":"http:\/\/hotelcarlton.ms.decms.eu\/sale-meeting\/"},"modified":"2022-11-18T09:21:23","modified_gmt":"2022-11-18T08:21:23","slug":"salas-de-reuniones","status":"publish","type":"page","link":"https:\/\/www.hotelcarlton.net\/es\/salas-de-reuniones\/","title":{"rendered":"Salas De Reuniones"},"content":{"rendered":"<p><strong>Su encuentro en el coraz\u00f3n de Ferrara!<\/strong><\/p>\n<p>Si est\u00e1 buscando el lugar ideal para organizar una conferencia, una reuni\u00f3n de negocios, lanzamiento de un producto o una recepci\u00f3n, nuestras nuevas salas de reuniones son perfectas para usted.<br \/>\nGracias a la modularidad de nuestras 2 salas de reuniones, todas con luz natural y equipadas con la \u00faltima tegnolog\u00eca en audio y video, podemos acomodar hasta 120 personas.<\/p>\n<p>A petici\u00f3n, se pueden organizar coffee breaks, almuerzos buffet, meriendas y cenas.<br \/>\nEl garaje privado o en el gran aparcamiento p\u00fablico en frente del Hotel Carlton le permiten tener un f\u00e1cil acceso tambien en auto.<\/p>\n<p>&nbsp;<\/p>\n<p>Para reservar su sala de reuniones y estudiar juntos la mejor soluci\u00f3n para su meeting, por favor p\u00f3ngase en contacto con:<br \/>\n<strong>HOTEL CARLTON FERRARA<\/strong><br \/>\nTEL +39 0532-211130<br \/>\nFax +39 0532-205766<br \/>\nMail: info@hotelcarlton.net<\/p>\n<p>Solicite una cotizaci\u00f3n gratis<\/p>\n<p>&nbsp;<\/p>\n<p><strong>LOS PLANOS (haga clic aqu\u00ed para abrir el archivo)<\/strong><\/p>\n<ul>\n<li><a href=\"https:\/\/www.hotelcarlton.net\/wp-content\/uploads\/sites\/19\/2022\/07\/PLANIMETRIA-SALA-DIAMANTI.pdf\" target=\"_blank\" rel=\"noopener\">Sala Diamanti<\/a><\/li>\n<li><a href=\"https:\/\/www.hotelcarlton.net\/wp-content\/uploads\/sites\/19\/2022\/07\/PLANIMETRIA-SALA-DIAMANTI-CHEVRON.pdf\" target=\"_blank\" rel=\"noopener\">Sala Diamanti Room chevron<\/a><\/li>\n<li><a href=\"https:\/\/www.hotelcarlton.net\/wp-content\/uploads\/sites\/19\/2022\/07\/PLANIMETRIA-SALA-PLENARIA.pdf\" target=\"_blank\" rel=\"noopener\">Sala Diamanti + Sala Marfisa<\/a><\/li>\n<li><a href=\"https:\/\/www.hotelcarlton.net\/wp-content\/uploads\/sites\/19\/2022\/07\/PLANIMETRIA-SALA-MARFISA.pdf\" target=\"_blank\" rel=\"noopener\">Sala Marfisa<\/a><\/li>\n<\/ul>\n<p><strong>Equipamiento b\u00e1sico incluido en la sala de reuniones:<\/strong><\/p>\n<table>\n<tbody>\n<tr>\n<th>wi-fi<\/th>\n<th>port\u00e1til<\/th>\n<\/tr>\n<tr>\n<th>proyectores<\/th>\n<th>agua mineral<\/th>\n<\/tr>\n<tr>\n<th>papeler\u00eda<\/th>\n<th>retroproyectort<\/th>\n<\/tr>\n<tr>\n<th>pizarra rotafolio<\/th>\n<th>micr\u00f3fonos y amplificaci\u00f3n<\/th>\n<\/tr>\n<tr>\n<th>pantalla de proyecci\u00f3n<\/th>\n<th><\/th>\n<\/tr>\n<\/tbody>\n<\/table>\n<p>&nbsp;<\/p>\n","protected":false},"excerpt":{"rendered":"<p>Su encuentro en el coraz\u00f3n de Ferrara! Si est\u00e1 buscando el lugar ideal para organizar una conferencia, una reuni\u00f3n de negocios, lanzamiento de un producto o una recepci\u00f3n, nuestras nuevas salas de reuniones son perfectas para usted. Gracias a la modularidad de nuestras 2 salas de reuniones, todas con luz natural y equipadas con la [&hellip;]<\/p>\n","protected":false},"author":13,"featured_media":0,"parent":0,"menu_order":6,"comment_status":"closed","ping_status":"closed","template":"template-meeting-and-wedding.php","meta":{"footnotes":""},"class_list":["post-2566","page","type-page","status-publish","hentry"],"yoast_head":"<!-- This site is optimized with the Yoast SEO plugin v26.9 - https:\/\/yoast.com\/product\/yoast-seo-wordpress\/ -->\n<title>Salas De Reuniones - Hotel Carlton<\/title>\n<meta name=\"robots\" content=\"index, follow, max-snippet:-1, max-image-preview:large, max-video-preview:-1\" \/>\n<link rel=\"canonical\" href=\"https:\/\/www.hotelcarlton.net\/es\/salas-de-reuniones\/\" \/>\n<meta property=\"og:locale\" content=\"es_ES\" \/>\n<meta property=\"og:type\" content=\"article\" \/>\n<meta property=\"og:title\" content=\"Salas De Reuniones - Hotel Carlton\" \/>\n<meta property=\"og:description\" content=\"Su encuentro en el coraz\u00f3n de Ferrara! Si est\u00e1 buscando el lugar ideal para organizar una conferencia, una reuni\u00f3n de negocios, lanzamiento de un producto o una recepci\u00f3n, nuestras nuevas salas de reuniones son perfectas para usted. Gracias a la modularidad de nuestras 2 salas de reuniones, todas con luz natural y equipadas con la [&hellip;]\" \/>\n<meta property=\"og:url\" content=\"https:\/\/www.hotelcarlton.net\/es\/salas-de-reuniones\/\" \/>\n<meta property=\"og:site_name\" content=\"Hotel Carlton\" \/>\n<meta property=\"article:modified_time\" content=\"2022-11-18T08:21:23+00:00\" \/>\n<meta name=\"twitter:card\" content=\"summary_large_image\" \/>\n<meta name=\"twitter:label1\" content=\"Tiempo de lectura\" \/>\n\t<meta name=\"twitter:data1\" content=\"1 minuto\" \/>\n<script type=\"application\/ld+json\" class=\"yoast-schema-graph\">{\"@context\":\"https:\/\/schema.org\",\"@graph\":[{\"@type\":\"WebPage\",\"@id\":\"https:\/\/www.hotelcarlton.net\/es\/salas-de-reuniones\/\",\"url\":\"https:\/\/www.hotelcarlton.net\/es\/salas-de-reuniones\/\",\"name\":\"Salas De Reuniones - Hotel Carlton\",\"isPartOf\":{\"@id\":\"https:\/\/www.hotelcarlton.net\/es\/#website\"},\"datePublished\":\"2019-03-20T13:10:43+00:00\",\"dateModified\":\"2022-11-18T08:21:23+00:00\",\"breadcrumb\":{\"@id\":\"https:\/\/www.hotelcarlton.net\/es\/salas-de-reuniones\/#breadcrumb\"},\"inLanguage\":\"es\",\"potentialAction\":[{\"@type\":\"ReadAction\",\"target\":[\"https:\/\/www.hotelcarlton.net\/es\/salas-de-reuniones\/\"]}]},{\"@type\":\"BreadcrumbList\",\"@id\":\"https:\/\/www.hotelcarlton.net\/es\/salas-de-reuniones\/#breadcrumb\",\"itemListElement\":[{\"@type\":\"ListItem\",\"position\":1,\"name\":\"Home\",\"item\":\"https:\/\/www.hotelcarlton.net\/es\/\"},{\"@type\":\"ListItem\",\"position\":2,\"name\":\"Salas De Reuniones\"}]},{\"@type\":\"WebSite\",\"@id\":\"https:\/\/www.hotelcarlton.net\/es\/#website\",\"url\":\"https:\/\/www.hotelcarlton.net\/es\/\",\"name\":\"Hotel Carlton\",\"description\":\"Ecco un altro sito ms.decms.eu\",\"potentialAction\":[{\"@type\":\"SearchAction\",\"target\":{\"@type\":\"EntryPoint\",\"urlTemplate\":\"https:\/\/www.hotelcarlton.net\/es\/?s={search_term_string}\"},\"query-input\":{\"@type\":\"PropertyValueSpecification\",\"valueRequired\":true,\"valueName\":\"search_term_string\"}}],\"inLanguage\":\"es\"}]}<\/script>\n<!-- \/ Yoast SEO plugin. -->","yoast_head_json":{"title":"Salas De Reuniones - Hotel Carlton","robots":{"index":"index","follow":"follow","max-snippet":"max-snippet:-1","max-image-preview":"max-image-preview:large","max-video-preview":"max-video-preview:-1"},"canonical":"https:\/\/www.hotelcarlton.net\/es\/salas-de-reuniones\/","og_locale":"es_ES","og_type":"article","og_title":"Salas De Reuniones - Hotel Carlton","og_description":"Su encuentro en el coraz\u00f3n de Ferrara! Si est\u00e1 buscando el lugar ideal para organizar una conferencia, una reuni\u00f3n de negocios, lanzamiento de un producto o una recepci\u00f3n, nuestras nuevas salas de reuniones son perfectas para usted. Gracias a la modularidad de nuestras 2 salas de reuniones, todas con luz natural y equipadas con la [&hellip;]","og_url":"https:\/\/www.hotelcarlton.net\/es\/salas-de-reuniones\/","og_site_name":"Hotel Carlton","article_modified_time":"2022-11-18T08:21:23+00:00","twitter_card":"summary_large_image","twitter_misc":{"Tiempo de lectura":"1 minuto"},"schema":{"@context":"https:\/\/schema.org","@graph":[{"@type":"WebPage","@id":"https:\/\/www.hotelcarlton.net\/es\/salas-de-reuniones\/","url":"https:\/\/www.hotelcarlton.net\/es\/salas-de-reuniones\/","name":"Salas De Reuniones - Hotel Carlton","isPartOf":{"@id":"https:\/\/www.hotelcarlton.net\/es\/#website"},"datePublished":"2019-03-20T13:10:43+00:00","dateModified":"2022-11-18T08:21:23+00:00","breadcrumb":{"@id":"https:\/\/www.hotelcarlton.net\/es\/salas-de-reuniones\/#breadcrumb"},"inLanguage":"es","potentialAction":[{"@type":"ReadAction","target":["https:\/\/www.hotelcarlton.net\/es\/salas-de-reuniones\/"]}]},{"@type":"BreadcrumbList","@id":"https:\/\/www.hotelcarlton.net\/es\/salas-de-reuniones\/#breadcrumb","itemListElement":[{"@type":"ListItem","position":1,"name":"Home","item":"https:\/\/www.hotelcarlton.net\/es\/"},{"@type":"ListItem","position":2,"name":"Salas De Reuniones"}]},{"@type":"WebSite","@id":"https:\/\/www.hotelcarlton.net\/es\/#website","url":"https:\/\/www.hotelcarlton.net\/es\/","name":"Hotel Carlton","description":"Ecco un altro sito ms.decms.eu","potentialAction":[{"@type":"SearchAction","target":{"@type":"EntryPoint","urlTemplate":"https:\/\/www.hotelcarlton.net\/es\/?s={search_term_string}"},"query-input":{"@type":"PropertyValueSpecification","valueRequired":true,"valueName":"search_term_string"}}],"inLanguage":"es"}]}},"acf":[],"_links":{"self":[{"href":"https:\/\/www.hotelcarlton.net\/es\/wp-json\/wp\/v2\/pages\/2566","targetHints":{"allow":["GET"]}}],"collection":[{"href":"https:\/\/www.hotelcarlton.net\/es\/wp-json\/wp\/v2\/pages"}],"about":[{"href":"https:\/\/www.hotelcarlton.net\/es\/wp-json\/wp\/v2\/types\/page"}],"author":[{"embeddable":true,"href":"https:\/\/www.hotelcarlton.net\/es\/wp-json\/wp\/v2\/users\/13"}],"replies":[{"embeddable":true,"href":"https:\/\/www.hotelcarlton.net\/es\/wp-json\/wp\/v2\/comments?post=2566"}],"version-history":[{"count":0,"href":"https:\/\/www.hotelcarlton.net\/es\/wp-json\/wp\/v2\/pages\/2566\/revisions"}],"wp:attachment":[{"href":"https:\/\/www.hotelcarlton.net\/es\/wp-json\/wp\/v2\/media?parent=2566"}],"curies":[{"name":"wp","href":"https:\/\/api.w.org\/{rel}","templated":true}]}}