{"id":2557,"date":"2019-03-20T14:04:11","date_gmt":"2019-03-20T13:04:11","guid":{"rendered":"http:\/\/hotelcarlton.ms.decms.eu\/las-habitaciones\/panorama-zimmer\/"},"modified":"2019-04-17T15:49:30","modified_gmt":"2019-04-17T13:49:30","slug":"habitacion-panoramica","status":"publish","type":"page","link":"https:\/\/www.hotelcarlton.net\/es\/las-habitaciones\/habitacion-panoramica\/","title":{"rendered":"Habitaci\u00f2n Panor\u00e0mica"},"content":{"rendered":"<p><strong>\u201cVer Ferrara!\u201d<\/strong><\/p>\n<p><em>Nuestras habitaciones panor\u00e1micas est\u00e1n en el cuarto, quinto y sexto piso, algunas de ellas con una terraza desde donde se puede disfrutar de una magn\u00edfica vista del Castillo, la Catedral y de todo el centro hist\u00f3rico de la ciudad.<\/em><\/p>\n<p>, TV LDC Philips de 32 pulgadas, Wi-fi gratis, TV v\u00eda sat\u00e9lite y <strong>SKY<\/strong>, tel\u00e9fono, minibar, caja fuerte electr\u00f3nica, sanitarios Pozzi &amp; Ginori, ducha o ba\u00f1era, secador de pelo, armarios en madera natural, suelos hipoalerg\u00e9nicos LTE Plankwood, habitaciones no fumadores , Habitaciones para minusv\u00e1lidos y posibilidad de contar con una peque\u00f1a terraza.<\/p>\n<p><strong>Dimensiones:<\/strong> 14-30 mq<\/p>\n","protected":false},"excerpt":{"rendered":"<p>\u201cVer Ferrara!\u201d Nuestras habitaciones panor\u00e1micas est\u00e1n en el cuarto, quinto y sexto piso, algunas de ellas con una terraza desde donde se puede disfrutar de una magn\u00edfica vista del Castillo, la Catedral y de todo el centro hist\u00f3rico de la ciudad. , TV LDC Philips de 32 pulgadas, Wi-fi gratis, TV v\u00eda sat\u00e9lite y SKY, [&hellip;]<\/p>\n","protected":false},"author":13,"featured_media":0,"parent":2535,"menu_order":3,"comment_status":"closed","ping_status":"closed","template":"template-single-room.php","meta":{"footnotes":""},"class_list":["post-2557","page","type-page","status-publish","hentry"],"yoast_head":"<!-- This site is optimized with the Yoast SEO plugin v26.9 - https:\/\/yoast.com\/product\/yoast-seo-wordpress\/ -->\n<title>Habitaci\u00f2n Panor\u00e0mica - Hotel Carlton<\/title>\n<meta name=\"robots\" content=\"index, follow, max-snippet:-1, max-image-preview:large, max-video-preview:-1\" \/>\n<link rel=\"canonical\" href=\"https:\/\/www.hotelcarlton.net\/es\/las-habitaciones\/habitacion-panoramica\/\" \/>\n<meta property=\"og:locale\" content=\"es_ES\" \/>\n<meta property=\"og:type\" content=\"article\" \/>\n<meta property=\"og:title\" content=\"Habitaci\u00f2n Panor\u00e0mica - Hotel Carlton\" \/>\n<meta property=\"og:description\" content=\"\u201cVer Ferrara!\u201d Nuestras habitaciones panor\u00e1micas est\u00e1n en el cuarto, quinto y sexto piso, algunas de ellas con una terraza desde donde se puede disfrutar de una magn\u00edfica vista del Castillo, la Catedral y de todo el centro hist\u00f3rico de la ciudad. , TV LDC Philips de 32 pulgadas, Wi-fi gratis, TV v\u00eda sat\u00e9lite y SKY, [&hellip;]\" \/>\n<meta property=\"og:url\" content=\"https:\/\/www.hotelcarlton.net\/es\/las-habitaciones\/habitacion-panoramica\/\" \/>\n<meta property=\"og:site_name\" content=\"Hotel Carlton\" \/>\n<meta property=\"article:modified_time\" content=\"2019-04-17T13:49:30+00:00\" \/>\n<meta name=\"twitter:card\" content=\"summary_large_image\" \/>\n<meta name=\"twitter:label1\" content=\"Tiempo de lectura\" \/>\n\t<meta name=\"twitter:data1\" content=\"1 minuto\" \/>\n<script type=\"application\/ld+json\" class=\"yoast-schema-graph\">{\"@context\":\"https:\/\/schema.org\",\"@graph\":[{\"@type\":\"WebPage\",\"@id\":\"https:\/\/www.hotelcarlton.net\/es\/las-habitaciones\/habitacion-panoramica\/\",\"url\":\"https:\/\/www.hotelcarlton.net\/es\/las-habitaciones\/habitacion-panoramica\/\",\"name\":\"Habitaci\u00f2n Panor\u00e0mica - Hotel Carlton\",\"isPartOf\":{\"@id\":\"https:\/\/www.hotelcarlton.net\/es\/#website\"},\"datePublished\":\"2019-03-20T13:04:11+00:00\",\"dateModified\":\"2019-04-17T13:49:30+00:00\",\"breadcrumb\":{\"@id\":\"https:\/\/www.hotelcarlton.net\/es\/las-habitaciones\/habitacion-panoramica\/#breadcrumb\"},\"inLanguage\":\"es\",\"potentialAction\":[{\"@type\":\"ReadAction\",\"target\":[\"https:\/\/www.hotelcarlton.net\/es\/las-habitaciones\/habitacion-panoramica\/\"]}]},{\"@type\":\"BreadcrumbList\",\"@id\":\"https:\/\/www.hotelcarlton.net\/es\/las-habitaciones\/habitacion-panoramica\/#breadcrumb\",\"itemListElement\":[{\"@type\":\"ListItem\",\"position\":1,\"name\":\"Home\",\"item\":\"https:\/\/www.hotelcarlton.net\/es\/\"},{\"@type\":\"ListItem\",\"position\":2,\"name\":\"Las Habitaci\u00f3nes\",\"item\":\"https:\/\/www.hotelcarlton.net\/es\/las-habitaciones\/\"},{\"@type\":\"ListItem\",\"position\":3,\"name\":\"Habitaci\u00f2n Panor\u00e0mica\"}]},{\"@type\":\"WebSite\",\"@id\":\"https:\/\/www.hotelcarlton.net\/es\/#website\",\"url\":\"https:\/\/www.hotelcarlton.net\/es\/\",\"name\":\"Hotel Carlton\",\"description\":\"Ecco un altro sito ms.decms.eu\",\"potentialAction\":[{\"@type\":\"SearchAction\",\"target\":{\"@type\":\"EntryPoint\",\"urlTemplate\":\"https:\/\/www.hotelcarlton.net\/es\/?s={search_term_string}\"},\"query-input\":{\"@type\":\"PropertyValueSpecification\",\"valueRequired\":true,\"valueName\":\"search_term_string\"}}],\"inLanguage\":\"es\"}]}<\/script>\n<!-- \/ Yoast SEO plugin. -->","yoast_head_json":{"title":"Habitaci\u00f2n Panor\u00e0mica - Hotel Carlton","robots":{"index":"index","follow":"follow","max-snippet":"max-snippet:-1","max-image-preview":"max-image-preview:large","max-video-preview":"max-video-preview:-1"},"canonical":"https:\/\/www.hotelcarlton.net\/es\/las-habitaciones\/habitacion-panoramica\/","og_locale":"es_ES","og_type":"article","og_title":"Habitaci\u00f2n Panor\u00e0mica - Hotel Carlton","og_description":"\u201cVer Ferrara!\u201d Nuestras habitaciones panor\u00e1micas est\u00e1n en el cuarto, quinto y sexto piso, algunas de ellas con una terraza desde donde se puede disfrutar de una magn\u00edfica vista del Castillo, la Catedral y de todo el centro hist\u00f3rico de la ciudad. , TV LDC Philips de 32 pulgadas, Wi-fi gratis, TV v\u00eda sat\u00e9lite y SKY, [&hellip;]","og_url":"https:\/\/www.hotelcarlton.net\/es\/las-habitaciones\/habitacion-panoramica\/","og_site_name":"Hotel Carlton","article_modified_time":"2019-04-17T13:49:30+00:00","twitter_card":"summary_large_image","twitter_misc":{"Tiempo de lectura":"1 minuto"},"schema":{"@context":"https:\/\/schema.org","@graph":[{"@type":"WebPage","@id":"https:\/\/www.hotelcarlton.net\/es\/las-habitaciones\/habitacion-panoramica\/","url":"https:\/\/www.hotelcarlton.net\/es\/las-habitaciones\/habitacion-panoramica\/","name":"Habitaci\u00f2n Panor\u00e0mica - Hotel Carlton","isPartOf":{"@id":"https:\/\/www.hotelcarlton.net\/es\/#website"},"datePublished":"2019-03-20T13:04:11+00:00","dateModified":"2019-04-17T13:49:30+00:00","breadcrumb":{"@id":"https:\/\/www.hotelcarlton.net\/es\/las-habitaciones\/habitacion-panoramica\/#breadcrumb"},"inLanguage":"es","potentialAction":[{"@type":"ReadAction","target":["https:\/\/www.hotelcarlton.net\/es\/las-habitaciones\/habitacion-panoramica\/"]}]},{"@type":"BreadcrumbList","@id":"https:\/\/www.hotelcarlton.net\/es\/las-habitaciones\/habitacion-panoramica\/#breadcrumb","itemListElement":[{"@type":"ListItem","position":1,"name":"Home","item":"https:\/\/www.hotelcarlton.net\/es\/"},{"@type":"ListItem","position":2,"name":"Las Habitaci\u00f3nes","item":"https:\/\/www.hotelcarlton.net\/es\/las-habitaciones\/"},{"@type":"ListItem","position":3,"name":"Habitaci\u00f2n Panor\u00e0mica"}]},{"@type":"WebSite","@id":"https:\/\/www.hotelcarlton.net\/es\/#website","url":"https:\/\/www.hotelcarlton.net\/es\/","name":"Hotel Carlton","description":"Ecco un altro sito ms.decms.eu","potentialAction":[{"@type":"SearchAction","target":{"@type":"EntryPoint","urlTemplate":"https:\/\/www.hotelcarlton.net\/es\/?s={search_term_string}"},"query-input":{"@type":"PropertyValueSpecification","valueRequired":true,"valueName":"search_term_string"}}],"inLanguage":"es"}]}},"acf":[],"_links":{"self":[{"href":"https:\/\/www.hotelcarlton.net\/es\/wp-json\/wp\/v2\/pages\/2557","targetHints":{"allow":["GET"]}}],"collection":[{"href":"https:\/\/www.hotelcarlton.net\/es\/wp-json\/wp\/v2\/pages"}],"about":[{"href":"https:\/\/www.hotelcarlton.net\/es\/wp-json\/wp\/v2\/types\/page"}],"author":[{"embeddable":true,"href":"https:\/\/www.hotelcarlton.net\/es\/wp-json\/wp\/v2\/users\/13"}],"replies":[{"embeddable":true,"href":"https:\/\/www.hotelcarlton.net\/es\/wp-json\/wp\/v2\/comments?post=2557"}],"version-history":[{"count":0,"href":"https:\/\/www.hotelcarlton.net\/es\/wp-json\/wp\/v2\/pages\/2557\/revisions"}],"up":[{"embeddable":true,"href":"https:\/\/www.hotelcarlton.net\/es\/wp-json\/wp\/v2\/pages\/2535"}],"wp:attachment":[{"href":"https:\/\/www.hotelcarlton.net\/es\/wp-json\/wp\/v2\/media?parent=2557"}],"curies":[{"name":"wp","href":"https:\/\/api.w.org\/{rel}","templated":true}]}}