{"id":2505,"date":"2019-04-17T12:08:14","date_gmt":"2019-04-17T10:08:14","guid":{"rendered":"http:\/\/hotelcarlton.ms.decms.eu\/?page_id=2505"},"modified":"2021-04-13T12:14:28","modified_gmt":"2021-04-13T10:14:28","slug":"el-hotel","status":"publish","type":"page","link":"https:\/\/www.hotelcarlton.net\/es\/el-hotel\/","title":{"rendered":"El Hotel"},"content":{"rendered":"<p>Estamos en una posici\u00f3n estrat\u00e9gica en el centro de <strong>Ferrara<\/strong>, a 15 minutos a pie de la estaci\u00f3n de trenes o un corto trayecto en auto se puede llegar y aparcar en nuestro<strong> garaje privado<\/strong> o en el p\u00fablico situado enfrente del hotel.<\/p>\n<p>Los esperamos para presentarles el maravilloso Patrimonio de la Humanidad de la Unesco que es Ferrara!!!<\/p>\n<p><strong>Palazzo dei Diamanti<\/strong>, el <strong>Castillo Estense<\/strong>, la <strong>Catedral<\/strong>, el <strong>Palacio Schifanoia<\/strong>, zonas medievales y renacentistas de la ciudad o nuestra vieja Universidad son s\u00f3lo algunas de las muchas bellezas de Ferrara que se pueden visitar con un corto paseo a pie o en bicicleta, porque \u201cFerrara es la ciudad de las bicicletas \u201c!!<\/p>\n<p><strong>Desayuno<\/strong><br \/>\nA su despertar, de las 7 a las 10 de la ma\u00f1ana. Un <strong>desayuno internacional<\/strong> preparado cuidadosamente para satisfacer todos los gustos y necesidades diet\u00e9ticas \u2026\u2026 porque es b\u00e1sicamente la comida m\u00e1s importante del d\u00eda!!!<\/p>\n<p>Pan casero, as\u00ed como tartas dulces y saladas, fruta de temporada, cuando sea posible provenientes de nuestro propio territorio, huevos, tocino, embutidos y quesos probados y seleccionados cuidadosamente,<strong> croissants<\/strong>, <strong>productos org\u00e1nicos<\/strong>, <strong>cereales<\/strong> <strong>y por supuesto<\/strong>, un servicio de cafeter\u00eda expreso que nuestro personal estar\u00e1 encantado de servirle a la mesa, son s\u00f3lo algunas de las delicias que queremos ofrecerles ya desde temprano, tratando de variar peri\u00f3dicamente la oferta de nuestro buffet.<\/p>\n<p>Si usted tiene intolerancia al gluten, tenemos un rinc\u00f3n con buffet reservado a los <strong>productos sin gluten<\/strong> porque nuestro hotel est\u00e0 acreditado por la Asociaci\u00f2n Italiana Cel\u00ecaca.<\/p>\n<p>Si usted es madrugador no se preocupe porque a partir de las 5 y hasta las 7 de la ma\u00f1ana, en el Lobby Bar, siempre encontrar\u00e1 croissants, zumos y nuestro servicio expreso de cafeter\u00eda para un desayuno r\u00e1pido pero abundante.<\/p>\n<p>Para aquellos que prefieren despertar con calma el mismo servicio se ofrece desde las 10 am hasta las 12 del mediod\u00eda.<\/p>\n<p><strong>Catering<\/strong><br \/>\nNuestro Hotel ofrece un servicio de catering exclusivo para grupos o reuniones de al menos 25 personas.<\/p>\n<p>Para obtener informaci\u00f3n o una cita contacte nuestra recepci\u00f3n.<\/p>\n<p>A todos nuestros huespedes les ofrecemos algunos<strong> restaurantes convencionados<\/strong> y cuidadosamente seleccionados, ubicados a poca distancia de nuestro hotel \u2026 .. algunos de estos tambi\u00e9n pueden servir buenos almuerzos o cenas en su habitaci\u00f3n! Incluso esto es Hospitalidad !!!<\/p>\n","protected":false},"excerpt":{"rendered":"<p>Estamos en una posici\u00f3n estrat\u00e9gica en el centro de Ferrara, a 15 minutos a pie de la estaci\u00f3n de trenes o un corto trayecto en auto se puede llegar y aparcar en nuestro garaje privado o en el p\u00fablico situado enfrente del hotel. Los esperamos para presentarles el maravilloso Patrimonio de la Humanidad de la [&hellip;]<\/p>\n","protected":false},"author":21,"featured_media":0,"parent":0,"menu_order":2,"comment_status":"closed","ping_status":"closed","template":"","meta":{"footnotes":""},"class_list":["post-2505","page","type-page","status-publish","hentry"],"yoast_head":"<!-- This site is optimized with the Yoast SEO plugin v26.9 - https:\/\/yoast.com\/product\/yoast-seo-wordpress\/ -->\n<title>El Hotel - Hotel Carlton<\/title>\n<meta name=\"robots\" content=\"index, follow, max-snippet:-1, max-image-preview:large, max-video-preview:-1\" \/>\n<link rel=\"canonical\" href=\"https:\/\/www.hotelcarlton.net\/es\/el-hotel\/\" \/>\n<meta property=\"og:locale\" content=\"es_ES\" \/>\n<meta property=\"og:type\" content=\"article\" \/>\n<meta property=\"og:title\" content=\"El Hotel - Hotel Carlton\" \/>\n<meta property=\"og:description\" content=\"Estamos en una posici\u00f3n estrat\u00e9gica en el centro de Ferrara, a 15 minutos a pie de la estaci\u00f3n de trenes o un corto trayecto en auto se puede llegar y aparcar en nuestro garaje privado o en el p\u00fablico situado enfrente del hotel. Los esperamos para presentarles el maravilloso Patrimonio de la Humanidad de la [&hellip;]\" \/>\n<meta property=\"og:url\" content=\"https:\/\/www.hotelcarlton.net\/es\/el-hotel\/\" \/>\n<meta property=\"og:site_name\" content=\"Hotel Carlton\" \/>\n<meta property=\"article:modified_time\" content=\"2021-04-13T10:14:28+00:00\" \/>\n<meta name=\"twitter:card\" content=\"summary_large_image\" \/>\n<meta name=\"twitter:label1\" content=\"Tiempo de lectura\" \/>\n\t<meta name=\"twitter:data1\" content=\"2 minutos\" \/>\n<script type=\"application\/ld+json\" class=\"yoast-schema-graph\">{\"@context\":\"https:\/\/schema.org\",\"@graph\":[{\"@type\":\"WebPage\",\"@id\":\"https:\/\/www.hotelcarlton.net\/es\/el-hotel\/\",\"url\":\"https:\/\/www.hotelcarlton.net\/es\/el-hotel\/\",\"name\":\"El Hotel - Hotel Carlton\",\"isPartOf\":{\"@id\":\"https:\/\/www.hotelcarlton.net\/es\/#website\"},\"datePublished\":\"2019-04-17T10:08:14+00:00\",\"dateModified\":\"2021-04-13T10:14:28+00:00\",\"breadcrumb\":{\"@id\":\"https:\/\/www.hotelcarlton.net\/es\/el-hotel\/#breadcrumb\"},\"inLanguage\":\"es\",\"potentialAction\":[{\"@type\":\"ReadAction\",\"target\":[\"https:\/\/www.hotelcarlton.net\/es\/el-hotel\/\"]}]},{\"@type\":\"BreadcrumbList\",\"@id\":\"https:\/\/www.hotelcarlton.net\/es\/el-hotel\/#breadcrumb\",\"itemListElement\":[{\"@type\":\"ListItem\",\"position\":1,\"name\":\"Home\",\"item\":\"https:\/\/www.hotelcarlton.net\/es\/\"},{\"@type\":\"ListItem\",\"position\":2,\"name\":\"El Hotel\"}]},{\"@type\":\"WebSite\",\"@id\":\"https:\/\/www.hotelcarlton.net\/es\/#website\",\"url\":\"https:\/\/www.hotelcarlton.net\/es\/\",\"name\":\"Hotel Carlton\",\"description\":\"Ecco un altro sito ms.decms.eu\",\"potentialAction\":[{\"@type\":\"SearchAction\",\"target\":{\"@type\":\"EntryPoint\",\"urlTemplate\":\"https:\/\/www.hotelcarlton.net\/es\/?s={search_term_string}\"},\"query-input\":{\"@type\":\"PropertyValueSpecification\",\"valueRequired\":true,\"valueName\":\"search_term_string\"}}],\"inLanguage\":\"es\"}]}<\/script>\n<!-- \/ Yoast SEO plugin. -->","yoast_head_json":{"title":"El Hotel - Hotel Carlton","robots":{"index":"index","follow":"follow","max-snippet":"max-snippet:-1","max-image-preview":"max-image-preview:large","max-video-preview":"max-video-preview:-1"},"canonical":"https:\/\/www.hotelcarlton.net\/es\/el-hotel\/","og_locale":"es_ES","og_type":"article","og_title":"El Hotel - Hotel Carlton","og_description":"Estamos en una posici\u00f3n estrat\u00e9gica en el centro de Ferrara, a 15 minutos a pie de la estaci\u00f3n de trenes o un corto trayecto en auto se puede llegar y aparcar en nuestro garaje privado o en el p\u00fablico situado enfrente del hotel. Los esperamos para presentarles el maravilloso Patrimonio de la Humanidad de la [&hellip;]","og_url":"https:\/\/www.hotelcarlton.net\/es\/el-hotel\/","og_site_name":"Hotel Carlton","article_modified_time":"2021-04-13T10:14:28+00:00","twitter_card":"summary_large_image","twitter_misc":{"Tiempo de lectura":"2 minutos"},"schema":{"@context":"https:\/\/schema.org","@graph":[{"@type":"WebPage","@id":"https:\/\/www.hotelcarlton.net\/es\/el-hotel\/","url":"https:\/\/www.hotelcarlton.net\/es\/el-hotel\/","name":"El Hotel - Hotel Carlton","isPartOf":{"@id":"https:\/\/www.hotelcarlton.net\/es\/#website"},"datePublished":"2019-04-17T10:08:14+00:00","dateModified":"2021-04-13T10:14:28+00:00","breadcrumb":{"@id":"https:\/\/www.hotelcarlton.net\/es\/el-hotel\/#breadcrumb"},"inLanguage":"es","potentialAction":[{"@type":"ReadAction","target":["https:\/\/www.hotelcarlton.net\/es\/el-hotel\/"]}]},{"@type":"BreadcrumbList","@id":"https:\/\/www.hotelcarlton.net\/es\/el-hotel\/#breadcrumb","itemListElement":[{"@type":"ListItem","position":1,"name":"Home","item":"https:\/\/www.hotelcarlton.net\/es\/"},{"@type":"ListItem","position":2,"name":"El Hotel"}]},{"@type":"WebSite","@id":"https:\/\/www.hotelcarlton.net\/es\/#website","url":"https:\/\/www.hotelcarlton.net\/es\/","name":"Hotel Carlton","description":"Ecco un altro sito ms.decms.eu","potentialAction":[{"@type":"SearchAction","target":{"@type":"EntryPoint","urlTemplate":"https:\/\/www.hotelcarlton.net\/es\/?s={search_term_string}"},"query-input":{"@type":"PropertyValueSpecification","valueRequired":true,"valueName":"search_term_string"}}],"inLanguage":"es"}]}},"acf":[],"_links":{"self":[{"href":"https:\/\/www.hotelcarlton.net\/es\/wp-json\/wp\/v2\/pages\/2505","targetHints":{"allow":["GET"]}}],"collection":[{"href":"https:\/\/www.hotelcarlton.net\/es\/wp-json\/wp\/v2\/pages"}],"about":[{"href":"https:\/\/www.hotelcarlton.net\/es\/wp-json\/wp\/v2\/types\/page"}],"author":[{"embeddable":true,"href":"https:\/\/www.hotelcarlton.net\/es\/wp-json\/wp\/v2\/users\/21"}],"replies":[{"embeddable":true,"href":"https:\/\/www.hotelcarlton.net\/es\/wp-json\/wp\/v2\/comments?post=2505"}],"version-history":[{"count":0,"href":"https:\/\/www.hotelcarlton.net\/es\/wp-json\/wp\/v2\/pages\/2505\/revisions"}],"wp:attachment":[{"href":"https:\/\/www.hotelcarlton.net\/es\/wp-json\/wp\/v2\/media?parent=2505"}],"curies":[{"name":"wp","href":"https:\/\/api.w.org\/{rel}","templated":true}]}}