{"id":2716,"date":"2019-03-20T14:20:08","date_gmt":"2019-03-20T13:20:08","guid":{"rendered":"http:\/\/hotelcarlton.ms.decms.eu\/unsere-wohnungen\/appart-hotel-carlton\/"},"modified":"2025-02-26T16:12:34","modified_gmt":"2025-02-26T15:12:34","slug":"casalbergo-carlton","status":"publish","type":"page","link":"https:\/\/www.hotelcarlton.net\/de\/unsere-wohnungen\/casalbergo-carlton\/","title":{"rendered":"Casalbergo Carlton"},"content":{"rendered":"<p>Wer hat nicht schon einmal davon getr\u00e4umt, im Zentrum von Ferrara zu leben, in einer unabh\u00e4ngigen und eleganten Wohnung, aber mit einem friedlichen, heimeligen Gef\u00fchl? Morgens aufzuwachen, zum Fenster zu gehen und die Stadt unter sich zu sehen, lebendig. Wenn Sie das Hotel verlassen, befinden Sie sich direkt im Herzen des historischen Stadtzentrums, sofort umgeben von seiner warmen Vertrautheit. Wenn Sie sich jemals so etwas gew\u00fcnscht haben, ist das Carlton Casalbergo (Hotel Home) mit seiner extremen Flexibilit\u00e4t der neue Wohnkomplex f\u00fcr Sie. Das Carlton Casalbergo respektiert die absolute Bewegungsfreiheit seiner G\u00e4ste und bietet Apartments mit einem, zwei oder drei R\u00e4umen f\u00fcr Aufenthalte mittlerer Dauer. Sie sind alle unabh\u00e4ngig, sie wurden vollst\u00e4ndig mit neuester Technologie ausgestattet und mit jedem Komfort eines echten Hauses eingerichtet, komplett mit einer gro\u00dfen Garage. Das Carlton Casalbergo ist die ideale Unterkunft f\u00fcr Einzelpersonen oder kleine Familien, die, w\u00e4hrend sie unabh\u00e4ngig im historischen Zentrum leben, nicht isoliert sein m\u00f6chten, oder eine Hotelausstattung ben\u00f6tigen (oder telefonisch abrufbar w\u00fcnschen), die einen exklusiven oder ma\u00dfgeschneiderten Service bietet.<\/p>\n<p>Alle unsere Zimmer sind NICHTRAUCHER<\/p>\n<table>\n<tbody>\n<tr>\n<th><strong>INBEGRIFFENE LEISTUNGEN<\/strong>:<\/th>\n<th><strong>EXTRA LEISTUNGEN<\/strong>:<\/th>\n<\/tr>\n<tr>\n<th>\n<ul>\n<li>Fahrrad Parkplatz<\/li>\n<li>K\u00fcche oder Kochnische mit Tellern und Kochgeschirr<\/li>\n<li>Safe<\/li>\n<li>LCD 43\u2033 Fernseher<\/li>\n<li>F\u00f6hn<\/li>\n<li>Sportstudio des Hotel Carlton<\/li>\n<li>Telefon mit unabh\u00e4ngigem Festnetzanschluss<\/li>\n<li>Aufzug<\/li>\n<li>barrierefreier Zugang<\/li>\n<li>Alarmsystem, mit der Rezeption des Hotel Carlton verbunden<\/li>\n<li>Haustiere sind nicht erlaubt<\/li>\n<\/ul>\n<\/th>\n<th>\n<ul>\n<li>Strom und Heizung<\/li>\n<li>Tiefgarage<\/li>\n<li>Fahrradverleih<\/li>\n<li>Reinigung des Appartements auf Nachfrage<\/li>\n<li>Wechsel der Handt\u00fccher und Bettw\u00e4sche<\/li>\n<li>Betriebskosten<\/li>\n<li>Fr\u00fchst\u00fcck im Hotel<\/li>\n<li>Endreinigung<\/li>\n<li>WLAN Internetzugang<\/li>\n<li>Pflegedienst<\/li>\n<li>st\u00e4dtische Geb\u00fchren<\/li>\n<li>Textilreinigungsservice<\/li>\n<\/ul>\n<\/th>\n<\/tr>\n<\/tbody>\n<\/table>\n","protected":false},"excerpt":{"rendered":"<p>Wer hat nicht schon einmal davon getr\u00e4umt, im Zentrum von Ferrara zu leben, in einer unabh\u00e4ngigen und eleganten Wohnung, aber mit einem friedlichen, heimeligen Gef\u00fchl? Morgens aufzuwachen, zum Fenster zu gehen und die Stadt unter sich zu sehen, lebendig. Wenn Sie das Hotel verlassen, befinden Sie sich direkt im Herzen des historischen Stadtzentrums, sofort umgeben [&hellip;]<\/p>\n","protected":false},"author":13,"featured_media":0,"parent":2666,"menu_order":2,"comment_status":"closed","ping_status":"closed","template":"template-rooms.php","meta":{"footnotes":""},"class_list":["post-2716","page","type-page","status-publish","hentry"],"yoast_head":"<!-- This site is optimized with the Yoast SEO plugin v26.9 - https:\/\/yoast.com\/product\/yoast-seo-wordpress\/ -->\n<title>Casalbergo Carlton - Hotel Carlton<\/title>\n<meta name=\"robots\" content=\"index, follow, max-snippet:-1, max-image-preview:large, max-video-preview:-1\" \/>\n<link rel=\"canonical\" href=\"https:\/\/www.hotelcarlton.net\/de\/unsere-wohnungen\/casalbergo-carlton\/\" \/>\n<meta property=\"og:locale\" content=\"de_DE\" \/>\n<meta property=\"og:type\" content=\"article\" \/>\n<meta property=\"og:title\" content=\"Casalbergo Carlton - Hotel Carlton\" \/>\n<meta property=\"og:description\" content=\"Wer hat nicht schon einmal davon getr\u00e4umt, im Zentrum von Ferrara zu leben, in einer unabh\u00e4ngigen und eleganten Wohnung, aber mit einem friedlichen, heimeligen Gef\u00fchl? Morgens aufzuwachen, zum Fenster zu gehen und die Stadt unter sich zu sehen, lebendig. Wenn Sie das Hotel verlassen, befinden Sie sich direkt im Herzen des historischen Stadtzentrums, sofort umgeben [&hellip;]\" \/>\n<meta property=\"og:url\" content=\"https:\/\/www.hotelcarlton.net\/de\/unsere-wohnungen\/casalbergo-carlton\/\" \/>\n<meta property=\"og:site_name\" content=\"Hotel Carlton\" \/>\n<meta property=\"article:modified_time\" content=\"2025-02-26T15:12:34+00:00\" \/>\n<meta name=\"twitter:card\" content=\"summary_large_image\" \/>\n<meta name=\"twitter:label1\" content=\"Gesch\u00e4tzte Lesezeit\" \/>\n\t<meta name=\"twitter:data1\" content=\"2 Minuten\" \/>\n<script type=\"application\/ld+json\" class=\"yoast-schema-graph\">{\"@context\":\"https:\/\/schema.org\",\"@graph\":[{\"@type\":\"WebPage\",\"@id\":\"https:\/\/www.hotelcarlton.net\/de\/unsere-wohnungen\/casalbergo-carlton\/\",\"url\":\"https:\/\/www.hotelcarlton.net\/de\/unsere-wohnungen\/casalbergo-carlton\/\",\"name\":\"Casalbergo Carlton - Hotel Carlton\",\"isPartOf\":{\"@id\":\"https:\/\/www.hotelcarlton.net\/de\/#website\"},\"datePublished\":\"2019-03-20T13:20:08+00:00\",\"dateModified\":\"2025-02-26T15:12:34+00:00\",\"breadcrumb\":{\"@id\":\"https:\/\/www.hotelcarlton.net\/de\/unsere-wohnungen\/casalbergo-carlton\/#breadcrumb\"},\"inLanguage\":\"de-DE\",\"potentialAction\":[{\"@type\":\"ReadAction\",\"target\":[\"https:\/\/www.hotelcarlton.net\/de\/unsere-wohnungen\/casalbergo-carlton\/\"]}]},{\"@type\":\"BreadcrumbList\",\"@id\":\"https:\/\/www.hotelcarlton.net\/de\/unsere-wohnungen\/casalbergo-carlton\/#breadcrumb\",\"itemListElement\":[{\"@type\":\"ListItem\",\"position\":1,\"name\":\"Home\",\"item\":\"https:\/\/www.hotelcarlton.net\/de\/\"},{\"@type\":\"ListItem\",\"position\":2,\"name\":\"Unsere Wohnungen\",\"item\":\"https:\/\/www.hotelcarlton.net\/de\/unsere-wohnungen\/\"},{\"@type\":\"ListItem\",\"position\":3,\"name\":\"Casalbergo Carlton\"}]},{\"@type\":\"WebSite\",\"@id\":\"https:\/\/www.hotelcarlton.net\/de\/#website\",\"url\":\"https:\/\/www.hotelcarlton.net\/de\/\",\"name\":\"Hotel Carlton\",\"description\":\"Ecco un altro sito ms.decms.eu\",\"potentialAction\":[{\"@type\":\"SearchAction\",\"target\":{\"@type\":\"EntryPoint\",\"urlTemplate\":\"https:\/\/www.hotelcarlton.net\/de\/?s={search_term_string}\"},\"query-input\":{\"@type\":\"PropertyValueSpecification\",\"valueRequired\":true,\"valueName\":\"search_term_string\"}}],\"inLanguage\":\"de-DE\"}]}<\/script>\n<!-- \/ Yoast SEO plugin. -->","yoast_head_json":{"title":"Casalbergo Carlton - Hotel Carlton","robots":{"index":"index","follow":"follow","max-snippet":"max-snippet:-1","max-image-preview":"max-image-preview:large","max-video-preview":"max-video-preview:-1"},"canonical":"https:\/\/www.hotelcarlton.net\/de\/unsere-wohnungen\/casalbergo-carlton\/","og_locale":"de_DE","og_type":"article","og_title":"Casalbergo Carlton - Hotel Carlton","og_description":"Wer hat nicht schon einmal davon getr\u00e4umt, im Zentrum von Ferrara zu leben, in einer unabh\u00e4ngigen und eleganten Wohnung, aber mit einem friedlichen, heimeligen Gef\u00fchl? Morgens aufzuwachen, zum Fenster zu gehen und die Stadt unter sich zu sehen, lebendig. Wenn Sie das Hotel verlassen, befinden Sie sich direkt im Herzen des historischen Stadtzentrums, sofort umgeben [&hellip;]","og_url":"https:\/\/www.hotelcarlton.net\/de\/unsere-wohnungen\/casalbergo-carlton\/","og_site_name":"Hotel Carlton","article_modified_time":"2025-02-26T15:12:34+00:00","twitter_card":"summary_large_image","twitter_misc":{"Gesch\u00e4tzte Lesezeit":"2 Minuten"},"schema":{"@context":"https:\/\/schema.org","@graph":[{"@type":"WebPage","@id":"https:\/\/www.hotelcarlton.net\/de\/unsere-wohnungen\/casalbergo-carlton\/","url":"https:\/\/www.hotelcarlton.net\/de\/unsere-wohnungen\/casalbergo-carlton\/","name":"Casalbergo Carlton - Hotel Carlton","isPartOf":{"@id":"https:\/\/www.hotelcarlton.net\/de\/#website"},"datePublished":"2019-03-20T13:20:08+00:00","dateModified":"2025-02-26T15:12:34+00:00","breadcrumb":{"@id":"https:\/\/www.hotelcarlton.net\/de\/unsere-wohnungen\/casalbergo-carlton\/#breadcrumb"},"inLanguage":"de-DE","potentialAction":[{"@type":"ReadAction","target":["https:\/\/www.hotelcarlton.net\/de\/unsere-wohnungen\/casalbergo-carlton\/"]}]},{"@type":"BreadcrumbList","@id":"https:\/\/www.hotelcarlton.net\/de\/unsere-wohnungen\/casalbergo-carlton\/#breadcrumb","itemListElement":[{"@type":"ListItem","position":1,"name":"Home","item":"https:\/\/www.hotelcarlton.net\/de\/"},{"@type":"ListItem","position":2,"name":"Unsere Wohnungen","item":"https:\/\/www.hotelcarlton.net\/de\/unsere-wohnungen\/"},{"@type":"ListItem","position":3,"name":"Casalbergo Carlton"}]},{"@type":"WebSite","@id":"https:\/\/www.hotelcarlton.net\/de\/#website","url":"https:\/\/www.hotelcarlton.net\/de\/","name":"Hotel Carlton","description":"Ecco un altro sito ms.decms.eu","potentialAction":[{"@type":"SearchAction","target":{"@type":"EntryPoint","urlTemplate":"https:\/\/www.hotelcarlton.net\/de\/?s={search_term_string}"},"query-input":{"@type":"PropertyValueSpecification","valueRequired":true,"valueName":"search_term_string"}}],"inLanguage":"de-DE"}]}},"acf":[],"_links":{"self":[{"href":"https:\/\/www.hotelcarlton.net\/de\/wp-json\/wp\/v2\/pages\/2716","targetHints":{"allow":["GET"]}}],"collection":[{"href":"https:\/\/www.hotelcarlton.net\/de\/wp-json\/wp\/v2\/pages"}],"about":[{"href":"https:\/\/www.hotelcarlton.net\/de\/wp-json\/wp\/v2\/types\/page"}],"author":[{"embeddable":true,"href":"https:\/\/www.hotelcarlton.net\/de\/wp-json\/wp\/v2\/users\/13"}],"replies":[{"embeddable":true,"href":"https:\/\/www.hotelcarlton.net\/de\/wp-json\/wp\/v2\/comments?post=2716"}],"version-history":[{"count":0,"href":"https:\/\/www.hotelcarlton.net\/de\/wp-json\/wp\/v2\/pages\/2716\/revisions"}],"up":[{"embeddable":true,"href":"https:\/\/www.hotelcarlton.net\/de\/wp-json\/wp\/v2\/pages\/2666"}],"wp:attachment":[{"href":"https:\/\/www.hotelcarlton.net\/de\/wp-json\/wp\/v2\/media?parent=2716"}],"curies":[{"name":"wp","href":"https:\/\/api.w.org\/{rel}","templated":true}]}}