{"id":2673,"date":"2019-03-20T14:14:30","date_gmt":"2019-03-20T13:14:30","guid":{"rendered":"http:\/\/hotelcarlton.ms.decms.eu\/unsere-wohnungen\/dependance\/"},"modified":"2024-02-22T18:02:59","modified_gmt":"2024-02-22T17:02:59","slug":"dependance","status":"publish","type":"page","link":"https:\/\/www.hotelcarlton.net\/de\/unsere-wohnungen\/dependance\/","title":{"rendered":"Dependance"},"content":{"rendered":"<p>Im Dependance Carlton, neben dem Hotel, wohnen unsere G\u00e4ste in einem vollst\u00e4ndig restaurierten antiken Geb\u00e4ude, es verbindet exklusiven Service und Eleganz mit einer unaufdringlichen und komfortablen Umgebung. Dies ist ein Projekt, das entsprechend den Anforderungen des modernen Tourismus entworfen und umgesetzt wurde. Es wurde speziell f\u00fcr Aufenthalte mittlerer Dauer entworfen (w\u00f6chentlich oder monatlich). Die Carlton Dependance bietet unterschiedliche Apartmenttypen (zwei bis vier Betten), alle modern, ger\u00e4umig und elegant eingerichtet und mit jedem Komfort.<\/p>\n<p>Alle unsere Zimmer sind NICHTRAUCHER<\/p>\n<p>&nbsp;<\/p>\n<table>\n<tbody>\n<tr>\n<th><strong>INBEGRIFFENE LEISTUNGEN<\/strong>:<\/th>\n<th><strong>EXTRA LEISTUNGEN<\/strong>:<\/th>\n<\/tr>\n<tr>\n<th>\n<ul>\n<li>Reinigung und Austausch der Handt\u00fccher zwei Mal w\u00f6chentlich<\/li>\n<li>Telefon<\/li>\n<li>Heizung und Klimaanlage individuell steuerbar<\/li>\n<li>Safe<\/li>\n<li>\u00fcberwachung<\/li>\n<li>Fahrrad Parkplatz<\/li>\n<li>K\u00fcche oder Kochnische mit Tellern und Kochgeschirr<\/li>\n<li>LCD Fernseher<\/li>\n<li>F\u00f6hn<\/li>\n<li>Sportstudio des Hotel Carlton<\/li>\n<li>Haustiere erlaubt<\/li>\n<\/ul>\n<\/th>\n<th>\n<ul>\n<li>private Tiefgarage<\/li>\n<li>Fahrradverleih<\/li>\n<li>WLAN<\/li>\n<li>Fr\u00fchst\u00fcck im Hotel<\/li>\n<li>Endreinigung<\/li>\n<li>Textilreinigungsservice<\/li>\n<\/ul>\n<\/th>\n<\/tr>\n<\/tbody>\n<\/table>\n","protected":false},"excerpt":{"rendered":"<p>Im Dependance Carlton, neben dem Hotel, wohnen unsere G\u00e4ste in einem vollst\u00e4ndig restaurierten antiken Geb\u00e4ude, es verbindet exklusiven Service und Eleganz mit einer unaufdringlichen und komfortablen Umgebung. Dies ist ein Projekt, das entsprechend den Anforderungen des modernen Tourismus entworfen und umgesetzt wurde. Es wurde speziell f\u00fcr Aufenthalte mittlerer Dauer entworfen (w\u00f6chentlich oder monatlich). Die Carlton [&hellip;]<\/p>\n","protected":false},"author":13,"featured_media":0,"parent":2666,"menu_order":1,"comment_status":"closed","ping_status":"closed","template":"template-rooms.php","meta":{"footnotes":""},"class_list":["post-2673","page","type-page","status-publish","hentry"],"yoast_head":"<!-- This site is optimized with the Yoast SEO plugin v26.9 - https:\/\/yoast.com\/product\/yoast-seo-wordpress\/ -->\n<title>Dependance - Hotel Carlton<\/title>\n<meta name=\"robots\" content=\"index, follow, max-snippet:-1, max-image-preview:large, max-video-preview:-1\" \/>\n<link rel=\"canonical\" href=\"https:\/\/www.hotelcarlton.net\/de\/unsere-wohnungen\/dependance\/\" \/>\n<meta property=\"og:locale\" content=\"de_DE\" \/>\n<meta property=\"og:type\" content=\"article\" \/>\n<meta property=\"og:title\" content=\"Dependance - Hotel Carlton\" \/>\n<meta property=\"og:description\" content=\"Im Dependance Carlton, neben dem Hotel, wohnen unsere G\u00e4ste in einem vollst\u00e4ndig restaurierten antiken Geb\u00e4ude, es verbindet exklusiven Service und Eleganz mit einer unaufdringlichen und komfortablen Umgebung. Dies ist ein Projekt, das entsprechend den Anforderungen des modernen Tourismus entworfen und umgesetzt wurde. Es wurde speziell f\u00fcr Aufenthalte mittlerer Dauer entworfen (w\u00f6chentlich oder monatlich). Die Carlton [&hellip;]\" \/>\n<meta property=\"og:url\" content=\"https:\/\/www.hotelcarlton.net\/de\/unsere-wohnungen\/dependance\/\" \/>\n<meta property=\"og:site_name\" content=\"Hotel Carlton\" \/>\n<meta property=\"article:modified_time\" content=\"2024-02-22T17:02:59+00:00\" \/>\n<meta name=\"twitter:card\" content=\"summary_large_image\" \/>\n<meta name=\"twitter:label1\" content=\"Gesch\u00e4tzte Lesezeit\" \/>\n\t<meta name=\"twitter:data1\" content=\"1 Minute\" \/>\n<script type=\"application\/ld+json\" class=\"yoast-schema-graph\">{\"@context\":\"https:\/\/schema.org\",\"@graph\":[{\"@type\":\"WebPage\",\"@id\":\"https:\/\/www.hotelcarlton.net\/de\/unsere-wohnungen\/dependance\/\",\"url\":\"https:\/\/www.hotelcarlton.net\/de\/unsere-wohnungen\/dependance\/\",\"name\":\"Dependance - Hotel Carlton\",\"isPartOf\":{\"@id\":\"https:\/\/www.hotelcarlton.net\/de\/#website\"},\"datePublished\":\"2019-03-20T13:14:30+00:00\",\"dateModified\":\"2024-02-22T17:02:59+00:00\",\"breadcrumb\":{\"@id\":\"https:\/\/www.hotelcarlton.net\/de\/unsere-wohnungen\/dependance\/#breadcrumb\"},\"inLanguage\":\"de-DE\",\"potentialAction\":[{\"@type\":\"ReadAction\",\"target\":[\"https:\/\/www.hotelcarlton.net\/de\/unsere-wohnungen\/dependance\/\"]}]},{\"@type\":\"BreadcrumbList\",\"@id\":\"https:\/\/www.hotelcarlton.net\/de\/unsere-wohnungen\/dependance\/#breadcrumb\",\"itemListElement\":[{\"@type\":\"ListItem\",\"position\":1,\"name\":\"Home\",\"item\":\"https:\/\/www.hotelcarlton.net\/de\/\"},{\"@type\":\"ListItem\",\"position\":2,\"name\":\"Unsere Wohnungen\",\"item\":\"https:\/\/www.hotelcarlton.net\/de\/unsere-wohnungen\/\"},{\"@type\":\"ListItem\",\"position\":3,\"name\":\"Dependance\"}]},{\"@type\":\"WebSite\",\"@id\":\"https:\/\/www.hotelcarlton.net\/de\/#website\",\"url\":\"https:\/\/www.hotelcarlton.net\/de\/\",\"name\":\"Hotel Carlton\",\"description\":\"Ecco un altro sito ms.decms.eu\",\"potentialAction\":[{\"@type\":\"SearchAction\",\"target\":{\"@type\":\"EntryPoint\",\"urlTemplate\":\"https:\/\/www.hotelcarlton.net\/de\/?s={search_term_string}\"},\"query-input\":{\"@type\":\"PropertyValueSpecification\",\"valueRequired\":true,\"valueName\":\"search_term_string\"}}],\"inLanguage\":\"de-DE\"}]}<\/script>\n<!-- \/ Yoast SEO plugin. -->","yoast_head_json":{"title":"Dependance - Hotel Carlton","robots":{"index":"index","follow":"follow","max-snippet":"max-snippet:-1","max-image-preview":"max-image-preview:large","max-video-preview":"max-video-preview:-1"},"canonical":"https:\/\/www.hotelcarlton.net\/de\/unsere-wohnungen\/dependance\/","og_locale":"de_DE","og_type":"article","og_title":"Dependance - Hotel Carlton","og_description":"Im Dependance Carlton, neben dem Hotel, wohnen unsere G\u00e4ste in einem vollst\u00e4ndig restaurierten antiken Geb\u00e4ude, es verbindet exklusiven Service und Eleganz mit einer unaufdringlichen und komfortablen Umgebung. Dies ist ein Projekt, das entsprechend den Anforderungen des modernen Tourismus entworfen und umgesetzt wurde. Es wurde speziell f\u00fcr Aufenthalte mittlerer Dauer entworfen (w\u00f6chentlich oder monatlich). Die Carlton [&hellip;]","og_url":"https:\/\/www.hotelcarlton.net\/de\/unsere-wohnungen\/dependance\/","og_site_name":"Hotel Carlton","article_modified_time":"2024-02-22T17:02:59+00:00","twitter_card":"summary_large_image","twitter_misc":{"Gesch\u00e4tzte Lesezeit":"1 Minute"},"schema":{"@context":"https:\/\/schema.org","@graph":[{"@type":"WebPage","@id":"https:\/\/www.hotelcarlton.net\/de\/unsere-wohnungen\/dependance\/","url":"https:\/\/www.hotelcarlton.net\/de\/unsere-wohnungen\/dependance\/","name":"Dependance - Hotel Carlton","isPartOf":{"@id":"https:\/\/www.hotelcarlton.net\/de\/#website"},"datePublished":"2019-03-20T13:14:30+00:00","dateModified":"2024-02-22T17:02:59+00:00","breadcrumb":{"@id":"https:\/\/www.hotelcarlton.net\/de\/unsere-wohnungen\/dependance\/#breadcrumb"},"inLanguage":"de-DE","potentialAction":[{"@type":"ReadAction","target":["https:\/\/www.hotelcarlton.net\/de\/unsere-wohnungen\/dependance\/"]}]},{"@type":"BreadcrumbList","@id":"https:\/\/www.hotelcarlton.net\/de\/unsere-wohnungen\/dependance\/#breadcrumb","itemListElement":[{"@type":"ListItem","position":1,"name":"Home","item":"https:\/\/www.hotelcarlton.net\/de\/"},{"@type":"ListItem","position":2,"name":"Unsere Wohnungen","item":"https:\/\/www.hotelcarlton.net\/de\/unsere-wohnungen\/"},{"@type":"ListItem","position":3,"name":"Dependance"}]},{"@type":"WebSite","@id":"https:\/\/www.hotelcarlton.net\/de\/#website","url":"https:\/\/www.hotelcarlton.net\/de\/","name":"Hotel Carlton","description":"Ecco un altro sito ms.decms.eu","potentialAction":[{"@type":"SearchAction","target":{"@type":"EntryPoint","urlTemplate":"https:\/\/www.hotelcarlton.net\/de\/?s={search_term_string}"},"query-input":{"@type":"PropertyValueSpecification","valueRequired":true,"valueName":"search_term_string"}}],"inLanguage":"de-DE"}]}},"acf":[],"_links":{"self":[{"href":"https:\/\/www.hotelcarlton.net\/de\/wp-json\/wp\/v2\/pages\/2673","targetHints":{"allow":["GET"]}}],"collection":[{"href":"https:\/\/www.hotelcarlton.net\/de\/wp-json\/wp\/v2\/pages"}],"about":[{"href":"https:\/\/www.hotelcarlton.net\/de\/wp-json\/wp\/v2\/types\/page"}],"author":[{"embeddable":true,"href":"https:\/\/www.hotelcarlton.net\/de\/wp-json\/wp\/v2\/users\/13"}],"replies":[{"embeddable":true,"href":"https:\/\/www.hotelcarlton.net\/de\/wp-json\/wp\/v2\/comments?post=2673"}],"version-history":[{"count":0,"href":"https:\/\/www.hotelcarlton.net\/de\/wp-json\/wp\/v2\/pages\/2673\/revisions"}],"up":[{"embeddable":true,"href":"https:\/\/www.hotelcarlton.net\/de\/wp-json\/wp\/v2\/pages\/2666"}],"wp:attachment":[{"href":"https:\/\/www.hotelcarlton.net\/de\/wp-json\/wp\/v2\/media?parent=2673"}],"curies":[{"name":"wp","href":"https:\/\/api.w.org\/{rel}","templated":true}]}}