{"id":2641,"date":"2019-04-18T09:54:54","date_gmt":"2019-04-18T07:54:54","guid":{"rendered":"http:\/\/hotelcarlton.ms.decms.eu\/?page_id=2641"},"modified":"2019-04-18T09:54:54","modified_gmt":"2019-04-18T07:54:54","slug":"appartements-fuer-laengere-aufenthalte","status":"publish","type":"page","link":"https:\/\/www.hotelcarlton.net\/de\/dienstleistungen\/appartements-fuer-laengere-aufenthalte\/","title":{"rendered":"Appartements F\u00fcr L\u00e4ngere Aufenthalte"},"content":{"rendered":"<p>F\u00fcr mittel bis l\u00e4ngere Aufenthalte k\u00f6nnen Sie eines unserer Appartments ausw\u00e4hlen. Bitte gehen Sie auf die Rubrik &#8220; Appartments&#8220; auf unserer Home Page um das auszuw\u00e4hlen, was f\u00fcr Sie am besten passt.<\/p>\n","protected":false},"excerpt":{"rendered":"<p>F\u00fcr mittel bis l\u00e4ngere Aufenthalte k\u00f6nnen Sie eines unserer Appartments ausw\u00e4hlen. Bitte gehen Sie auf die Rubrik &#8220; Appartments&#8220; auf unserer Home Page um das auszuw\u00e4hlen, was f\u00fcr Sie am besten passt.<\/p>\n","protected":false},"author":21,"featured_media":0,"parent":2657,"menu_order":9,"comment_status":"closed","ping_status":"closed","template":"","meta":{"footnotes":""},"class_list":["post-2641","page","type-page","status-publish","hentry"],"yoast_head":"<!-- This site is optimized with the Yoast SEO plugin v26.9 - https:\/\/yoast.com\/product\/yoast-seo-wordpress\/ -->\n<title>Appartements F\u00fcr L\u00e4ngere Aufenthalte - Hotel Carlton<\/title>\n<meta name=\"robots\" content=\"index, follow, max-snippet:-1, max-image-preview:large, max-video-preview:-1\" \/>\n<link rel=\"canonical\" href=\"https:\/\/www.hotelcarlton.net\/de\/dienstleistungen\/appartements-fuer-laengere-aufenthalte\/\" \/>\n<meta property=\"og:locale\" content=\"de_DE\" \/>\n<meta property=\"og:type\" content=\"article\" \/>\n<meta property=\"og:title\" content=\"Appartements F\u00fcr L\u00e4ngere Aufenthalte - Hotel Carlton\" \/>\n<meta property=\"og:description\" content=\"F\u00fcr mittel bis l\u00e4ngere Aufenthalte k\u00f6nnen Sie eines unserer Appartments ausw\u00e4hlen. Bitte gehen Sie auf die Rubrik &#8220; Appartments&#8220; auf unserer Home Page um das auszuw\u00e4hlen, was f\u00fcr Sie am besten passt.\" \/>\n<meta property=\"og:url\" content=\"https:\/\/www.hotelcarlton.net\/de\/dienstleistungen\/appartements-fuer-laengere-aufenthalte\/\" \/>\n<meta property=\"og:site_name\" content=\"Hotel Carlton\" \/>\n<meta name=\"twitter:card\" content=\"summary_large_image\" \/>\n<script type=\"application\/ld+json\" class=\"yoast-schema-graph\">{\"@context\":\"https:\/\/schema.org\",\"@graph\":[{\"@type\":\"WebPage\",\"@id\":\"https:\/\/www.hotelcarlton.net\/de\/dienstleistungen\/appartements-fuer-laengere-aufenthalte\/\",\"url\":\"https:\/\/www.hotelcarlton.net\/de\/dienstleistungen\/appartements-fuer-laengere-aufenthalte\/\",\"name\":\"Appartements F\u00fcr L\u00e4ngere Aufenthalte - Hotel Carlton\",\"isPartOf\":{\"@id\":\"https:\/\/www.hotelcarlton.net\/de\/#website\"},\"datePublished\":\"2019-04-18T07:54:54+00:00\",\"breadcrumb\":{\"@id\":\"https:\/\/www.hotelcarlton.net\/de\/dienstleistungen\/appartements-fuer-laengere-aufenthalte\/#breadcrumb\"},\"inLanguage\":\"de-DE\",\"potentialAction\":[{\"@type\":\"ReadAction\",\"target\":[\"https:\/\/www.hotelcarlton.net\/de\/dienstleistungen\/appartements-fuer-laengere-aufenthalte\/\"]}]},{\"@type\":\"BreadcrumbList\",\"@id\":\"https:\/\/www.hotelcarlton.net\/de\/dienstleistungen\/appartements-fuer-laengere-aufenthalte\/#breadcrumb\",\"itemListElement\":[{\"@type\":\"ListItem\",\"position\":1,\"name\":\"Home\",\"item\":\"https:\/\/www.hotelcarlton.net\/de\/\"},{\"@type\":\"ListItem\",\"position\":2,\"name\":\"Dienstleistungen\",\"item\":\"https:\/\/www.hotelcarlton.net\/de\/dienstleistungen\/\"},{\"@type\":\"ListItem\",\"position\":3,\"name\":\"Appartements F\u00fcr L\u00e4ngere Aufenthalte\"}]},{\"@type\":\"WebSite\",\"@id\":\"https:\/\/www.hotelcarlton.net\/de\/#website\",\"url\":\"https:\/\/www.hotelcarlton.net\/de\/\",\"name\":\"Hotel Carlton\",\"description\":\"Ecco un altro sito ms.decms.eu\",\"potentialAction\":[{\"@type\":\"SearchAction\",\"target\":{\"@type\":\"EntryPoint\",\"urlTemplate\":\"https:\/\/www.hotelcarlton.net\/de\/?s={search_term_string}\"},\"query-input\":{\"@type\":\"PropertyValueSpecification\",\"valueRequired\":true,\"valueName\":\"search_term_string\"}}],\"inLanguage\":\"de-DE\"}]}<\/script>\n<!-- \/ Yoast SEO plugin. -->","yoast_head_json":{"title":"Appartements F\u00fcr L\u00e4ngere Aufenthalte - Hotel Carlton","robots":{"index":"index","follow":"follow","max-snippet":"max-snippet:-1","max-image-preview":"max-image-preview:large","max-video-preview":"max-video-preview:-1"},"canonical":"https:\/\/www.hotelcarlton.net\/de\/dienstleistungen\/appartements-fuer-laengere-aufenthalte\/","og_locale":"de_DE","og_type":"article","og_title":"Appartements F\u00fcr L\u00e4ngere Aufenthalte - Hotel Carlton","og_description":"F\u00fcr mittel bis l\u00e4ngere Aufenthalte k\u00f6nnen Sie eines unserer Appartments ausw\u00e4hlen. Bitte gehen Sie auf die Rubrik &#8220; Appartments&#8220; auf unserer Home Page um das auszuw\u00e4hlen, was f\u00fcr Sie am besten passt.","og_url":"https:\/\/www.hotelcarlton.net\/de\/dienstleistungen\/appartements-fuer-laengere-aufenthalte\/","og_site_name":"Hotel Carlton","twitter_card":"summary_large_image","schema":{"@context":"https:\/\/schema.org","@graph":[{"@type":"WebPage","@id":"https:\/\/www.hotelcarlton.net\/de\/dienstleistungen\/appartements-fuer-laengere-aufenthalte\/","url":"https:\/\/www.hotelcarlton.net\/de\/dienstleistungen\/appartements-fuer-laengere-aufenthalte\/","name":"Appartements F\u00fcr L\u00e4ngere Aufenthalte - Hotel Carlton","isPartOf":{"@id":"https:\/\/www.hotelcarlton.net\/de\/#website"},"datePublished":"2019-04-18T07:54:54+00:00","breadcrumb":{"@id":"https:\/\/www.hotelcarlton.net\/de\/dienstleistungen\/appartements-fuer-laengere-aufenthalte\/#breadcrumb"},"inLanguage":"de-DE","potentialAction":[{"@type":"ReadAction","target":["https:\/\/www.hotelcarlton.net\/de\/dienstleistungen\/appartements-fuer-laengere-aufenthalte\/"]}]},{"@type":"BreadcrumbList","@id":"https:\/\/www.hotelcarlton.net\/de\/dienstleistungen\/appartements-fuer-laengere-aufenthalte\/#breadcrumb","itemListElement":[{"@type":"ListItem","position":1,"name":"Home","item":"https:\/\/www.hotelcarlton.net\/de\/"},{"@type":"ListItem","position":2,"name":"Dienstleistungen","item":"https:\/\/www.hotelcarlton.net\/de\/dienstleistungen\/"},{"@type":"ListItem","position":3,"name":"Appartements F\u00fcr L\u00e4ngere Aufenthalte"}]},{"@type":"WebSite","@id":"https:\/\/www.hotelcarlton.net\/de\/#website","url":"https:\/\/www.hotelcarlton.net\/de\/","name":"Hotel Carlton","description":"Ecco un altro sito ms.decms.eu","potentialAction":[{"@type":"SearchAction","target":{"@type":"EntryPoint","urlTemplate":"https:\/\/www.hotelcarlton.net\/de\/?s={search_term_string}"},"query-input":{"@type":"PropertyValueSpecification","valueRequired":true,"valueName":"search_term_string"}}],"inLanguage":"de-DE"}]}},"acf":[],"_links":{"self":[{"href":"https:\/\/www.hotelcarlton.net\/de\/wp-json\/wp\/v2\/pages\/2641","targetHints":{"allow":["GET"]}}],"collection":[{"href":"https:\/\/www.hotelcarlton.net\/de\/wp-json\/wp\/v2\/pages"}],"about":[{"href":"https:\/\/www.hotelcarlton.net\/de\/wp-json\/wp\/v2\/types\/page"}],"author":[{"embeddable":true,"href":"https:\/\/www.hotelcarlton.net\/de\/wp-json\/wp\/v2\/users\/21"}],"replies":[{"embeddable":true,"href":"https:\/\/www.hotelcarlton.net\/de\/wp-json\/wp\/v2\/comments?post=2641"}],"version-history":[{"count":0,"href":"https:\/\/www.hotelcarlton.net\/de\/wp-json\/wp\/v2\/pages\/2641\/revisions"}],"up":[{"embeddable":true,"href":"https:\/\/www.hotelcarlton.net\/de\/wp-json\/wp\/v2\/pages\/2657"}],"wp:attachment":[{"href":"https:\/\/www.hotelcarlton.net\/de\/wp-json\/wp\/v2\/media?parent=2641"}],"curies":[{"name":"wp","href":"https:\/\/api.w.org\/{rel}","templated":true}]}}