{"id":2636,"date":"2019-04-18T09:49:07","date_gmt":"2019-04-18T07:49:07","guid":{"rendered":"http:\/\/hotelcarlton.ms.decms.eu\/?page_id=2636"},"modified":"2019-04-18T09:49:07","modified_gmt":"2019-04-18T07:49:07","slug":"wlan-und-internet","status":"publish","type":"page","link":"https:\/\/www.hotelcarlton.net\/de\/dienstleistungen\/wlan-und-internet\/","title":{"rendered":"Wlan und Internet"},"content":{"rendered":"<p>Wir verf\u00fcgen \u00fcberall \u00fcber kostenloses WLAN und Internetverbindung. In der Lobby befindet sich ein Internet point mit Drucker.<\/p>\n","protected":false},"excerpt":{"rendered":"<p>Wir verf\u00fcgen \u00fcberall \u00fcber kostenloses WLAN und Internetverbindung. In der Lobby befindet sich ein Internet point mit Drucker.<\/p>\n","protected":false},"author":21,"featured_media":0,"parent":2657,"menu_order":8,"comment_status":"closed","ping_status":"closed","template":"","meta":{"footnotes":""},"class_list":["post-2636","page","type-page","status-publish","hentry"],"yoast_head":"<!-- This site is optimized with the Yoast SEO plugin v26.9 - https:\/\/yoast.com\/product\/yoast-seo-wordpress\/ -->\n<title>Wlan und Internet - Hotel Carlton<\/title>\n<meta name=\"robots\" content=\"index, follow, max-snippet:-1, max-image-preview:large, max-video-preview:-1\" \/>\n<link rel=\"canonical\" href=\"https:\/\/www.hotelcarlton.net\/de\/dienstleistungen\/wlan-und-internet\/\" \/>\n<meta property=\"og:locale\" content=\"de_DE\" \/>\n<meta property=\"og:type\" content=\"article\" \/>\n<meta property=\"og:title\" content=\"Wlan und Internet - Hotel Carlton\" \/>\n<meta property=\"og:description\" content=\"Wir verf\u00fcgen \u00fcberall \u00fcber kostenloses WLAN und Internetverbindung. In der Lobby befindet sich ein Internet point mit Drucker.\" \/>\n<meta property=\"og:url\" content=\"https:\/\/www.hotelcarlton.net\/de\/dienstleistungen\/wlan-und-internet\/\" \/>\n<meta property=\"og:site_name\" content=\"Hotel Carlton\" \/>\n<meta name=\"twitter:card\" content=\"summary_large_image\" \/>\n<script type=\"application\/ld+json\" class=\"yoast-schema-graph\">{\"@context\":\"https:\/\/schema.org\",\"@graph\":[{\"@type\":\"WebPage\",\"@id\":\"https:\/\/www.hotelcarlton.net\/de\/dienstleistungen\/wlan-und-internet\/\",\"url\":\"https:\/\/www.hotelcarlton.net\/de\/dienstleistungen\/wlan-und-internet\/\",\"name\":\"Wlan und Internet - Hotel Carlton\",\"isPartOf\":{\"@id\":\"https:\/\/www.hotelcarlton.net\/de\/#website\"},\"datePublished\":\"2019-04-18T07:49:07+00:00\",\"breadcrumb\":{\"@id\":\"https:\/\/www.hotelcarlton.net\/de\/dienstleistungen\/wlan-und-internet\/#breadcrumb\"},\"inLanguage\":\"de-DE\",\"potentialAction\":[{\"@type\":\"ReadAction\",\"target\":[\"https:\/\/www.hotelcarlton.net\/de\/dienstleistungen\/wlan-und-internet\/\"]}]},{\"@type\":\"BreadcrumbList\",\"@id\":\"https:\/\/www.hotelcarlton.net\/de\/dienstleistungen\/wlan-und-internet\/#breadcrumb\",\"itemListElement\":[{\"@type\":\"ListItem\",\"position\":1,\"name\":\"Home\",\"item\":\"https:\/\/www.hotelcarlton.net\/de\/\"},{\"@type\":\"ListItem\",\"position\":2,\"name\":\"Dienstleistungen\",\"item\":\"https:\/\/www.hotelcarlton.net\/de\/dienstleistungen\/\"},{\"@type\":\"ListItem\",\"position\":3,\"name\":\"Wlan und Internet\"}]},{\"@type\":\"WebSite\",\"@id\":\"https:\/\/www.hotelcarlton.net\/de\/#website\",\"url\":\"https:\/\/www.hotelcarlton.net\/de\/\",\"name\":\"Hotel Carlton\",\"description\":\"Ecco un altro sito ms.decms.eu\",\"potentialAction\":[{\"@type\":\"SearchAction\",\"target\":{\"@type\":\"EntryPoint\",\"urlTemplate\":\"https:\/\/www.hotelcarlton.net\/de\/?s={search_term_string}\"},\"query-input\":{\"@type\":\"PropertyValueSpecification\",\"valueRequired\":true,\"valueName\":\"search_term_string\"}}],\"inLanguage\":\"de-DE\"}]}<\/script>\n<!-- \/ Yoast SEO plugin. -->","yoast_head_json":{"title":"Wlan und Internet - Hotel Carlton","robots":{"index":"index","follow":"follow","max-snippet":"max-snippet:-1","max-image-preview":"max-image-preview:large","max-video-preview":"max-video-preview:-1"},"canonical":"https:\/\/www.hotelcarlton.net\/de\/dienstleistungen\/wlan-und-internet\/","og_locale":"de_DE","og_type":"article","og_title":"Wlan und Internet - Hotel Carlton","og_description":"Wir verf\u00fcgen \u00fcberall \u00fcber kostenloses WLAN und Internetverbindung. In der Lobby befindet sich ein Internet point mit Drucker.","og_url":"https:\/\/www.hotelcarlton.net\/de\/dienstleistungen\/wlan-und-internet\/","og_site_name":"Hotel Carlton","twitter_card":"summary_large_image","schema":{"@context":"https:\/\/schema.org","@graph":[{"@type":"WebPage","@id":"https:\/\/www.hotelcarlton.net\/de\/dienstleistungen\/wlan-und-internet\/","url":"https:\/\/www.hotelcarlton.net\/de\/dienstleistungen\/wlan-und-internet\/","name":"Wlan und Internet - Hotel Carlton","isPartOf":{"@id":"https:\/\/www.hotelcarlton.net\/de\/#website"},"datePublished":"2019-04-18T07:49:07+00:00","breadcrumb":{"@id":"https:\/\/www.hotelcarlton.net\/de\/dienstleistungen\/wlan-und-internet\/#breadcrumb"},"inLanguage":"de-DE","potentialAction":[{"@type":"ReadAction","target":["https:\/\/www.hotelcarlton.net\/de\/dienstleistungen\/wlan-und-internet\/"]}]},{"@type":"BreadcrumbList","@id":"https:\/\/www.hotelcarlton.net\/de\/dienstleistungen\/wlan-und-internet\/#breadcrumb","itemListElement":[{"@type":"ListItem","position":1,"name":"Home","item":"https:\/\/www.hotelcarlton.net\/de\/"},{"@type":"ListItem","position":2,"name":"Dienstleistungen","item":"https:\/\/www.hotelcarlton.net\/de\/dienstleistungen\/"},{"@type":"ListItem","position":3,"name":"Wlan und Internet"}]},{"@type":"WebSite","@id":"https:\/\/www.hotelcarlton.net\/de\/#website","url":"https:\/\/www.hotelcarlton.net\/de\/","name":"Hotel Carlton","description":"Ecco un altro sito ms.decms.eu","potentialAction":[{"@type":"SearchAction","target":{"@type":"EntryPoint","urlTemplate":"https:\/\/www.hotelcarlton.net\/de\/?s={search_term_string}"},"query-input":{"@type":"PropertyValueSpecification","valueRequired":true,"valueName":"search_term_string"}}],"inLanguage":"de-DE"}]}},"acf":[],"_links":{"self":[{"href":"https:\/\/www.hotelcarlton.net\/de\/wp-json\/wp\/v2\/pages\/2636","targetHints":{"allow":["GET"]}}],"collection":[{"href":"https:\/\/www.hotelcarlton.net\/de\/wp-json\/wp\/v2\/pages"}],"about":[{"href":"https:\/\/www.hotelcarlton.net\/de\/wp-json\/wp\/v2\/types\/page"}],"author":[{"embeddable":true,"href":"https:\/\/www.hotelcarlton.net\/de\/wp-json\/wp\/v2\/users\/21"}],"replies":[{"embeddable":true,"href":"https:\/\/www.hotelcarlton.net\/de\/wp-json\/wp\/v2\/comments?post=2636"}],"version-history":[{"count":0,"href":"https:\/\/www.hotelcarlton.net\/de\/wp-json\/wp\/v2\/pages\/2636\/revisions"}],"up":[{"embeddable":true,"href":"https:\/\/www.hotelcarlton.net\/de\/wp-json\/wp\/v2\/pages\/2657"}],"wp:attachment":[{"href":"https:\/\/www.hotelcarlton.net\/de\/wp-json\/wp\/v2\/media?parent=2636"}],"curies":[{"name":"wp","href":"https:\/\/api.w.org\/{rel}","templated":true}]}}