{"id":2626,"date":"2019-03-25T15:02:15","date_gmt":"2019-03-25T14:02:15","guid":{"rendered":"http:\/\/hotelcarlton.ms.decms.eu\/cyclotourisme-2\/"},"modified":"2019-05-09T09:49:21","modified_gmt":"2019-05-09T07:49:21","slug":"fahrradtourismus","status":"publish","type":"page","link":"https:\/\/www.hotelcarlton.net\/de\/dienstleistungen\/fahrradtourismus\/","title":{"rendered":"Fahrradtourismus"},"content":{"rendered":"<p>&#8222;Ferrara, die Fahrradstadt&#8220;, das ist kein einfacher Werbeslogan&#8230;&#8230;das Fahrrad ist in der DNA von jedem Einwohner Ferraras; wir benutzen das Fahrrad um damit zur Arbeit zu fahren, uns mit Freunden zu treffen, um einkaufen zu gehen, unsere Kinder zur Schule zu bringen oder wunderbare Ausfl\u00fcge in die Stadt oder aufs Land zu machen.<\/p>\n<p>Dank dieser Art, das Leben zu verstehen und Dank eines Gebietes, das besonders f\u00fcr den Fahrradtourismus und einen Slow Tourismus geeignet ist, haben wir das Hotel Carlton mit verschiedenen Services ausgestattet, welche denjenigen zur Verf\u00fcgung stehen, die ihren Urlaub haupts\u00e4chlich mit dem Fahrrad verleben.<\/p>\n<p>Sie k\u00f6nnen von weit weg kommen und mit Ihrem Fahrrad Station im Hotel Carlton machen, oder Sie k\u00f6nnen Ferrara als Ausgangspunkt f\u00fcr Ausfl\u00fcge in die Provinz nutzen. Hier gibt es Kunst und Natur zu entdecken, den gro\u00dfen Flu\u00df Po, der Ferrara durchquert um in die Adria zu m\u00fcnden. Dieser gibt den Valli di Commacchio um dem Parco del Delta del Po mit seinen bezaubernden Landschaften seinen Ursprung.<\/p>\n<p>F\u00fcr all diejenigen, die sich einen Urlaub ohne Fahrrad nicht vorstellen k\u00f6nnen, bietet das Hotel Carlton folgende Leistungen an:<\/p>\n<ul>\n<li>\u00dcberdachter und Video \u00dcberwachter Stellplatz f\u00fcr Fahrr\u00e4der<\/li>\n<li>Waschplatz f\u00fcr Fahrr\u00e4der<\/li>\n<li>kleine Werkstattecke mit Grundwerkzeugen zur Fahrradreparatur<\/li>\n<li>t\u00e4glich aktualisierter Wetterbericht<\/li>\n<li>Textilreinigungsservice und Trockenservice f\u00fcr Schuhe<\/li>\n<li>wir empfehlen Ihnen Fahrstrecken und drucken Ihnen diese auf Wunsch auch aus<\/li>\n<li>Ma\u00dfgeschneiderte Men\u00fcs f\u00fcr Sportgruppen von mindestens 25 Personen<\/li>\n<li>Lunchbox mit belegten Br\u00f6tchen, Obst und Getr\u00e4nken<\/li>\n<li>Fahrradverleih<\/li>\n<li>Sonderkonditionen in Sportgesch\u00e4ften f\u00fcr Fahrradverleih und f\u00fcr den Kauf von Fahrradkleidung und Accessoires<\/li>\n<\/ul>\n<p>Um Ihre ideale Fahrstrecke in Ferrara und deren Provinz zu finden besuchen Sie bitte <a href=\"https:\/\/www.ferraraterraeacqua.it\/de\/fahrradtourismus?set_language=de\" target=\"_blank\" rel=\"noopener noreferrer\">www.ferraraterraeacqua.it\/de<\/a>\u00a0oder kontaktieren Sie uns damit wir Ihnen alle n\u00f6tigen Infomationen zukommen lassen k\u00f6nnen. info@hotelcarlton.net<\/p>\n","protected":false},"excerpt":{"rendered":"<p>&#8222;Ferrara, die Fahrradstadt&#8220;, das ist kein einfacher Werbeslogan&#8230;&#8230;das Fahrrad ist in der DNA von jedem Einwohner Ferraras; wir benutzen das Fahrrad um damit zur Arbeit zu fahren, uns mit Freunden zu treffen, um einkaufen zu gehen, unsere Kinder zur Schule zu bringen oder wunderbare Ausfl\u00fcge in die Stadt oder aufs Land zu machen. Dank dieser [&hellip;]<\/p>\n","protected":false},"author":13,"featured_media":0,"parent":2657,"menu_order":6,"comment_status":"closed","ping_status":"closed","template":"","meta":{"footnotes":""},"class_list":["post-2626","page","type-page","status-publish","hentry"],"yoast_head":"<!-- This site is optimized with the Yoast SEO plugin v26.9 - https:\/\/yoast.com\/product\/yoast-seo-wordpress\/ -->\n<title>Fahrradtourismus - Hotel Carlton<\/title>\n<meta name=\"robots\" content=\"index, follow, max-snippet:-1, max-image-preview:large, max-video-preview:-1\" \/>\n<link rel=\"canonical\" href=\"https:\/\/www.hotelcarlton.net\/de\/dienstleistungen\/fahrradtourismus\/\" \/>\n<meta property=\"og:locale\" content=\"de_DE\" \/>\n<meta property=\"og:type\" content=\"article\" \/>\n<meta property=\"og:title\" content=\"Fahrradtourismus - Hotel Carlton\" \/>\n<meta property=\"og:description\" content=\"&#8222;Ferrara, die Fahrradstadt&#8220;, das ist kein einfacher Werbeslogan&#8230;&#8230;das Fahrrad ist in der DNA von jedem Einwohner Ferraras; wir benutzen das Fahrrad um damit zur Arbeit zu fahren, uns mit Freunden zu treffen, um einkaufen zu gehen, unsere Kinder zur Schule zu bringen oder wunderbare Ausfl\u00fcge in die Stadt oder aufs Land zu machen. Dank dieser [&hellip;]\" \/>\n<meta property=\"og:url\" content=\"https:\/\/www.hotelcarlton.net\/de\/dienstleistungen\/fahrradtourismus\/\" \/>\n<meta property=\"og:site_name\" content=\"Hotel Carlton\" \/>\n<meta property=\"article:modified_time\" content=\"2019-05-09T07:49:21+00:00\" \/>\n<meta name=\"twitter:card\" content=\"summary_large_image\" \/>\n<meta name=\"twitter:label1\" content=\"Gesch\u00e4tzte Lesezeit\" \/>\n\t<meta name=\"twitter:data1\" content=\"2 Minuten\" \/>\n<script type=\"application\/ld+json\" class=\"yoast-schema-graph\">{\"@context\":\"https:\/\/schema.org\",\"@graph\":[{\"@type\":\"WebPage\",\"@id\":\"https:\/\/www.hotelcarlton.net\/de\/dienstleistungen\/fahrradtourismus\/\",\"url\":\"https:\/\/www.hotelcarlton.net\/de\/dienstleistungen\/fahrradtourismus\/\",\"name\":\"Fahrradtourismus - Hotel Carlton\",\"isPartOf\":{\"@id\":\"https:\/\/www.hotelcarlton.net\/de\/#website\"},\"datePublished\":\"2019-03-25T14:02:15+00:00\",\"dateModified\":\"2019-05-09T07:49:21+00:00\",\"breadcrumb\":{\"@id\":\"https:\/\/www.hotelcarlton.net\/de\/dienstleistungen\/fahrradtourismus\/#breadcrumb\"},\"inLanguage\":\"de-DE\",\"potentialAction\":[{\"@type\":\"ReadAction\",\"target\":[\"https:\/\/www.hotelcarlton.net\/de\/dienstleistungen\/fahrradtourismus\/\"]}]},{\"@type\":\"BreadcrumbList\",\"@id\":\"https:\/\/www.hotelcarlton.net\/de\/dienstleistungen\/fahrradtourismus\/#breadcrumb\",\"itemListElement\":[{\"@type\":\"ListItem\",\"position\":1,\"name\":\"Home\",\"item\":\"https:\/\/www.hotelcarlton.net\/de\/\"},{\"@type\":\"ListItem\",\"position\":2,\"name\":\"Dienstleistungen\",\"item\":\"https:\/\/www.hotelcarlton.net\/de\/dienstleistungen\/\"},{\"@type\":\"ListItem\",\"position\":3,\"name\":\"Fahrradtourismus\"}]},{\"@type\":\"WebSite\",\"@id\":\"https:\/\/www.hotelcarlton.net\/de\/#website\",\"url\":\"https:\/\/www.hotelcarlton.net\/de\/\",\"name\":\"Hotel Carlton\",\"description\":\"Ecco un altro sito ms.decms.eu\",\"potentialAction\":[{\"@type\":\"SearchAction\",\"target\":{\"@type\":\"EntryPoint\",\"urlTemplate\":\"https:\/\/www.hotelcarlton.net\/de\/?s={search_term_string}\"},\"query-input\":{\"@type\":\"PropertyValueSpecification\",\"valueRequired\":true,\"valueName\":\"search_term_string\"}}],\"inLanguage\":\"de-DE\"}]}<\/script>\n<!-- \/ Yoast SEO plugin. -->","yoast_head_json":{"title":"Fahrradtourismus - Hotel Carlton","robots":{"index":"index","follow":"follow","max-snippet":"max-snippet:-1","max-image-preview":"max-image-preview:large","max-video-preview":"max-video-preview:-1"},"canonical":"https:\/\/www.hotelcarlton.net\/de\/dienstleistungen\/fahrradtourismus\/","og_locale":"de_DE","og_type":"article","og_title":"Fahrradtourismus - Hotel Carlton","og_description":"&#8222;Ferrara, die Fahrradstadt&#8220;, das ist kein einfacher Werbeslogan&#8230;&#8230;das Fahrrad ist in der DNA von jedem Einwohner Ferraras; wir benutzen das Fahrrad um damit zur Arbeit zu fahren, uns mit Freunden zu treffen, um einkaufen zu gehen, unsere Kinder zur Schule zu bringen oder wunderbare Ausfl\u00fcge in die Stadt oder aufs Land zu machen. Dank dieser [&hellip;]","og_url":"https:\/\/www.hotelcarlton.net\/de\/dienstleistungen\/fahrradtourismus\/","og_site_name":"Hotel Carlton","article_modified_time":"2019-05-09T07:49:21+00:00","twitter_card":"summary_large_image","twitter_misc":{"Gesch\u00e4tzte Lesezeit":"2 Minuten"},"schema":{"@context":"https:\/\/schema.org","@graph":[{"@type":"WebPage","@id":"https:\/\/www.hotelcarlton.net\/de\/dienstleistungen\/fahrradtourismus\/","url":"https:\/\/www.hotelcarlton.net\/de\/dienstleistungen\/fahrradtourismus\/","name":"Fahrradtourismus - Hotel Carlton","isPartOf":{"@id":"https:\/\/www.hotelcarlton.net\/de\/#website"},"datePublished":"2019-03-25T14:02:15+00:00","dateModified":"2019-05-09T07:49:21+00:00","breadcrumb":{"@id":"https:\/\/www.hotelcarlton.net\/de\/dienstleistungen\/fahrradtourismus\/#breadcrumb"},"inLanguage":"de-DE","potentialAction":[{"@type":"ReadAction","target":["https:\/\/www.hotelcarlton.net\/de\/dienstleistungen\/fahrradtourismus\/"]}]},{"@type":"BreadcrumbList","@id":"https:\/\/www.hotelcarlton.net\/de\/dienstleistungen\/fahrradtourismus\/#breadcrumb","itemListElement":[{"@type":"ListItem","position":1,"name":"Home","item":"https:\/\/www.hotelcarlton.net\/de\/"},{"@type":"ListItem","position":2,"name":"Dienstleistungen","item":"https:\/\/www.hotelcarlton.net\/de\/dienstleistungen\/"},{"@type":"ListItem","position":3,"name":"Fahrradtourismus"}]},{"@type":"WebSite","@id":"https:\/\/www.hotelcarlton.net\/de\/#website","url":"https:\/\/www.hotelcarlton.net\/de\/","name":"Hotel Carlton","description":"Ecco un altro sito ms.decms.eu","potentialAction":[{"@type":"SearchAction","target":{"@type":"EntryPoint","urlTemplate":"https:\/\/www.hotelcarlton.net\/de\/?s={search_term_string}"},"query-input":{"@type":"PropertyValueSpecification","valueRequired":true,"valueName":"search_term_string"}}],"inLanguage":"de-DE"}]}},"acf":[],"_links":{"self":[{"href":"https:\/\/www.hotelcarlton.net\/de\/wp-json\/wp\/v2\/pages\/2626","targetHints":{"allow":["GET"]}}],"collection":[{"href":"https:\/\/www.hotelcarlton.net\/de\/wp-json\/wp\/v2\/pages"}],"about":[{"href":"https:\/\/www.hotelcarlton.net\/de\/wp-json\/wp\/v2\/types\/page"}],"author":[{"embeddable":true,"href":"https:\/\/www.hotelcarlton.net\/de\/wp-json\/wp\/v2\/users\/13"}],"replies":[{"embeddable":true,"href":"https:\/\/www.hotelcarlton.net\/de\/wp-json\/wp\/v2\/comments?post=2626"}],"version-history":[{"count":0,"href":"https:\/\/www.hotelcarlton.net\/de\/wp-json\/wp\/v2\/pages\/2626\/revisions"}],"up":[{"embeddable":true,"href":"https:\/\/www.hotelcarlton.net\/de\/wp-json\/wp\/v2\/pages\/2657"}],"wp:attachment":[{"href":"https:\/\/www.hotelcarlton.net\/de\/wp-json\/wp\/v2\/media?parent=2626"}],"curies":[{"name":"wp","href":"https:\/\/api.w.org\/{rel}","templated":true}]}}