{"id":2611,"date":"2019-04-18T09:05:46","date_gmt":"2019-04-18T07:05:46","guid":{"rendered":"http:\/\/hotelcarlton.ms.decms.eu\/?page_id=2611"},"modified":"2019-04-18T09:06:01","modified_gmt":"2019-04-18T07:06:01","slug":"garage","status":"publish","type":"page","link":"https:\/\/www.hotelcarlton.net\/de\/dienstleistungen\/garage\/","title":{"rendered":"Garage"},"content":{"rendered":"<p>Wir befinden uns in der Innenstadt aber mit einer privaten Tiefgarage mit 24 Parkpl\u00e4tzen welche sich vor dem Hotel befindet. Der Parkplatz kann mit der Zimmerbuchung reserviert werden. Auch stehen \u00f6ffentliche Parkpl\u00e4tze gegen\u00fcber des Hotels zur Verf\u00fcgung.<\/p>\n","protected":false},"excerpt":{"rendered":"<p>Wir befinden uns in der Innenstadt aber mit einer privaten Tiefgarage mit 24 Parkpl\u00e4tzen welche sich vor dem Hotel befindet. Der Parkplatz kann mit der Zimmerbuchung reserviert werden. Auch stehen \u00f6ffentliche Parkpl\u00e4tze gegen\u00fcber des Hotels zur Verf\u00fcgung.<\/p>\n","protected":false},"author":21,"featured_media":0,"parent":2657,"menu_order":2,"comment_status":"closed","ping_status":"closed","template":"","meta":{"footnotes":""},"class_list":["post-2611","page","type-page","status-publish","hentry"],"yoast_head":"<!-- This site is optimized with the Yoast SEO plugin v26.9 - https:\/\/yoast.com\/product\/yoast-seo-wordpress\/ -->\n<title>Garage - Hotel Carlton<\/title>\n<meta name=\"robots\" content=\"index, follow, max-snippet:-1, max-image-preview:large, max-video-preview:-1\" \/>\n<link rel=\"canonical\" href=\"https:\/\/www.hotelcarlton.net\/de\/dienstleistungen\/garage\/\" \/>\n<meta property=\"og:locale\" content=\"de_DE\" \/>\n<meta property=\"og:type\" content=\"article\" \/>\n<meta property=\"og:title\" content=\"Garage - Hotel Carlton\" \/>\n<meta property=\"og:description\" content=\"Wir befinden uns in der Innenstadt aber mit einer privaten Tiefgarage mit 24 Parkpl\u00e4tzen welche sich vor dem Hotel befindet. Der Parkplatz kann mit der Zimmerbuchung reserviert werden. Auch stehen \u00f6ffentliche Parkpl\u00e4tze gegen\u00fcber des Hotels zur Verf\u00fcgung.\" \/>\n<meta property=\"og:url\" content=\"https:\/\/www.hotelcarlton.net\/de\/dienstleistungen\/garage\/\" \/>\n<meta property=\"og:site_name\" content=\"Hotel Carlton\" \/>\n<meta property=\"article:modified_time\" content=\"2019-04-18T07:06:01+00:00\" \/>\n<meta name=\"twitter:card\" content=\"summary_large_image\" \/>\n<script type=\"application\/ld+json\" class=\"yoast-schema-graph\">{\"@context\":\"https:\/\/schema.org\",\"@graph\":[{\"@type\":\"WebPage\",\"@id\":\"https:\/\/www.hotelcarlton.net\/de\/dienstleistungen\/garage\/\",\"url\":\"https:\/\/www.hotelcarlton.net\/de\/dienstleistungen\/garage\/\",\"name\":\"Garage - Hotel Carlton\",\"isPartOf\":{\"@id\":\"https:\/\/www.hotelcarlton.net\/de\/#website\"},\"datePublished\":\"2019-04-18T07:05:46+00:00\",\"dateModified\":\"2019-04-18T07:06:01+00:00\",\"breadcrumb\":{\"@id\":\"https:\/\/www.hotelcarlton.net\/de\/dienstleistungen\/garage\/#breadcrumb\"},\"inLanguage\":\"de-DE\",\"potentialAction\":[{\"@type\":\"ReadAction\",\"target\":[\"https:\/\/www.hotelcarlton.net\/de\/dienstleistungen\/garage\/\"]}]},{\"@type\":\"BreadcrumbList\",\"@id\":\"https:\/\/www.hotelcarlton.net\/de\/dienstleistungen\/garage\/#breadcrumb\",\"itemListElement\":[{\"@type\":\"ListItem\",\"position\":1,\"name\":\"Home\",\"item\":\"https:\/\/www.hotelcarlton.net\/de\/\"},{\"@type\":\"ListItem\",\"position\":2,\"name\":\"Dienstleistungen\",\"item\":\"https:\/\/www.hotelcarlton.net\/de\/dienstleistungen\/\"},{\"@type\":\"ListItem\",\"position\":3,\"name\":\"Garage\"}]},{\"@type\":\"WebSite\",\"@id\":\"https:\/\/www.hotelcarlton.net\/de\/#website\",\"url\":\"https:\/\/www.hotelcarlton.net\/de\/\",\"name\":\"Hotel Carlton\",\"description\":\"Ecco un altro sito ms.decms.eu\",\"potentialAction\":[{\"@type\":\"SearchAction\",\"target\":{\"@type\":\"EntryPoint\",\"urlTemplate\":\"https:\/\/www.hotelcarlton.net\/de\/?s={search_term_string}\"},\"query-input\":{\"@type\":\"PropertyValueSpecification\",\"valueRequired\":true,\"valueName\":\"search_term_string\"}}],\"inLanguage\":\"de-DE\"}]}<\/script>\n<!-- \/ Yoast SEO plugin. -->","yoast_head_json":{"title":"Garage - Hotel Carlton","robots":{"index":"index","follow":"follow","max-snippet":"max-snippet:-1","max-image-preview":"max-image-preview:large","max-video-preview":"max-video-preview:-1"},"canonical":"https:\/\/www.hotelcarlton.net\/de\/dienstleistungen\/garage\/","og_locale":"de_DE","og_type":"article","og_title":"Garage - Hotel Carlton","og_description":"Wir befinden uns in der Innenstadt aber mit einer privaten Tiefgarage mit 24 Parkpl\u00e4tzen welche sich vor dem Hotel befindet. Der Parkplatz kann mit der Zimmerbuchung reserviert werden. Auch stehen \u00f6ffentliche Parkpl\u00e4tze gegen\u00fcber des Hotels zur Verf\u00fcgung.","og_url":"https:\/\/www.hotelcarlton.net\/de\/dienstleistungen\/garage\/","og_site_name":"Hotel Carlton","article_modified_time":"2019-04-18T07:06:01+00:00","twitter_card":"summary_large_image","schema":{"@context":"https:\/\/schema.org","@graph":[{"@type":"WebPage","@id":"https:\/\/www.hotelcarlton.net\/de\/dienstleistungen\/garage\/","url":"https:\/\/www.hotelcarlton.net\/de\/dienstleistungen\/garage\/","name":"Garage - Hotel Carlton","isPartOf":{"@id":"https:\/\/www.hotelcarlton.net\/de\/#website"},"datePublished":"2019-04-18T07:05:46+00:00","dateModified":"2019-04-18T07:06:01+00:00","breadcrumb":{"@id":"https:\/\/www.hotelcarlton.net\/de\/dienstleistungen\/garage\/#breadcrumb"},"inLanguage":"de-DE","potentialAction":[{"@type":"ReadAction","target":["https:\/\/www.hotelcarlton.net\/de\/dienstleistungen\/garage\/"]}]},{"@type":"BreadcrumbList","@id":"https:\/\/www.hotelcarlton.net\/de\/dienstleistungen\/garage\/#breadcrumb","itemListElement":[{"@type":"ListItem","position":1,"name":"Home","item":"https:\/\/www.hotelcarlton.net\/de\/"},{"@type":"ListItem","position":2,"name":"Dienstleistungen","item":"https:\/\/www.hotelcarlton.net\/de\/dienstleistungen\/"},{"@type":"ListItem","position":3,"name":"Garage"}]},{"@type":"WebSite","@id":"https:\/\/www.hotelcarlton.net\/de\/#website","url":"https:\/\/www.hotelcarlton.net\/de\/","name":"Hotel Carlton","description":"Ecco un altro sito ms.decms.eu","potentialAction":[{"@type":"SearchAction","target":{"@type":"EntryPoint","urlTemplate":"https:\/\/www.hotelcarlton.net\/de\/?s={search_term_string}"},"query-input":{"@type":"PropertyValueSpecification","valueRequired":true,"valueName":"search_term_string"}}],"inLanguage":"de-DE"}]}},"acf":[],"_links":{"self":[{"href":"https:\/\/www.hotelcarlton.net\/de\/wp-json\/wp\/v2\/pages\/2611","targetHints":{"allow":["GET"]}}],"collection":[{"href":"https:\/\/www.hotelcarlton.net\/de\/wp-json\/wp\/v2\/pages"}],"about":[{"href":"https:\/\/www.hotelcarlton.net\/de\/wp-json\/wp\/v2\/types\/page"}],"author":[{"embeddable":true,"href":"https:\/\/www.hotelcarlton.net\/de\/wp-json\/wp\/v2\/users\/21"}],"replies":[{"embeddable":true,"href":"https:\/\/www.hotelcarlton.net\/de\/wp-json\/wp\/v2\/comments?post=2611"}],"version-history":[{"count":0,"href":"https:\/\/www.hotelcarlton.net\/de\/wp-json\/wp\/v2\/pages\/2611\/revisions"}],"up":[{"embeddable":true,"href":"https:\/\/www.hotelcarlton.net\/de\/wp-json\/wp\/v2\/pages\/2657"}],"wp:attachment":[{"href":"https:\/\/www.hotelcarlton.net\/de\/wp-json\/wp\/v2\/media?parent=2611"}],"curies":[{"name":"wp","href":"https:\/\/api.w.org\/{rel}","templated":true}]}}