{"id":2564,"date":"2019-03-20T14:10:43","date_gmt":"2019-03-20T13:10:43","guid":{"rendered":"http:\/\/hotelcarlton.ms.decms.eu\/sale-meeting\/"},"modified":"2022-11-18T09:20:43","modified_gmt":"2022-11-18T08:20:43","slug":"konferenzraum","status":"publish","type":"page","link":"https:\/\/www.hotelcarlton.net\/de\/konferenzraum\/","title":{"rendered":"Konferenzraum"},"content":{"rendered":"<p>Ihre Veranstaltungen im Herzen Ferraras!<\/p>\n<p>Unsere neuen Konferenzr\u00e4ume sind ideal um Tagungen, Veranstaltungen oder Arbeitstreffen abzuhalten.<br \/>\nIn unseren gro\u00dfz\u00fcgigen zwei Meeting R\u00e4umen, die lichtdurchflutet und mit der neusten audio-video Technologie ausgestattet sind, finden bis zu 120 Personen Platz.<\/p>\n<p>Auf Nachfrage bieten wir full-catering w\u00e4hren Ihrer Veranstaltung.<br \/>\nWir sind mit dem Auto bequem erreichbar, Parkm\u00f6glichkeiten gibt es auf den \u00f6ffentlichen Parkpl\u00e4tzen gegen\u00fcber dem Hotel, oder in unserer privaten Tiefgarage.<\/p>\n<p>&nbsp;<\/p>\n<p>Um Ihren Veranstaltungsraum zu reservieren und alle wichtigen Details zur Veranstaltung zu besprechen kontaktieren Sie uns bitte unter:<br \/>\n<strong>HOTEL CARTON FERRARA<\/strong><br \/>\nTel +39 0532-211130<br \/>\nFax +39 0532-205766<br \/>\nMail: info@hotelcarlton.net<\/p>\n<p>&nbsp;<\/p>\n<p><strong>LAGEPLAN (klicken Sie hier um die Datei zu \u00f6ffnen)<\/strong><\/p>\n<ul>\n<li><a href=\"https:\/\/www.hotelcarlton.net\/wp-content\/uploads\/sites\/19\/2022\/07\/PLANIMETRIA-SALA-DIAMANTI.pdf\" target=\"_blank\" rel=\"noopener\">Diamanti Zimmer<\/a><\/li>\n<li><a href=\"https:\/\/www.hotelcarlton.net\/wp-content\/uploads\/sites\/19\/2022\/07\/PLANIMETRIA-SALA-DIAMANTI-CHEVRON.pdf\" target=\"_blank\" rel=\"noopener\">Diamanti Zimmer chevron<\/a><\/li>\n<li><a href=\"https:\/\/www.hotelcarlton.net\/wp-content\/uploads\/sites\/19\/2022\/07\/PLANIMETRIA-SALA-PLENARIA.pdf\" target=\"_blank\" rel=\"noopener\">Diamanti Zimmer + Marfisa Zimmer<\/a><\/li>\n<li><a href=\"https:\/\/www.hotelcarlton.net\/wp-content\/uploads\/sites\/19\/2022\/07\/PLANIMETRIA-SALA-MARFISA.pdf\" target=\"_blank\" rel=\"noopener\">Marfisa Zimmer<\/a><\/li>\n<\/ul>\n<p><strong>Standardausstattung der Konferenzr\u00e4ume:<\/strong><\/p>\n<table>\n<tbody>\n<tr>\n<th>kostenloses<\/th>\n<th>WLANLabtop<\/th>\n<\/tr>\n<tr>\n<th>beamer<\/th>\n<th>mineralwasser<\/th>\n<\/tr>\n<tr>\n<th>schreibwaren<\/th>\n<th>overheadprojektor<\/th>\n<\/tr>\n<tr>\n<th>flipchart<\/th>\n<th>micros et amplificateurs<\/th>\n<\/tr>\n<tr>\n<th>leinwand<\/th>\n<th><\/th>\n<\/tr>\n<\/tbody>\n<\/table>\n<p>&nbsp;<\/p>\n","protected":false},"excerpt":{"rendered":"<p>Ihre Veranstaltungen im Herzen Ferraras! Unsere neuen Konferenzr\u00e4ume sind ideal um Tagungen, Veranstaltungen oder Arbeitstreffen abzuhalten. In unseren gro\u00dfz\u00fcgigen zwei Meeting R\u00e4umen, die lichtdurchflutet und mit der neusten audio-video Technologie ausgestattet sind, finden bis zu 120 Personen Platz. Auf Nachfrage bieten wir full-catering w\u00e4hren Ihrer Veranstaltung. Wir sind mit dem Auto bequem erreichbar, Parkm\u00f6glichkeiten gibt [&hellip;]<\/p>\n","protected":false},"author":13,"featured_media":0,"parent":0,"menu_order":6,"comment_status":"closed","ping_status":"closed","template":"template-meeting-and-wedding.php","meta":{"footnotes":""},"class_list":["post-2564","page","type-page","status-publish","hentry"],"yoast_head":"<!-- This site is optimized with the Yoast SEO plugin v26.9 - https:\/\/yoast.com\/product\/yoast-seo-wordpress\/ -->\n<title>Konferenzraum - Hotel Carlton<\/title>\n<meta name=\"robots\" content=\"index, follow, max-snippet:-1, max-image-preview:large, max-video-preview:-1\" \/>\n<link rel=\"canonical\" href=\"https:\/\/www.hotelcarlton.net\/de\/konferenzraum\/\" \/>\n<meta property=\"og:locale\" content=\"de_DE\" \/>\n<meta property=\"og:type\" content=\"article\" \/>\n<meta property=\"og:title\" content=\"Konferenzraum - Hotel Carlton\" \/>\n<meta property=\"og:description\" content=\"Ihre Veranstaltungen im Herzen Ferraras! Unsere neuen Konferenzr\u00e4ume sind ideal um Tagungen, Veranstaltungen oder Arbeitstreffen abzuhalten. In unseren gro\u00dfz\u00fcgigen zwei Meeting R\u00e4umen, die lichtdurchflutet und mit der neusten audio-video Technologie ausgestattet sind, finden bis zu 120 Personen Platz. Auf Nachfrage bieten wir full-catering w\u00e4hren Ihrer Veranstaltung. Wir sind mit dem Auto bequem erreichbar, Parkm\u00f6glichkeiten gibt [&hellip;]\" \/>\n<meta property=\"og:url\" content=\"https:\/\/www.hotelcarlton.net\/de\/konferenzraum\/\" \/>\n<meta property=\"og:site_name\" content=\"Hotel Carlton\" \/>\n<meta property=\"article:modified_time\" content=\"2022-11-18T08:20:43+00:00\" \/>\n<meta name=\"twitter:card\" content=\"summary_large_image\" \/>\n<meta name=\"twitter:label1\" content=\"Gesch\u00e4tzte Lesezeit\" \/>\n\t<meta name=\"twitter:data1\" content=\"1 Minute\" \/>\n<script type=\"application\/ld+json\" class=\"yoast-schema-graph\">{\"@context\":\"https:\/\/schema.org\",\"@graph\":[{\"@type\":\"WebPage\",\"@id\":\"https:\/\/www.hotelcarlton.net\/de\/konferenzraum\/\",\"url\":\"https:\/\/www.hotelcarlton.net\/de\/konferenzraum\/\",\"name\":\"Konferenzraum - Hotel Carlton\",\"isPartOf\":{\"@id\":\"https:\/\/www.hotelcarlton.net\/de\/#website\"},\"datePublished\":\"2019-03-20T13:10:43+00:00\",\"dateModified\":\"2022-11-18T08:20:43+00:00\",\"breadcrumb\":{\"@id\":\"https:\/\/www.hotelcarlton.net\/de\/konferenzraum\/#breadcrumb\"},\"inLanguage\":\"de-DE\",\"potentialAction\":[{\"@type\":\"ReadAction\",\"target\":[\"https:\/\/www.hotelcarlton.net\/de\/konferenzraum\/\"]}]},{\"@type\":\"BreadcrumbList\",\"@id\":\"https:\/\/www.hotelcarlton.net\/de\/konferenzraum\/#breadcrumb\",\"itemListElement\":[{\"@type\":\"ListItem\",\"position\":1,\"name\":\"Home\",\"item\":\"https:\/\/www.hotelcarlton.net\/de\/\"},{\"@type\":\"ListItem\",\"position\":2,\"name\":\"Konferenzraum\"}]},{\"@type\":\"WebSite\",\"@id\":\"https:\/\/www.hotelcarlton.net\/de\/#website\",\"url\":\"https:\/\/www.hotelcarlton.net\/de\/\",\"name\":\"Hotel Carlton\",\"description\":\"Ecco un altro sito ms.decms.eu\",\"potentialAction\":[{\"@type\":\"SearchAction\",\"target\":{\"@type\":\"EntryPoint\",\"urlTemplate\":\"https:\/\/www.hotelcarlton.net\/de\/?s={search_term_string}\"},\"query-input\":{\"@type\":\"PropertyValueSpecification\",\"valueRequired\":true,\"valueName\":\"search_term_string\"}}],\"inLanguage\":\"de-DE\"}]}<\/script>\n<!-- \/ Yoast SEO plugin. -->","yoast_head_json":{"title":"Konferenzraum - Hotel Carlton","robots":{"index":"index","follow":"follow","max-snippet":"max-snippet:-1","max-image-preview":"max-image-preview:large","max-video-preview":"max-video-preview:-1"},"canonical":"https:\/\/www.hotelcarlton.net\/de\/konferenzraum\/","og_locale":"de_DE","og_type":"article","og_title":"Konferenzraum - Hotel Carlton","og_description":"Ihre Veranstaltungen im Herzen Ferraras! Unsere neuen Konferenzr\u00e4ume sind ideal um Tagungen, Veranstaltungen oder Arbeitstreffen abzuhalten. In unseren gro\u00dfz\u00fcgigen zwei Meeting R\u00e4umen, die lichtdurchflutet und mit der neusten audio-video Technologie ausgestattet sind, finden bis zu 120 Personen Platz. Auf Nachfrage bieten wir full-catering w\u00e4hren Ihrer Veranstaltung. Wir sind mit dem Auto bequem erreichbar, Parkm\u00f6glichkeiten gibt [&hellip;]","og_url":"https:\/\/www.hotelcarlton.net\/de\/konferenzraum\/","og_site_name":"Hotel Carlton","article_modified_time":"2022-11-18T08:20:43+00:00","twitter_card":"summary_large_image","twitter_misc":{"Gesch\u00e4tzte Lesezeit":"1 Minute"},"schema":{"@context":"https:\/\/schema.org","@graph":[{"@type":"WebPage","@id":"https:\/\/www.hotelcarlton.net\/de\/konferenzraum\/","url":"https:\/\/www.hotelcarlton.net\/de\/konferenzraum\/","name":"Konferenzraum - Hotel Carlton","isPartOf":{"@id":"https:\/\/www.hotelcarlton.net\/de\/#website"},"datePublished":"2019-03-20T13:10:43+00:00","dateModified":"2022-11-18T08:20:43+00:00","breadcrumb":{"@id":"https:\/\/www.hotelcarlton.net\/de\/konferenzraum\/#breadcrumb"},"inLanguage":"de-DE","potentialAction":[{"@type":"ReadAction","target":["https:\/\/www.hotelcarlton.net\/de\/konferenzraum\/"]}]},{"@type":"BreadcrumbList","@id":"https:\/\/www.hotelcarlton.net\/de\/konferenzraum\/#breadcrumb","itemListElement":[{"@type":"ListItem","position":1,"name":"Home","item":"https:\/\/www.hotelcarlton.net\/de\/"},{"@type":"ListItem","position":2,"name":"Konferenzraum"}]},{"@type":"WebSite","@id":"https:\/\/www.hotelcarlton.net\/de\/#website","url":"https:\/\/www.hotelcarlton.net\/de\/","name":"Hotel Carlton","description":"Ecco un altro sito ms.decms.eu","potentialAction":[{"@type":"SearchAction","target":{"@type":"EntryPoint","urlTemplate":"https:\/\/www.hotelcarlton.net\/de\/?s={search_term_string}"},"query-input":{"@type":"PropertyValueSpecification","valueRequired":true,"valueName":"search_term_string"}}],"inLanguage":"de-DE"}]}},"acf":[],"_links":{"self":[{"href":"https:\/\/www.hotelcarlton.net\/de\/wp-json\/wp\/v2\/pages\/2564","targetHints":{"allow":["GET"]}}],"collection":[{"href":"https:\/\/www.hotelcarlton.net\/de\/wp-json\/wp\/v2\/pages"}],"about":[{"href":"https:\/\/www.hotelcarlton.net\/de\/wp-json\/wp\/v2\/types\/page"}],"author":[{"embeddable":true,"href":"https:\/\/www.hotelcarlton.net\/de\/wp-json\/wp\/v2\/users\/13"}],"replies":[{"embeddable":true,"href":"https:\/\/www.hotelcarlton.net\/de\/wp-json\/wp\/v2\/comments?post=2564"}],"version-history":[{"count":0,"href":"https:\/\/www.hotelcarlton.net\/de\/wp-json\/wp\/v2\/pages\/2564\/revisions"}],"wp:attachment":[{"href":"https:\/\/www.hotelcarlton.net\/de\/wp-json\/wp\/v2\/media?parent=2564"}],"curies":[{"name":"wp","href":"https:\/\/api.w.org\/{rel}","templated":true}]}}