{"id":2556,"date":"2019-03-20T14:04:11","date_gmt":"2019-03-20T13:04:11","guid":{"rendered":"http:\/\/hotelcarlton.ms.decms.eu\/zimmer\/chambre-panoramique\/"},"modified":"2019-04-17T15:46:58","modified_gmt":"2019-04-17T13:46:58","slug":"panorama-zimmer","status":"publish","type":"page","link":"https:\/\/www.hotelcarlton.net\/de\/zimmer\/panorama-zimmer\/","title":{"rendered":"Panorama Zimmer"},"content":{"rendered":"<p><strong>\u201cBlick \u00fcber Ferrara\u201d<\/strong><\/p>\n<p><em>Unsere Panoramazimmer befinden sich im vierten, f\u00fcnften oder sechsten Stock. Manche sind mit Terrasse von wo aus man einen herrlichen Blick auf das Schloss, die Kathedrale und die historische Altstadt hat.<\/em><\/p>\n<p>Kostenloses WLAN, Philips LCD Fernseher 32\u2033, Sat-TV und <strong>SKY<\/strong>-TV, Telefon, Minibar, Safe, Sanit\u00e4ranlagen von Pozzi &amp; Ginori, Dusche oder Badewanne, F\u00f6hn, Schr\u00e4nke mit Naturholzfront, f\u00fcr Allergiker geeigneter Bodenbelag LTE Plankwood, Nichtraucherzimmer, behindertengerechte Zimmer, m\u00f6glicherweise Terrasse.<\/p>\n<p><strong>Gr\u00f6\u00dfe<\/strong>: 14-30 mq<\/p>\n","protected":false},"excerpt":{"rendered":"<p>\u201cBlick \u00fcber Ferrara\u201d Unsere Panoramazimmer befinden sich im vierten, f\u00fcnften oder sechsten Stock. Manche sind mit Terrasse von wo aus man einen herrlichen Blick auf das Schloss, die Kathedrale und die historische Altstadt hat. Kostenloses WLAN, Philips LCD Fernseher 32\u2033, Sat-TV und SKY-TV, Telefon, Minibar, Safe, Sanit\u00e4ranlagen von Pozzi &amp; Ginori, Dusche oder Badewanne, F\u00f6hn, [&hellip;]<\/p>\n","protected":false},"author":13,"featured_media":0,"parent":2534,"menu_order":3,"comment_status":"closed","ping_status":"closed","template":"template-single-room.php","meta":{"footnotes":""},"class_list":["post-2556","page","type-page","status-publish","hentry"],"yoast_head":"<!-- This site is optimized with the Yoast SEO plugin v26.9 - https:\/\/yoast.com\/product\/yoast-seo-wordpress\/ -->\n<title>Panorama Zimmer - Hotel Carlton<\/title>\n<meta name=\"robots\" content=\"index, follow, max-snippet:-1, max-image-preview:large, max-video-preview:-1\" \/>\n<link rel=\"canonical\" href=\"https:\/\/www.hotelcarlton.net\/de\/zimmer\/panorama-zimmer\/\" \/>\n<meta property=\"og:locale\" content=\"de_DE\" \/>\n<meta property=\"og:type\" content=\"article\" \/>\n<meta property=\"og:title\" content=\"Panorama Zimmer - Hotel Carlton\" \/>\n<meta property=\"og:description\" content=\"\u201cBlick \u00fcber Ferrara\u201d Unsere Panoramazimmer befinden sich im vierten, f\u00fcnften oder sechsten Stock. Manche sind mit Terrasse von wo aus man einen herrlichen Blick auf das Schloss, die Kathedrale und die historische Altstadt hat. Kostenloses WLAN, Philips LCD Fernseher 32\u2033, Sat-TV und SKY-TV, Telefon, Minibar, Safe, Sanit\u00e4ranlagen von Pozzi &amp; Ginori, Dusche oder Badewanne, F\u00f6hn, [&hellip;]\" \/>\n<meta property=\"og:url\" content=\"https:\/\/www.hotelcarlton.net\/de\/zimmer\/panorama-zimmer\/\" \/>\n<meta property=\"og:site_name\" content=\"Hotel Carlton\" \/>\n<meta property=\"article:modified_time\" content=\"2019-04-17T13:46:58+00:00\" \/>\n<meta name=\"twitter:card\" content=\"summary_large_image\" \/>\n<script type=\"application\/ld+json\" class=\"yoast-schema-graph\">{\"@context\":\"https:\/\/schema.org\",\"@graph\":[{\"@type\":\"WebPage\",\"@id\":\"https:\/\/www.hotelcarlton.net\/de\/zimmer\/panorama-zimmer\/\",\"url\":\"https:\/\/www.hotelcarlton.net\/de\/zimmer\/panorama-zimmer\/\",\"name\":\"Panorama Zimmer - Hotel Carlton\",\"isPartOf\":{\"@id\":\"https:\/\/www.hotelcarlton.net\/de\/#website\"},\"datePublished\":\"2019-03-20T13:04:11+00:00\",\"dateModified\":\"2019-04-17T13:46:58+00:00\",\"breadcrumb\":{\"@id\":\"https:\/\/www.hotelcarlton.net\/de\/zimmer\/panorama-zimmer\/#breadcrumb\"},\"inLanguage\":\"de-DE\",\"potentialAction\":[{\"@type\":\"ReadAction\",\"target\":[\"https:\/\/www.hotelcarlton.net\/de\/zimmer\/panorama-zimmer\/\"]}]},{\"@type\":\"BreadcrumbList\",\"@id\":\"https:\/\/www.hotelcarlton.net\/de\/zimmer\/panorama-zimmer\/#breadcrumb\",\"itemListElement\":[{\"@type\":\"ListItem\",\"position\":1,\"name\":\"Home\",\"item\":\"https:\/\/www.hotelcarlton.net\/de\/\"},{\"@type\":\"ListItem\",\"position\":2,\"name\":\"Zimmer\",\"item\":\"https:\/\/www.hotelcarlton.net\/de\/zimmer\/\"},{\"@type\":\"ListItem\",\"position\":3,\"name\":\"Panorama Zimmer\"}]},{\"@type\":\"WebSite\",\"@id\":\"https:\/\/www.hotelcarlton.net\/de\/#website\",\"url\":\"https:\/\/www.hotelcarlton.net\/de\/\",\"name\":\"Hotel Carlton\",\"description\":\"Ecco un altro sito ms.decms.eu\",\"potentialAction\":[{\"@type\":\"SearchAction\",\"target\":{\"@type\":\"EntryPoint\",\"urlTemplate\":\"https:\/\/www.hotelcarlton.net\/de\/?s={search_term_string}\"},\"query-input\":{\"@type\":\"PropertyValueSpecification\",\"valueRequired\":true,\"valueName\":\"search_term_string\"}}],\"inLanguage\":\"de-DE\"}]}<\/script>\n<!-- \/ Yoast SEO plugin. -->","yoast_head_json":{"title":"Panorama Zimmer - Hotel Carlton","robots":{"index":"index","follow":"follow","max-snippet":"max-snippet:-1","max-image-preview":"max-image-preview:large","max-video-preview":"max-video-preview:-1"},"canonical":"https:\/\/www.hotelcarlton.net\/de\/zimmer\/panorama-zimmer\/","og_locale":"de_DE","og_type":"article","og_title":"Panorama Zimmer - Hotel Carlton","og_description":"\u201cBlick \u00fcber Ferrara\u201d Unsere Panoramazimmer befinden sich im vierten, f\u00fcnften oder sechsten Stock. Manche sind mit Terrasse von wo aus man einen herrlichen Blick auf das Schloss, die Kathedrale und die historische Altstadt hat. Kostenloses WLAN, Philips LCD Fernseher 32\u2033, Sat-TV und SKY-TV, Telefon, Minibar, Safe, Sanit\u00e4ranlagen von Pozzi &amp; Ginori, Dusche oder Badewanne, F\u00f6hn, [&hellip;]","og_url":"https:\/\/www.hotelcarlton.net\/de\/zimmer\/panorama-zimmer\/","og_site_name":"Hotel Carlton","article_modified_time":"2019-04-17T13:46:58+00:00","twitter_card":"summary_large_image","schema":{"@context":"https:\/\/schema.org","@graph":[{"@type":"WebPage","@id":"https:\/\/www.hotelcarlton.net\/de\/zimmer\/panorama-zimmer\/","url":"https:\/\/www.hotelcarlton.net\/de\/zimmer\/panorama-zimmer\/","name":"Panorama Zimmer - Hotel Carlton","isPartOf":{"@id":"https:\/\/www.hotelcarlton.net\/de\/#website"},"datePublished":"2019-03-20T13:04:11+00:00","dateModified":"2019-04-17T13:46:58+00:00","breadcrumb":{"@id":"https:\/\/www.hotelcarlton.net\/de\/zimmer\/panorama-zimmer\/#breadcrumb"},"inLanguage":"de-DE","potentialAction":[{"@type":"ReadAction","target":["https:\/\/www.hotelcarlton.net\/de\/zimmer\/panorama-zimmer\/"]}]},{"@type":"BreadcrumbList","@id":"https:\/\/www.hotelcarlton.net\/de\/zimmer\/panorama-zimmer\/#breadcrumb","itemListElement":[{"@type":"ListItem","position":1,"name":"Home","item":"https:\/\/www.hotelcarlton.net\/de\/"},{"@type":"ListItem","position":2,"name":"Zimmer","item":"https:\/\/www.hotelcarlton.net\/de\/zimmer\/"},{"@type":"ListItem","position":3,"name":"Panorama Zimmer"}]},{"@type":"WebSite","@id":"https:\/\/www.hotelcarlton.net\/de\/#website","url":"https:\/\/www.hotelcarlton.net\/de\/","name":"Hotel Carlton","description":"Ecco un altro sito ms.decms.eu","potentialAction":[{"@type":"SearchAction","target":{"@type":"EntryPoint","urlTemplate":"https:\/\/www.hotelcarlton.net\/de\/?s={search_term_string}"},"query-input":{"@type":"PropertyValueSpecification","valueRequired":true,"valueName":"search_term_string"}}],"inLanguage":"de-DE"}]}},"acf":[],"_links":{"self":[{"href":"https:\/\/www.hotelcarlton.net\/de\/wp-json\/wp\/v2\/pages\/2556","targetHints":{"allow":["GET"]}}],"collection":[{"href":"https:\/\/www.hotelcarlton.net\/de\/wp-json\/wp\/v2\/pages"}],"about":[{"href":"https:\/\/www.hotelcarlton.net\/de\/wp-json\/wp\/v2\/types\/page"}],"author":[{"embeddable":true,"href":"https:\/\/www.hotelcarlton.net\/de\/wp-json\/wp\/v2\/users\/13"}],"replies":[{"embeddable":true,"href":"https:\/\/www.hotelcarlton.net\/de\/wp-json\/wp\/v2\/comments?post=2556"}],"version-history":[{"count":0,"href":"https:\/\/www.hotelcarlton.net\/de\/wp-json\/wp\/v2\/pages\/2556\/revisions"}],"up":[{"embeddable":true,"href":"https:\/\/www.hotelcarlton.net\/de\/wp-json\/wp\/v2\/pages\/2534"}],"wp:attachment":[{"href":"https:\/\/www.hotelcarlton.net\/de\/wp-json\/wp\/v2\/media?parent=2556"}],"curies":[{"name":"wp","href":"https:\/\/api.w.org\/{rel}","templated":true}]}}