{"id":2547,"date":"2019-03-20T14:03:46","date_gmt":"2019-03-20T13:03:46","guid":{"rendered":"http:\/\/hotelcarlton.ms.decms.eu\/zimmer\/chambre-superieure\/"},"modified":"2019-04-17T15:34:38","modified_gmt":"2019-04-17T13:34:38","slug":"superior-zimmer","status":"publish","type":"page","link":"https:\/\/www.hotelcarlton.net\/de\/zimmer\/superior-zimmer\/","title":{"rendered":"Superior Zimmer"},"content":{"rendered":"<p><strong>\u201cWeil man sich gerne verw\u00f6hnen l\u00e4sst\u201d<\/strong><br \/>\nIn unseren Zimmern der Kategorie Superior stehen Ihnen die wichtigsten <strong>SKY<\/strong> Kan\u00e4le kostenlos zur Verf\u00fcgung. F\u00fcr Tee oder Kaffee steht f\u00fcr Sie ein Wasserkocher bereit. Sie finden ein bequemes Doppelbett und mehr Platz f\u00fcr maximalen Schlafkomfort.<\/p>\n<p>Kostenloses WLAN, Philips LCD Fernseher 32\u201c, Sat-TV und <strong>SKY<\/strong>-TV, Telefon, Minibar, Safe, Sanit\u00e4ranlagen von Pozzi &amp; Ginori, Dusche oder Badewanne, F\u00f6hn, Wasserkocher f\u00fcr Tee oder Kaffee, Schr\u00e4nke mit Naturholzfront, Allergiker geeigneter Bodenbelag LTE Plankwood, Raucher und Nichtraucher Zimmer.<\/p>\n<p><strong>Gr\u00f6\u00dfe:<\/strong> 23-24 mq<\/p>\n","protected":false},"excerpt":{"rendered":"<p>\u201cWeil man sich gerne verw\u00f6hnen l\u00e4sst\u201d In unseren Zimmern der Kategorie Superior stehen Ihnen die wichtigsten SKY Kan\u00e4le kostenlos zur Verf\u00fcgung. F\u00fcr Tee oder Kaffee steht f\u00fcr Sie ein Wasserkocher bereit. Sie finden ein bequemes Doppelbett und mehr Platz f\u00fcr maximalen Schlafkomfort. Kostenloses WLAN, Philips LCD Fernseher 32\u201c, Sat-TV und SKY-TV, Telefon, Minibar, Safe, Sanit\u00e4ranlagen [&hellip;]<\/p>\n","protected":false},"author":13,"featured_media":0,"parent":2534,"menu_order":2,"comment_status":"closed","ping_status":"closed","template":"template-single-room.php","meta":{"footnotes":""},"class_list":["post-2547","page","type-page","status-publish","hentry"],"yoast_head":"<!-- This site is optimized with the Yoast SEO plugin v26.9 - https:\/\/yoast.com\/product\/yoast-seo-wordpress\/ -->\n<title>Superior Zimmer - Hotel Carlton<\/title>\n<meta name=\"robots\" content=\"index, follow, max-snippet:-1, max-image-preview:large, max-video-preview:-1\" \/>\n<link rel=\"canonical\" href=\"https:\/\/www.hotelcarlton.net\/de\/zimmer\/superior-zimmer\/\" \/>\n<meta property=\"og:locale\" content=\"de_DE\" \/>\n<meta property=\"og:type\" content=\"article\" \/>\n<meta property=\"og:title\" content=\"Superior Zimmer - Hotel Carlton\" \/>\n<meta property=\"og:description\" content=\"\u201cWeil man sich gerne verw\u00f6hnen l\u00e4sst\u201d In unseren Zimmern der Kategorie Superior stehen Ihnen die wichtigsten SKY Kan\u00e4le kostenlos zur Verf\u00fcgung. F\u00fcr Tee oder Kaffee steht f\u00fcr Sie ein Wasserkocher bereit. Sie finden ein bequemes Doppelbett und mehr Platz f\u00fcr maximalen Schlafkomfort. Kostenloses WLAN, Philips LCD Fernseher 32\u201c, Sat-TV und SKY-TV, Telefon, Minibar, Safe, Sanit\u00e4ranlagen [&hellip;]\" \/>\n<meta property=\"og:url\" content=\"https:\/\/www.hotelcarlton.net\/de\/zimmer\/superior-zimmer\/\" \/>\n<meta property=\"og:site_name\" content=\"Hotel Carlton\" \/>\n<meta property=\"article:modified_time\" content=\"2019-04-17T13:34:38+00:00\" \/>\n<meta name=\"twitter:card\" content=\"summary_large_image\" \/>\n<script type=\"application\/ld+json\" class=\"yoast-schema-graph\">{\"@context\":\"https:\/\/schema.org\",\"@graph\":[{\"@type\":\"WebPage\",\"@id\":\"https:\/\/www.hotelcarlton.net\/de\/zimmer\/superior-zimmer\/\",\"url\":\"https:\/\/www.hotelcarlton.net\/de\/zimmer\/superior-zimmer\/\",\"name\":\"Superior Zimmer - Hotel Carlton\",\"isPartOf\":{\"@id\":\"https:\/\/www.hotelcarlton.net\/de\/#website\"},\"datePublished\":\"2019-03-20T13:03:46+00:00\",\"dateModified\":\"2019-04-17T13:34:38+00:00\",\"breadcrumb\":{\"@id\":\"https:\/\/www.hotelcarlton.net\/de\/zimmer\/superior-zimmer\/#breadcrumb\"},\"inLanguage\":\"de-DE\",\"potentialAction\":[{\"@type\":\"ReadAction\",\"target\":[\"https:\/\/www.hotelcarlton.net\/de\/zimmer\/superior-zimmer\/\"]}]},{\"@type\":\"BreadcrumbList\",\"@id\":\"https:\/\/www.hotelcarlton.net\/de\/zimmer\/superior-zimmer\/#breadcrumb\",\"itemListElement\":[{\"@type\":\"ListItem\",\"position\":1,\"name\":\"Home\",\"item\":\"https:\/\/www.hotelcarlton.net\/de\/\"},{\"@type\":\"ListItem\",\"position\":2,\"name\":\"Zimmer\",\"item\":\"https:\/\/www.hotelcarlton.net\/de\/zimmer\/\"},{\"@type\":\"ListItem\",\"position\":3,\"name\":\"Superior Zimmer\"}]},{\"@type\":\"WebSite\",\"@id\":\"https:\/\/www.hotelcarlton.net\/de\/#website\",\"url\":\"https:\/\/www.hotelcarlton.net\/de\/\",\"name\":\"Hotel Carlton\",\"description\":\"Ecco un altro sito ms.decms.eu\",\"potentialAction\":[{\"@type\":\"SearchAction\",\"target\":{\"@type\":\"EntryPoint\",\"urlTemplate\":\"https:\/\/www.hotelcarlton.net\/de\/?s={search_term_string}\"},\"query-input\":{\"@type\":\"PropertyValueSpecification\",\"valueRequired\":true,\"valueName\":\"search_term_string\"}}],\"inLanguage\":\"de-DE\"}]}<\/script>\n<!-- \/ Yoast SEO plugin. -->","yoast_head_json":{"title":"Superior Zimmer - Hotel Carlton","robots":{"index":"index","follow":"follow","max-snippet":"max-snippet:-1","max-image-preview":"max-image-preview:large","max-video-preview":"max-video-preview:-1"},"canonical":"https:\/\/www.hotelcarlton.net\/de\/zimmer\/superior-zimmer\/","og_locale":"de_DE","og_type":"article","og_title":"Superior Zimmer - Hotel Carlton","og_description":"\u201cWeil man sich gerne verw\u00f6hnen l\u00e4sst\u201d In unseren Zimmern der Kategorie Superior stehen Ihnen die wichtigsten SKY Kan\u00e4le kostenlos zur Verf\u00fcgung. F\u00fcr Tee oder Kaffee steht f\u00fcr Sie ein Wasserkocher bereit. Sie finden ein bequemes Doppelbett und mehr Platz f\u00fcr maximalen Schlafkomfort. Kostenloses WLAN, Philips LCD Fernseher 32\u201c, Sat-TV und SKY-TV, Telefon, Minibar, Safe, Sanit\u00e4ranlagen [&hellip;]","og_url":"https:\/\/www.hotelcarlton.net\/de\/zimmer\/superior-zimmer\/","og_site_name":"Hotel Carlton","article_modified_time":"2019-04-17T13:34:38+00:00","twitter_card":"summary_large_image","schema":{"@context":"https:\/\/schema.org","@graph":[{"@type":"WebPage","@id":"https:\/\/www.hotelcarlton.net\/de\/zimmer\/superior-zimmer\/","url":"https:\/\/www.hotelcarlton.net\/de\/zimmer\/superior-zimmer\/","name":"Superior Zimmer - Hotel Carlton","isPartOf":{"@id":"https:\/\/www.hotelcarlton.net\/de\/#website"},"datePublished":"2019-03-20T13:03:46+00:00","dateModified":"2019-04-17T13:34:38+00:00","breadcrumb":{"@id":"https:\/\/www.hotelcarlton.net\/de\/zimmer\/superior-zimmer\/#breadcrumb"},"inLanguage":"de-DE","potentialAction":[{"@type":"ReadAction","target":["https:\/\/www.hotelcarlton.net\/de\/zimmer\/superior-zimmer\/"]}]},{"@type":"BreadcrumbList","@id":"https:\/\/www.hotelcarlton.net\/de\/zimmer\/superior-zimmer\/#breadcrumb","itemListElement":[{"@type":"ListItem","position":1,"name":"Home","item":"https:\/\/www.hotelcarlton.net\/de\/"},{"@type":"ListItem","position":2,"name":"Zimmer","item":"https:\/\/www.hotelcarlton.net\/de\/zimmer\/"},{"@type":"ListItem","position":3,"name":"Superior Zimmer"}]},{"@type":"WebSite","@id":"https:\/\/www.hotelcarlton.net\/de\/#website","url":"https:\/\/www.hotelcarlton.net\/de\/","name":"Hotel Carlton","description":"Ecco un altro sito ms.decms.eu","potentialAction":[{"@type":"SearchAction","target":{"@type":"EntryPoint","urlTemplate":"https:\/\/www.hotelcarlton.net\/de\/?s={search_term_string}"},"query-input":{"@type":"PropertyValueSpecification","valueRequired":true,"valueName":"search_term_string"}}],"inLanguage":"de-DE"}]}},"acf":[],"_links":{"self":[{"href":"https:\/\/www.hotelcarlton.net\/de\/wp-json\/wp\/v2\/pages\/2547","targetHints":{"allow":["GET"]}}],"collection":[{"href":"https:\/\/www.hotelcarlton.net\/de\/wp-json\/wp\/v2\/pages"}],"about":[{"href":"https:\/\/www.hotelcarlton.net\/de\/wp-json\/wp\/v2\/types\/page"}],"author":[{"embeddable":true,"href":"https:\/\/www.hotelcarlton.net\/de\/wp-json\/wp\/v2\/users\/13"}],"replies":[{"embeddable":true,"href":"https:\/\/www.hotelcarlton.net\/de\/wp-json\/wp\/v2\/comments?post=2547"}],"version-history":[{"count":0,"href":"https:\/\/www.hotelcarlton.net\/de\/wp-json\/wp\/v2\/pages\/2547\/revisions"}],"up":[{"embeddable":true,"href":"https:\/\/www.hotelcarlton.net\/de\/wp-json\/wp\/v2\/pages\/2534"}],"wp:attachment":[{"href":"https:\/\/www.hotelcarlton.net\/de\/wp-json\/wp\/v2\/media?parent=2547"}],"curies":[{"name":"wp","href":"https:\/\/api.w.org\/{rel}","templated":true}]}}