{"id":2541,"date":"2019-03-20T14:03:21","date_gmt":"2019-03-20T13:03:21","guid":{"rendered":"http:\/\/hotelcarlton.ms.decms.eu\/zimmer\/chambre-standard\/"},"modified":"2019-04-17T15:20:56","modified_gmt":"2019-04-17T13:20:56","slug":"standard-zimmer","status":"publish","type":"page","link":"https:\/\/www.hotelcarlton.net\/de\/zimmer\/standard-zimmer\/","title":{"rendered":"Standard Zimmer"},"content":{"rendered":"<p>Kostenloses WLAN, Philips LCD Fernseher 32\u2033 oder 28\u2033 in den Einzelzimmern, Sat-TV und <strong>SKY<\/strong>-TV, Telefon, Minibar, Safe, Sanit\u00e4ranlagen von Pozzi &amp; Ginori, Dusche oder Badewanne, F\u00f6hn, Schr\u00e4nke mit Naturholzfront, gro\u00dfes Federbett, f\u00fcr Allergiker geeigneter Bodenbelag LTE Plankwood, Nichtraucherzimmer, behindertengerechte Zimmer.<\/p>\n<p><strong>Gr\u00f6\u00dfe<\/strong>: 14-23 mq<\/p>\n","protected":false},"excerpt":{"rendered":"<p>Kostenloses WLAN, Philips LCD Fernseher 32\u2033 oder 28\u2033 in den Einzelzimmern, Sat-TV und SKY-TV, Telefon, Minibar, Safe, Sanit\u00e4ranlagen von Pozzi &amp; Ginori, Dusche oder Badewanne, F\u00f6hn, Schr\u00e4nke mit Naturholzfront, gro\u00dfes Federbett, f\u00fcr Allergiker geeigneter Bodenbelag LTE Plankwood, Nichtraucherzimmer, behindertengerechte Zimmer. Gr\u00f6\u00dfe: 14-23 mq<\/p>\n","protected":false},"author":13,"featured_media":0,"parent":2534,"menu_order":1,"comment_status":"closed","ping_status":"closed","template":"template-single-room.php","meta":{"footnotes":""},"class_list":["post-2541","page","type-page","status-publish","hentry"],"yoast_head":"<!-- This site is optimized with the Yoast SEO plugin v26.9 - https:\/\/yoast.com\/product\/yoast-seo-wordpress\/ -->\n<title>Standard Zimmer - Hotel Carlton<\/title>\n<meta name=\"robots\" content=\"index, follow, max-snippet:-1, max-image-preview:large, max-video-preview:-1\" \/>\n<link rel=\"canonical\" href=\"https:\/\/www.hotelcarlton.net\/de\/zimmer\/standard-zimmer\/\" \/>\n<meta property=\"og:locale\" content=\"de_DE\" \/>\n<meta property=\"og:type\" content=\"article\" \/>\n<meta property=\"og:title\" content=\"Standard Zimmer - Hotel Carlton\" \/>\n<meta property=\"og:description\" content=\"Kostenloses WLAN, Philips LCD Fernseher 32\u2033 oder 28\u2033 in den Einzelzimmern, Sat-TV und SKY-TV, Telefon, Minibar, Safe, Sanit\u00e4ranlagen von Pozzi &amp; Ginori, Dusche oder Badewanne, F\u00f6hn, Schr\u00e4nke mit Naturholzfront, gro\u00dfes Federbett, f\u00fcr Allergiker geeigneter Bodenbelag LTE Plankwood, Nichtraucherzimmer, behindertengerechte Zimmer. Gr\u00f6\u00dfe: 14-23 mq\" \/>\n<meta property=\"og:url\" content=\"https:\/\/www.hotelcarlton.net\/de\/zimmer\/standard-zimmer\/\" \/>\n<meta property=\"og:site_name\" content=\"Hotel Carlton\" \/>\n<meta property=\"article:modified_time\" content=\"2019-04-17T13:20:56+00:00\" \/>\n<meta name=\"twitter:card\" content=\"summary_large_image\" \/>\n<script type=\"application\/ld+json\" class=\"yoast-schema-graph\">{\"@context\":\"https:\/\/schema.org\",\"@graph\":[{\"@type\":\"WebPage\",\"@id\":\"https:\/\/www.hotelcarlton.net\/de\/zimmer\/standard-zimmer\/\",\"url\":\"https:\/\/www.hotelcarlton.net\/de\/zimmer\/standard-zimmer\/\",\"name\":\"Standard Zimmer - Hotel Carlton\",\"isPartOf\":{\"@id\":\"https:\/\/www.hotelcarlton.net\/de\/#website\"},\"datePublished\":\"2019-03-20T13:03:21+00:00\",\"dateModified\":\"2019-04-17T13:20:56+00:00\",\"breadcrumb\":{\"@id\":\"https:\/\/www.hotelcarlton.net\/de\/zimmer\/standard-zimmer\/#breadcrumb\"},\"inLanguage\":\"de-DE\",\"potentialAction\":[{\"@type\":\"ReadAction\",\"target\":[\"https:\/\/www.hotelcarlton.net\/de\/zimmer\/standard-zimmer\/\"]}]},{\"@type\":\"BreadcrumbList\",\"@id\":\"https:\/\/www.hotelcarlton.net\/de\/zimmer\/standard-zimmer\/#breadcrumb\",\"itemListElement\":[{\"@type\":\"ListItem\",\"position\":1,\"name\":\"Home\",\"item\":\"https:\/\/www.hotelcarlton.net\/de\/\"},{\"@type\":\"ListItem\",\"position\":2,\"name\":\"Zimmer\",\"item\":\"https:\/\/www.hotelcarlton.net\/de\/zimmer\/\"},{\"@type\":\"ListItem\",\"position\":3,\"name\":\"Standard Zimmer\"}]},{\"@type\":\"WebSite\",\"@id\":\"https:\/\/www.hotelcarlton.net\/de\/#website\",\"url\":\"https:\/\/www.hotelcarlton.net\/de\/\",\"name\":\"Hotel Carlton\",\"description\":\"Ecco un altro sito ms.decms.eu\",\"potentialAction\":[{\"@type\":\"SearchAction\",\"target\":{\"@type\":\"EntryPoint\",\"urlTemplate\":\"https:\/\/www.hotelcarlton.net\/de\/?s={search_term_string}\"},\"query-input\":{\"@type\":\"PropertyValueSpecification\",\"valueRequired\":true,\"valueName\":\"search_term_string\"}}],\"inLanguage\":\"de-DE\"}]}<\/script>\n<!-- \/ Yoast SEO plugin. -->","yoast_head_json":{"title":"Standard Zimmer - Hotel Carlton","robots":{"index":"index","follow":"follow","max-snippet":"max-snippet:-1","max-image-preview":"max-image-preview:large","max-video-preview":"max-video-preview:-1"},"canonical":"https:\/\/www.hotelcarlton.net\/de\/zimmer\/standard-zimmer\/","og_locale":"de_DE","og_type":"article","og_title":"Standard Zimmer - Hotel Carlton","og_description":"Kostenloses WLAN, Philips LCD Fernseher 32\u2033 oder 28\u2033 in den Einzelzimmern, Sat-TV und SKY-TV, Telefon, Minibar, Safe, Sanit\u00e4ranlagen von Pozzi &amp; Ginori, Dusche oder Badewanne, F\u00f6hn, Schr\u00e4nke mit Naturholzfront, gro\u00dfes Federbett, f\u00fcr Allergiker geeigneter Bodenbelag LTE Plankwood, Nichtraucherzimmer, behindertengerechte Zimmer. Gr\u00f6\u00dfe: 14-23 mq","og_url":"https:\/\/www.hotelcarlton.net\/de\/zimmer\/standard-zimmer\/","og_site_name":"Hotel Carlton","article_modified_time":"2019-04-17T13:20:56+00:00","twitter_card":"summary_large_image","schema":{"@context":"https:\/\/schema.org","@graph":[{"@type":"WebPage","@id":"https:\/\/www.hotelcarlton.net\/de\/zimmer\/standard-zimmer\/","url":"https:\/\/www.hotelcarlton.net\/de\/zimmer\/standard-zimmer\/","name":"Standard Zimmer - Hotel Carlton","isPartOf":{"@id":"https:\/\/www.hotelcarlton.net\/de\/#website"},"datePublished":"2019-03-20T13:03:21+00:00","dateModified":"2019-04-17T13:20:56+00:00","breadcrumb":{"@id":"https:\/\/www.hotelcarlton.net\/de\/zimmer\/standard-zimmer\/#breadcrumb"},"inLanguage":"de-DE","potentialAction":[{"@type":"ReadAction","target":["https:\/\/www.hotelcarlton.net\/de\/zimmer\/standard-zimmer\/"]}]},{"@type":"BreadcrumbList","@id":"https:\/\/www.hotelcarlton.net\/de\/zimmer\/standard-zimmer\/#breadcrumb","itemListElement":[{"@type":"ListItem","position":1,"name":"Home","item":"https:\/\/www.hotelcarlton.net\/de\/"},{"@type":"ListItem","position":2,"name":"Zimmer","item":"https:\/\/www.hotelcarlton.net\/de\/zimmer\/"},{"@type":"ListItem","position":3,"name":"Standard Zimmer"}]},{"@type":"WebSite","@id":"https:\/\/www.hotelcarlton.net\/de\/#website","url":"https:\/\/www.hotelcarlton.net\/de\/","name":"Hotel Carlton","description":"Ecco un altro sito ms.decms.eu","potentialAction":[{"@type":"SearchAction","target":{"@type":"EntryPoint","urlTemplate":"https:\/\/www.hotelcarlton.net\/de\/?s={search_term_string}"},"query-input":{"@type":"PropertyValueSpecification","valueRequired":true,"valueName":"search_term_string"}}],"inLanguage":"de-DE"}]}},"acf":[],"_links":{"self":[{"href":"https:\/\/www.hotelcarlton.net\/de\/wp-json\/wp\/v2\/pages\/2541","targetHints":{"allow":["GET"]}}],"collection":[{"href":"https:\/\/www.hotelcarlton.net\/de\/wp-json\/wp\/v2\/pages"}],"about":[{"href":"https:\/\/www.hotelcarlton.net\/de\/wp-json\/wp\/v2\/types\/page"}],"author":[{"embeddable":true,"href":"https:\/\/www.hotelcarlton.net\/de\/wp-json\/wp\/v2\/users\/13"}],"replies":[{"embeddable":true,"href":"https:\/\/www.hotelcarlton.net\/de\/wp-json\/wp\/v2\/comments?post=2541"}],"version-history":[{"count":0,"href":"https:\/\/www.hotelcarlton.net\/de\/wp-json\/wp\/v2\/pages\/2541\/revisions"}],"up":[{"embeddable":true,"href":"https:\/\/www.hotelcarlton.net\/de\/wp-json\/wp\/v2\/pages\/2534"}],"wp:attachment":[{"href":"https:\/\/www.hotelcarlton.net\/de\/wp-json\/wp\/v2\/media?parent=2541"}],"curies":[{"name":"wp","href":"https:\/\/api.w.org\/{rel}","templated":true}]}}