{"id":2534,"date":"2019-04-17T15:05:47","date_gmt":"2019-04-17T13:05:47","guid":{"rendered":"http:\/\/hotelcarlton.ms.decms.eu\/?page_id=2534"},"modified":"2024-02-22T17:58:25","modified_gmt":"2024-02-22T16:58:25","slug":"zimmer","status":"publish","type":"page","link":"https:\/\/www.hotelcarlton.net\/de\/zimmer\/","title":{"rendered":"Zimmer"},"content":{"rendered":"<p>Die Auswahl des Zimmers ist der wichtigste Moment f\u00fcr den Gast. Um dies zu erleichtern bieten wir wenige Zimmerkategorien an, sodass man sich auf das Wesentliche konzentrieren kann. Unsere 58 Zimmer beinhalten die Kategorien<strong> Standard<\/strong>, <strong>Superior<\/strong> und <strong>Panorama<\/strong>. Alle Zimmer k\u00f6nnen als Einzelzimmer, Doppelzimmer mit zwei Betten oder einem Doppelbett oder als Dreibettzimmer gebucht werden. Sie unterscheiden sich in der Art der gebuchten Leistungen oder in der Lage in unserem Haus. Aber alle Zimmer haben moderne, vor kurzem renovierte B\u00e4der mit Badewanne oder Dusche, <strong>WLAN<\/strong>, einen Philips LCD Fernseher mit 32\u2033 Monitor, in einigen Einzelzimmern sind 28\u2033 Fernseher, Klimaanlage und Heizung, F\u00f6hn, Schr\u00e4nke mit Naturholzfront, Federbetten, zwei Kopfkissen, Safe, Minibar und weiche Frottee Handt\u00fccher.<\/p>\n<p>Einige Zimmer sind behindertengerecht ausgestattet w\u00e4hrend das gesamte Hotel komplett barrierefrei ist.<\/p>\n<p>Alle unsere Zimmer sind NICHTRAUCHER<\/p>\n","protected":false},"excerpt":{"rendered":"<p>Die Auswahl des Zimmers ist der wichtigste Moment f\u00fcr den Gast. Um dies zu erleichtern bieten wir wenige Zimmerkategorien an, sodass man sich auf das Wesentliche konzentrieren kann. Unsere 58 Zimmer beinhalten die Kategorien Standard, Superior und Panorama. Alle Zimmer k\u00f6nnen als Einzelzimmer, Doppelzimmer mit zwei Betten oder einem Doppelbett oder als Dreibettzimmer gebucht werden. [&hellip;]<\/p>\n","protected":false},"author":21,"featured_media":0,"parent":0,"menu_order":5,"comment_status":"closed","ping_status":"closed","template":"template-rooms.php","meta":{"footnotes":""},"class_list":["post-2534","page","type-page","status-publish","hentry"],"yoast_head":"<!-- This site is optimized with the Yoast SEO plugin v26.9 - https:\/\/yoast.com\/product\/yoast-seo-wordpress\/ -->\n<title>Zimmer - Hotel Carlton<\/title>\n<meta name=\"robots\" content=\"index, follow, max-snippet:-1, max-image-preview:large, max-video-preview:-1\" \/>\n<link rel=\"canonical\" href=\"https:\/\/www.hotelcarlton.net\/de\/zimmer\/\" \/>\n<meta property=\"og:locale\" content=\"de_DE\" \/>\n<meta property=\"og:type\" content=\"article\" \/>\n<meta property=\"og:title\" content=\"Zimmer - Hotel Carlton\" \/>\n<meta property=\"og:description\" content=\"Die Auswahl des Zimmers ist der wichtigste Moment f\u00fcr den Gast. Um dies zu erleichtern bieten wir wenige Zimmerkategorien an, sodass man sich auf das Wesentliche konzentrieren kann. Unsere 58 Zimmer beinhalten die Kategorien Standard, Superior und Panorama. Alle Zimmer k\u00f6nnen als Einzelzimmer, Doppelzimmer mit zwei Betten oder einem Doppelbett oder als Dreibettzimmer gebucht werden. [&hellip;]\" \/>\n<meta property=\"og:url\" content=\"https:\/\/www.hotelcarlton.net\/de\/zimmer\/\" \/>\n<meta property=\"og:site_name\" content=\"Hotel Carlton\" \/>\n<meta property=\"article:modified_time\" content=\"2024-02-22T16:58:25+00:00\" \/>\n<meta name=\"twitter:card\" content=\"summary_large_image\" \/>\n<meta name=\"twitter:label1\" content=\"Gesch\u00e4tzte Lesezeit\" \/>\n\t<meta name=\"twitter:data1\" content=\"1 Minute\" \/>\n<script type=\"application\/ld+json\" class=\"yoast-schema-graph\">{\"@context\":\"https:\/\/schema.org\",\"@graph\":[{\"@type\":\"WebPage\",\"@id\":\"https:\/\/www.hotelcarlton.net\/de\/zimmer\/\",\"url\":\"https:\/\/www.hotelcarlton.net\/de\/zimmer\/\",\"name\":\"Zimmer - Hotel Carlton\",\"isPartOf\":{\"@id\":\"https:\/\/www.hotelcarlton.net\/de\/#website\"},\"datePublished\":\"2019-04-17T13:05:47+00:00\",\"dateModified\":\"2024-02-22T16:58:25+00:00\",\"breadcrumb\":{\"@id\":\"https:\/\/www.hotelcarlton.net\/de\/zimmer\/#breadcrumb\"},\"inLanguage\":\"de-DE\",\"potentialAction\":[{\"@type\":\"ReadAction\",\"target\":[\"https:\/\/www.hotelcarlton.net\/de\/zimmer\/\"]}]},{\"@type\":\"BreadcrumbList\",\"@id\":\"https:\/\/www.hotelcarlton.net\/de\/zimmer\/#breadcrumb\",\"itemListElement\":[{\"@type\":\"ListItem\",\"position\":1,\"name\":\"Home\",\"item\":\"https:\/\/www.hotelcarlton.net\/de\/\"},{\"@type\":\"ListItem\",\"position\":2,\"name\":\"Zimmer\"}]},{\"@type\":\"WebSite\",\"@id\":\"https:\/\/www.hotelcarlton.net\/de\/#website\",\"url\":\"https:\/\/www.hotelcarlton.net\/de\/\",\"name\":\"Hotel Carlton\",\"description\":\"Ecco un altro sito ms.decms.eu\",\"potentialAction\":[{\"@type\":\"SearchAction\",\"target\":{\"@type\":\"EntryPoint\",\"urlTemplate\":\"https:\/\/www.hotelcarlton.net\/de\/?s={search_term_string}\"},\"query-input\":{\"@type\":\"PropertyValueSpecification\",\"valueRequired\":true,\"valueName\":\"search_term_string\"}}],\"inLanguage\":\"de-DE\"}]}<\/script>\n<!-- \/ Yoast SEO plugin. -->","yoast_head_json":{"title":"Zimmer - Hotel Carlton","robots":{"index":"index","follow":"follow","max-snippet":"max-snippet:-1","max-image-preview":"max-image-preview:large","max-video-preview":"max-video-preview:-1"},"canonical":"https:\/\/www.hotelcarlton.net\/de\/zimmer\/","og_locale":"de_DE","og_type":"article","og_title":"Zimmer - Hotel Carlton","og_description":"Die Auswahl des Zimmers ist der wichtigste Moment f\u00fcr den Gast. Um dies zu erleichtern bieten wir wenige Zimmerkategorien an, sodass man sich auf das Wesentliche konzentrieren kann. Unsere 58 Zimmer beinhalten die Kategorien Standard, Superior und Panorama. Alle Zimmer k\u00f6nnen als Einzelzimmer, Doppelzimmer mit zwei Betten oder einem Doppelbett oder als Dreibettzimmer gebucht werden. [&hellip;]","og_url":"https:\/\/www.hotelcarlton.net\/de\/zimmer\/","og_site_name":"Hotel Carlton","article_modified_time":"2024-02-22T16:58:25+00:00","twitter_card":"summary_large_image","twitter_misc":{"Gesch\u00e4tzte Lesezeit":"1 Minute"},"schema":{"@context":"https:\/\/schema.org","@graph":[{"@type":"WebPage","@id":"https:\/\/www.hotelcarlton.net\/de\/zimmer\/","url":"https:\/\/www.hotelcarlton.net\/de\/zimmer\/","name":"Zimmer - Hotel Carlton","isPartOf":{"@id":"https:\/\/www.hotelcarlton.net\/de\/#website"},"datePublished":"2019-04-17T13:05:47+00:00","dateModified":"2024-02-22T16:58:25+00:00","breadcrumb":{"@id":"https:\/\/www.hotelcarlton.net\/de\/zimmer\/#breadcrumb"},"inLanguage":"de-DE","potentialAction":[{"@type":"ReadAction","target":["https:\/\/www.hotelcarlton.net\/de\/zimmer\/"]}]},{"@type":"BreadcrumbList","@id":"https:\/\/www.hotelcarlton.net\/de\/zimmer\/#breadcrumb","itemListElement":[{"@type":"ListItem","position":1,"name":"Home","item":"https:\/\/www.hotelcarlton.net\/de\/"},{"@type":"ListItem","position":2,"name":"Zimmer"}]},{"@type":"WebSite","@id":"https:\/\/www.hotelcarlton.net\/de\/#website","url":"https:\/\/www.hotelcarlton.net\/de\/","name":"Hotel Carlton","description":"Ecco un altro sito ms.decms.eu","potentialAction":[{"@type":"SearchAction","target":{"@type":"EntryPoint","urlTemplate":"https:\/\/www.hotelcarlton.net\/de\/?s={search_term_string}"},"query-input":{"@type":"PropertyValueSpecification","valueRequired":true,"valueName":"search_term_string"}}],"inLanguage":"de-DE"}]}},"acf":[],"_links":{"self":[{"href":"https:\/\/www.hotelcarlton.net\/de\/wp-json\/wp\/v2\/pages\/2534","targetHints":{"allow":["GET"]}}],"collection":[{"href":"https:\/\/www.hotelcarlton.net\/de\/wp-json\/wp\/v2\/pages"}],"about":[{"href":"https:\/\/www.hotelcarlton.net\/de\/wp-json\/wp\/v2\/types\/page"}],"author":[{"embeddable":true,"href":"https:\/\/www.hotelcarlton.net\/de\/wp-json\/wp\/v2\/users\/21"}],"replies":[{"embeddable":true,"href":"https:\/\/www.hotelcarlton.net\/de\/wp-json\/wp\/v2\/comments?post=2534"}],"version-history":[{"count":0,"href":"https:\/\/www.hotelcarlton.net\/de\/wp-json\/wp\/v2\/pages\/2534\/revisions"}],"wp:attachment":[{"href":"https:\/\/www.hotelcarlton.net\/de\/wp-json\/wp\/v2\/media?parent=2534"}],"curies":[{"name":"wp","href":"https:\/\/api.w.org\/{rel}","templated":true}]}}