{"id":2526,"date":"2019-03-20T13:50:41","date_gmt":"2019-03-20T12:50:41","guid":{"rendered":"http:\/\/hotelcarlton.ms.decms.eu\/plan-dacces\/"},"modified":"2022-08-29T18:40:01","modified_gmt":"2022-08-29T16:40:01","slug":"lage","status":"publish","type":"page","link":"https:\/\/www.hotelcarlton.net\/de\/lage\/","title":{"rendered":"Lage"},"content":{"rendered":"<p><a href=\"http:\/\/hotelcarlton.ms.decms.eu\/wp-content\/uploads\/sites\/19\/2019\/05\/pianta-di-ferrara-da-stampare_compressed.pdf\">KLICKEN SIE HIER EINEN BLICK AUF DER KARTE DER STADT FERRARA HABEN<\/a><\/p>\n<p>Unsere G\u00e4ste beurteilen die Lage unseres Hotels eindeutig als unsere St\u00e4rke!<\/p>\n<p>Wir befinden uns mitten im Zentrum, nur wenige Meter von den wichtigsten Sehensw\u00fcrdigkeiten der Stadt entfernt. Sie k\u00f6nnen uns gut mit dem Auto erreichen, und in unserer privaten Tiefgarage oder auf den \u00f6ffentlichen Parkpl\u00e4tzen parken. Wir befinden uns nur 15 Gehminuten vom Bahnhof entfernt, sollten Sie mit dem Zug anreisen. Sollten Sie mit dem Flugzeug aus Bologna anreisen und den Bus &amp; Fly Shuttle nutzen, dieser h\u00e4lt 3 Gehminuten von uns entfernt. Auch das ist Gastlichkeit!<\/p>\n<p>Das Hotel Carlton liegt an der Piazza Sacrati in der Altstadt von Ferrara. Die wichtigsten historischen Geb\u00e4ude der Stadt, wie das Castello Estense, der Dom, das Stadttheater, Palazzo dei Diamanti, Palazzo Schifanoia, das Gericht und die Universit\u00e4t, sind leicht zu Fu\u00df erreichbar.<\/p>\n<p><strong>Entfernung von:<\/strong><\/p>\n<ul>\n<li>Lidi Ferraresi Km 60 \u2013 50\u2019<\/li>\n<li>Bologna Km 50 \u2013 40\u2019<\/li>\n<li>Venezia Km 110 \u2013 1h 30\u2019<\/li>\n<li>Firenze Km 170 \u2013 2h<\/li>\n<li>Padova Km 78 \u2013 1h<\/li>\n<li>Modena Km 92 \u2013 1h 10\u2019<\/li>\n<\/ul>\n<p><strong>So finden Sie uns:<\/strong><br \/>\n<strong>GPS-Navigator<\/strong> : W\u00e4hlen Sie aus jeder Richtung \u201cPiazza Sacrati\u201d. Sie werden bis zum Hotel Carlton gef\u00fchrt. GPS-Koordinaten: (N). 44.83770 (E). 11.61573<\/p>\n<p><img loading=\"lazy\" decoding=\"async\" class=\"wp-image-180 alignleft\" src=\"http:\/\/hotelcarlton.ms.decms.eu\/wp-content\/uploads\/sites\/19\/2019\/03\/qr-code-google-map.png\" alt=\"\" width=\"100\" height=\"100\" srcset=\"https:\/\/www.hotelcarlton.net\/wp-content\/uploads\/sites\/19\/2019\/03\/qr-code-google-map.png 216w, https:\/\/www.hotelcarlton.net\/wp-content\/uploads\/sites\/19\/2019\/03\/qr-code-google-map-150x150.png 150w, https:\/\/www.hotelcarlton.net\/wp-content\/uploads\/sites\/19\/2019\/03\/qr-code-google-map-204x204.png 204w\" sizes=\"auto, (max-width: 100px) 100vw, 100px\" \/><\/p>\n","protected":false},"excerpt":{"rendered":"<p>KLICKEN SIE HIER EINEN BLICK AUF DER KARTE DER STADT FERRARA HABEN Unsere G\u00e4ste beurteilen die Lage unseres Hotels eindeutig als unsere St\u00e4rke! Wir befinden uns mitten im Zentrum, nur wenige Meter von den wichtigsten Sehensw\u00fcrdigkeiten der Stadt entfernt. Sie k\u00f6nnen uns gut mit dem Auto erreichen, und in unserer privaten Tiefgarage oder auf den [&hellip;]<\/p>\n","protected":false},"author":13,"featured_media":0,"parent":0,"menu_order":4,"comment_status":"closed","ping_status":"closed","template":"template-location.php","meta":{"footnotes":""},"class_list":["post-2526","page","type-page","status-publish","hentry"],"yoast_head":"<!-- This site is optimized with the Yoast SEO plugin v26.9 - https:\/\/yoast.com\/product\/yoast-seo-wordpress\/ -->\n<title>Lage - Hotel Carlton<\/title>\n<meta name=\"robots\" content=\"index, follow, max-snippet:-1, max-image-preview:large, max-video-preview:-1\" \/>\n<link rel=\"canonical\" href=\"https:\/\/www.hotelcarlton.net\/de\/lage\/\" \/>\n<meta property=\"og:locale\" content=\"de_DE\" \/>\n<meta property=\"og:type\" content=\"article\" \/>\n<meta property=\"og:title\" content=\"Lage - Hotel Carlton\" \/>\n<meta property=\"og:description\" content=\"KLICKEN SIE HIER EINEN BLICK AUF DER KARTE DER STADT FERRARA HABEN Unsere G\u00e4ste beurteilen die Lage unseres Hotels eindeutig als unsere St\u00e4rke! Wir befinden uns mitten im Zentrum, nur wenige Meter von den wichtigsten Sehensw\u00fcrdigkeiten der Stadt entfernt. Sie k\u00f6nnen uns gut mit dem Auto erreichen, und in unserer privaten Tiefgarage oder auf den [&hellip;]\" \/>\n<meta property=\"og:url\" content=\"https:\/\/www.hotelcarlton.net\/de\/lage\/\" \/>\n<meta property=\"og:site_name\" content=\"Hotel Carlton\" \/>\n<meta property=\"article:modified_time\" content=\"2022-08-29T16:40:01+00:00\" \/>\n<meta property=\"og:image\" content=\"http:\/\/hotelcarlton.ms.decms.eu\/wp-content\/uploads\/sites\/19\/2019\/03\/qr-code-google-map.png\" \/>\n<meta name=\"twitter:card\" content=\"summary_large_image\" \/>\n<meta name=\"twitter:label1\" content=\"Gesch\u00e4tzte Lesezeit\" \/>\n\t<meta name=\"twitter:data1\" content=\"1 Minute\" \/>\n<script type=\"application\/ld+json\" class=\"yoast-schema-graph\">{\"@context\":\"https:\/\/schema.org\",\"@graph\":[{\"@type\":\"WebPage\",\"@id\":\"https:\/\/www.hotelcarlton.net\/de\/lage\/\",\"url\":\"https:\/\/www.hotelcarlton.net\/de\/lage\/\",\"name\":\"Lage - Hotel Carlton\",\"isPartOf\":{\"@id\":\"https:\/\/www.hotelcarlton.net\/de\/#website\"},\"primaryImageOfPage\":{\"@id\":\"https:\/\/www.hotelcarlton.net\/de\/lage\/#primaryimage\"},\"image\":{\"@id\":\"https:\/\/www.hotelcarlton.net\/de\/lage\/#primaryimage\"},\"thumbnailUrl\":\"http:\/\/hotelcarlton.ms.decms.eu\/wp-content\/uploads\/sites\/19\/2019\/03\/qr-code-google-map.png\",\"datePublished\":\"2019-03-20T12:50:41+00:00\",\"dateModified\":\"2022-08-29T16:40:01+00:00\",\"breadcrumb\":{\"@id\":\"https:\/\/www.hotelcarlton.net\/de\/lage\/#breadcrumb\"},\"inLanguage\":\"de-DE\",\"potentialAction\":[{\"@type\":\"ReadAction\",\"target\":[\"https:\/\/www.hotelcarlton.net\/de\/lage\/\"]}]},{\"@type\":\"ImageObject\",\"inLanguage\":\"de-DE\",\"@id\":\"https:\/\/www.hotelcarlton.net\/de\/lage\/#primaryimage\",\"url\":\"http:\/\/hotelcarlton.ms.decms.eu\/wp-content\/uploads\/sites\/19\/2019\/03\/qr-code-google-map.png\",\"contentUrl\":\"http:\/\/hotelcarlton.ms.decms.eu\/wp-content\/uploads\/sites\/19\/2019\/03\/qr-code-google-map.png\"},{\"@type\":\"BreadcrumbList\",\"@id\":\"https:\/\/www.hotelcarlton.net\/de\/lage\/#breadcrumb\",\"itemListElement\":[{\"@type\":\"ListItem\",\"position\":1,\"name\":\"Home\",\"item\":\"https:\/\/www.hotelcarlton.net\/de\/\"},{\"@type\":\"ListItem\",\"position\":2,\"name\":\"Lage\"}]},{\"@type\":\"WebSite\",\"@id\":\"https:\/\/www.hotelcarlton.net\/de\/#website\",\"url\":\"https:\/\/www.hotelcarlton.net\/de\/\",\"name\":\"Hotel Carlton\",\"description\":\"Ecco un altro sito ms.decms.eu\",\"potentialAction\":[{\"@type\":\"SearchAction\",\"target\":{\"@type\":\"EntryPoint\",\"urlTemplate\":\"https:\/\/www.hotelcarlton.net\/de\/?s={search_term_string}\"},\"query-input\":{\"@type\":\"PropertyValueSpecification\",\"valueRequired\":true,\"valueName\":\"search_term_string\"}}],\"inLanguage\":\"de-DE\"}]}<\/script>\n<!-- \/ Yoast SEO plugin. -->","yoast_head_json":{"title":"Lage - Hotel Carlton","robots":{"index":"index","follow":"follow","max-snippet":"max-snippet:-1","max-image-preview":"max-image-preview:large","max-video-preview":"max-video-preview:-1"},"canonical":"https:\/\/www.hotelcarlton.net\/de\/lage\/","og_locale":"de_DE","og_type":"article","og_title":"Lage - Hotel Carlton","og_description":"KLICKEN SIE HIER EINEN BLICK AUF DER KARTE DER STADT FERRARA HABEN Unsere G\u00e4ste beurteilen die Lage unseres Hotels eindeutig als unsere St\u00e4rke! Wir befinden uns mitten im Zentrum, nur wenige Meter von den wichtigsten Sehensw\u00fcrdigkeiten der Stadt entfernt. Sie k\u00f6nnen uns gut mit dem Auto erreichen, und in unserer privaten Tiefgarage oder auf den [&hellip;]","og_url":"https:\/\/www.hotelcarlton.net\/de\/lage\/","og_site_name":"Hotel Carlton","article_modified_time":"2022-08-29T16:40:01+00:00","og_image":[{"url":"http:\/\/hotelcarlton.ms.decms.eu\/wp-content\/uploads\/sites\/19\/2019\/03\/qr-code-google-map.png","type":"","width":"","height":""}],"twitter_card":"summary_large_image","twitter_misc":{"Gesch\u00e4tzte Lesezeit":"1 Minute"},"schema":{"@context":"https:\/\/schema.org","@graph":[{"@type":"WebPage","@id":"https:\/\/www.hotelcarlton.net\/de\/lage\/","url":"https:\/\/www.hotelcarlton.net\/de\/lage\/","name":"Lage - Hotel Carlton","isPartOf":{"@id":"https:\/\/www.hotelcarlton.net\/de\/#website"},"primaryImageOfPage":{"@id":"https:\/\/www.hotelcarlton.net\/de\/lage\/#primaryimage"},"image":{"@id":"https:\/\/www.hotelcarlton.net\/de\/lage\/#primaryimage"},"thumbnailUrl":"http:\/\/hotelcarlton.ms.decms.eu\/wp-content\/uploads\/sites\/19\/2019\/03\/qr-code-google-map.png","datePublished":"2019-03-20T12:50:41+00:00","dateModified":"2022-08-29T16:40:01+00:00","breadcrumb":{"@id":"https:\/\/www.hotelcarlton.net\/de\/lage\/#breadcrumb"},"inLanguage":"de-DE","potentialAction":[{"@type":"ReadAction","target":["https:\/\/www.hotelcarlton.net\/de\/lage\/"]}]},{"@type":"ImageObject","inLanguage":"de-DE","@id":"https:\/\/www.hotelcarlton.net\/de\/lage\/#primaryimage","url":"http:\/\/hotelcarlton.ms.decms.eu\/wp-content\/uploads\/sites\/19\/2019\/03\/qr-code-google-map.png","contentUrl":"http:\/\/hotelcarlton.ms.decms.eu\/wp-content\/uploads\/sites\/19\/2019\/03\/qr-code-google-map.png"},{"@type":"BreadcrumbList","@id":"https:\/\/www.hotelcarlton.net\/de\/lage\/#breadcrumb","itemListElement":[{"@type":"ListItem","position":1,"name":"Home","item":"https:\/\/www.hotelcarlton.net\/de\/"},{"@type":"ListItem","position":2,"name":"Lage"}]},{"@type":"WebSite","@id":"https:\/\/www.hotelcarlton.net\/de\/#website","url":"https:\/\/www.hotelcarlton.net\/de\/","name":"Hotel Carlton","description":"Ecco un altro sito ms.decms.eu","potentialAction":[{"@type":"SearchAction","target":{"@type":"EntryPoint","urlTemplate":"https:\/\/www.hotelcarlton.net\/de\/?s={search_term_string}"},"query-input":{"@type":"PropertyValueSpecification","valueRequired":true,"valueName":"search_term_string"}}],"inLanguage":"de-DE"}]}},"acf":[],"_links":{"self":[{"href":"https:\/\/www.hotelcarlton.net\/de\/wp-json\/wp\/v2\/pages\/2526","targetHints":{"allow":["GET"]}}],"collection":[{"href":"https:\/\/www.hotelcarlton.net\/de\/wp-json\/wp\/v2\/pages"}],"about":[{"href":"https:\/\/www.hotelcarlton.net\/de\/wp-json\/wp\/v2\/types\/page"}],"author":[{"embeddable":true,"href":"https:\/\/www.hotelcarlton.net\/de\/wp-json\/wp\/v2\/users\/13"}],"replies":[{"embeddable":true,"href":"https:\/\/www.hotelcarlton.net\/de\/wp-json\/wp\/v2\/comments?post=2526"}],"version-history":[{"count":0,"href":"https:\/\/www.hotelcarlton.net\/de\/wp-json\/wp\/v2\/pages\/2526\/revisions"}],"wp:attachment":[{"href":"https:\/\/www.hotelcarlton.net\/de\/wp-json\/wp\/v2\/media?parent=2526"}],"curies":[{"name":"wp","href":"https:\/\/api.w.org\/{rel}","templated":true}]}}