{"id":2509,"date":"2019-03-20T13:48:34","date_gmt":"2019-03-20T12:48:34","guid":{"rendered":"http:\/\/hotelcarlton.ms.decms.eu\/das-hotel\/personnel\/"},"modified":"2026-02-18T11:35:11","modified_gmt":"2026-02-18T10:35:11","slug":"personal","status":"publish","type":"page","link":"https:\/\/www.hotelcarlton.net\/de\/das-hotel\/personal\/","title":{"rendered":"Personal"},"content":{"rendered":"<table>\n<tbody>\n<tr>\n<td width=\"642\"><img loading=\"lazy\" decoding=\"async\" class=\"wp-image-3099 aligncenter\" style=\"font-family: inherit;font-size: inherit\" src=\"https:\/\/www.hotelcarlton.net\/wp-content\/uploads\/sites\/19\/2019\/05\/dir-229x300.jpg\" alt=\"\" width=\"170\" height=\"222\" srcset=\"https:\/\/www.hotelcarlton.net\/wp-content\/uploads\/sites\/19\/2019\/05\/dir-229x300.jpg 229w, https:\/\/www.hotelcarlton.net\/wp-content\/uploads\/sites\/19\/2019\/05\/dir-768x1005.jpg 768w, https:\/\/www.hotelcarlton.net\/wp-content\/uploads\/sites\/19\/2019\/05\/dir-783x1024.jpg 783w, https:\/\/www.hotelcarlton.net\/wp-content\/uploads\/sites\/19\/2019\/05\/dir-340x445.jpg 340w, https:\/\/www.hotelcarlton.net\/wp-content\/uploads\/sites\/19\/2019\/05\/dir-272x356.jpg 272w, https:\/\/www.hotelcarlton.net\/wp-content\/uploads\/sites\/19\/2019\/05\/dir-204x267.jpg 204w, https:\/\/www.hotelcarlton.net\/wp-content\/uploads\/sites\/19\/2019\/05\/dir.jpg 1949w\" sizes=\"auto, (max-width: 170px) 100vw, 170px\" \/><\/p>\n<p style=\"text-align: center\"><strong>Paolo Colombarini<br \/>\n<span style=\"color: #000000\">Hotelmanager<\/span><\/strong><\/p>\n<\/td>\n<\/tr>\n<\/tbody>\n<\/table>\n<table>\n<tbody>\n<tr>\n<td style=\"text-align: center\" width=\"642\"><img loading=\"lazy\" decoding=\"async\" class=\"size-full wp-image-3602 aligncenter\" style=\"font-weight: bold;text-align: center\" src=\"https:\/\/www.hotelcarlton.net\/wp-content\/uploads\/sites\/19\/2025\/04\/2167974_IMG_USA.jpg\" alt=\"\" width=\"200\" height=\"185\" \/><\/p>\n<p><strong style=\"text-align: center\"><strong>Valeriana Marcotriggiani<br \/>\n<\/strong><\/strong>Sekret\u00e4r<strong style=\"text-align: center\"><strong><br \/>\n<\/strong><\/strong><\/td>\n<\/tr>\n<\/tbody>\n<\/table>\n<p>&nbsp;<\/p>\n<table>\n<tbody>\n<tr>\n<th><\/th>\n<th><\/th>\n<\/tr>\n<tr>\n<th><img loading=\"lazy\" decoding=\"async\" class=\"alignnone size-full wp-image-3591\" src=\"https:\/\/www.hotelcarlton.net\/wp-content\/uploads\/sites\/19\/2025\/03\/agnese.jpg\" alt=\"\" width=\"162\" height=\"200\" \/><\/p>\n<p><strong>Agnese Carelle<br \/>\n<\/strong>Rezeptionist<\/th>\n<th><img loading=\"lazy\" decoding=\"async\" class=\"alignnone size-full wp-image-217\" src=\"http:\/\/hotelcarlton.ms.decms.eu\/wp-content\/uploads\/sites\/19\/2019\/03\/hotel_carlton_licia.jpg\" alt=\"\" width=\"188\" height=\"250\" \/><\/p>\n<p><strong>Licia Marchetti<br \/>\n<\/strong>Rezeptionist<\/th>\n<\/tr>\n<tr>\n<th><img loading=\"lazy\" decoding=\"async\" class=\"alignnone wp-image-3621\" src=\"https:\/\/www.hotelcarlton.net\/wp-content\/uploads\/sites\/19\/2026\/02\/linda1-150x150.jpeg\" alt=\"\" width=\"200\" height=\"213\" srcset=\"https:\/\/www.hotelcarlton.net\/wp-content\/uploads\/sites\/19\/2026\/02\/linda1-282x300.jpeg 282w, https:\/\/www.hotelcarlton.net\/wp-content\/uploads\/sites\/19\/2026\/02\/linda1-340x362.jpeg 340w, https:\/\/www.hotelcarlton.net\/wp-content\/uploads\/sites\/19\/2026\/02\/linda1-272x290.jpeg 272w, https:\/\/www.hotelcarlton.net\/wp-content\/uploads\/sites\/19\/2026\/02\/linda1-204x217.jpeg 204w, https:\/\/www.hotelcarlton.net\/wp-content\/uploads\/sites\/19\/2026\/02\/linda1.jpeg 736w\" sizes=\"auto, (max-width: 200px) 100vw, 200px\" \/><\/p>\n<p><strong>Linda Liboni<br \/>\n<\/strong>Rezeptionist<\/th>\n<th><img loading=\"lazy\" decoding=\"async\" class=\"alignnone size-full wp-image-218\" src=\"http:\/\/hotelcarlton.ms.decms.eu\/wp-content\/uploads\/sites\/19\/2019\/03\/hotel_carlton_edilberto.jpg\" alt=\"\" width=\"188\" height=\"250\" \/><\/p>\n<p><strong>Edilberto Legr\u00e0 Silva<br \/>\n<\/strong>Hotelportier<\/th>\n<\/tr>\n<tr>\n<th><img loading=\"lazy\" decoding=\"async\" class=\"alignnone size-full wp-image-213\" style=\"font-family: inherit;font-size: inherit\" src=\"http:\/\/hotelcarlton.ms.decms.eu\/wp-content\/uploads\/sites\/19\/2019\/03\/hotel_carlton_rachel.jpg\" alt=\"\" width=\"188\" height=\"250\" \/><strong>\u00a0<\/strong><\/p>\n<p><strong>Rachel Jane Pearson<\/strong><strong><br \/>\n<\/strong>Fr\u00fchst\u00fccke<\/th>\n<th><img loading=\"lazy\" decoding=\"async\" class=\"alignnone wp-image-3625\" src=\"https:\/\/www.hotelcarlton.net\/wp-content\/uploads\/sites\/19\/2026\/02\/andrea.jpg\" alt=\"\" width=\"200\" height=\"222\" srcset=\"https:\/\/www.hotelcarlton.net\/wp-content\/uploads\/sites\/19\/2026\/02\/andrea.jpg 840w, https:\/\/www.hotelcarlton.net\/wp-content\/uploads\/sites\/19\/2026\/02\/andrea-270x300.jpg 270w, https:\/\/www.hotelcarlton.net\/wp-content\/uploads\/sites\/19\/2026\/02\/andrea-768x852.jpg 768w, https:\/\/www.hotelcarlton.net\/wp-content\/uploads\/sites\/19\/2026\/02\/andrea-340x377.jpg 340w, https:\/\/www.hotelcarlton.net\/wp-content\/uploads\/sites\/19\/2026\/02\/andrea-272x302.jpg 272w, https:\/\/www.hotelcarlton.net\/wp-content\/uploads\/sites\/19\/2026\/02\/andrea-204x226.jpg 204w\" sizes=\"auto, (max-width: 200px) 100vw, 200px\" \/><\/p>\n<p><strong>Andrea Boarini<br \/>\n<\/strong>Rezeptionist<\/th>\n<\/tr>\n<tr>\n<th><img loading=\"lazy\" decoding=\"async\" class=\"alignnone wp-image-3592 size-medium\" src=\"https:\/\/www.hotelcarlton.net\/wp-content\/uploads\/sites\/19\/2025\/03\/Pier-Giorgio-Verlato-255x300.png\" alt=\"\" width=\"255\" height=\"300\" srcset=\"https:\/\/www.hotelcarlton.net\/wp-content\/uploads\/sites\/19\/2025\/03\/Pier-Giorgio-Verlato-255x300.png 255w, https:\/\/www.hotelcarlton.net\/wp-content\/uploads\/sites\/19\/2025\/03\/Pier-Giorgio-Verlato-272x321.png 272w, https:\/\/www.hotelcarlton.net\/wp-content\/uploads\/sites\/19\/2025\/03\/Pier-Giorgio-Verlato-204x240.png 204w, https:\/\/www.hotelcarlton.net\/wp-content\/uploads\/sites\/19\/2025\/03\/Pier-Giorgio-Verlato.png 308w\" sizes=\"auto, (max-width: 255px) 100vw, 255px\" \/><\/p>\n<p><strong>Pier Giorgio Verlato<\/strong><strong><br \/>\n<\/strong>Wartungspersonal<\/th>\n<th><img loading=\"lazy\" decoding=\"async\" class=\"alignnone wp-image-3098\" style=\"font-family: inherit;font-size: inherit\" src=\"https:\/\/www.hotelcarlton.net\/wp-content\/uploads\/sites\/19\/2019\/05\/carmen-265x300.jpg\" alt=\"\" width=\"170\" height=\"192\" srcset=\"https:\/\/www.hotelcarlton.net\/wp-content\/uploads\/sites\/19\/2019\/05\/carmen-265x300.jpg 265w, https:\/\/www.hotelcarlton.net\/wp-content\/uploads\/sites\/19\/2019\/05\/carmen-768x869.jpg 768w, https:\/\/www.hotelcarlton.net\/wp-content\/uploads\/sites\/19\/2019\/05\/carmen-905x1024.jpg 905w, https:\/\/www.hotelcarlton.net\/wp-content\/uploads\/sites\/19\/2019\/05\/carmen-340x385.jpg 340w, https:\/\/www.hotelcarlton.net\/wp-content\/uploads\/sites\/19\/2019\/05\/carmen-272x308.jpg 272w, https:\/\/www.hotelcarlton.net\/wp-content\/uploads\/sites\/19\/2019\/05\/carmen-204x231.jpg 204w, https:\/\/www.hotelcarlton.net\/wp-content\/uploads\/sites\/19\/2019\/05\/carmen.jpg 1026w\" sizes=\"auto, (max-width: 170px) 100vw, 170px\" \/><\/p>\n<p><strong style=\"font-family: inherit;font-size: inherit\"><strong>Carmen Lungu<br \/>\n<\/strong><\/strong>Zimmerm\u00e4dchen<\/th>\n<\/tr>\n<\/tbody>\n<\/table>\n<p>&nbsp;<\/p>\n","protected":false},"excerpt":{"rendered":"<p>Paolo Colombarini Hotelmanager Valeriana Marcotriggiani Sekret\u00e4r &nbsp; Agnese Carelle Rezeptionist Licia Marchetti Rezeptionist Linda Liboni Rezeptionist Edilberto Legr\u00e0 Silva Hotelportier \u00a0 Rachel Jane Pearson Fr\u00fchst\u00fccke Andrea Boarini Rezeptionist Pier Giorgio Verlato Wartungspersonal Carmen Lungu Zimmerm\u00e4dchen &nbsp;<\/p>\n","protected":false},"author":13,"featured_media":0,"parent":2504,"menu_order":1,"comment_status":"closed","ping_status":"closed","template":"","meta":{"footnotes":""},"class_list":["post-2509","page","type-page","status-publish","hentry"],"yoast_head":"<!-- This site is optimized with the Yoast SEO plugin v26.9 - https:\/\/yoast.com\/product\/yoast-seo-wordpress\/ -->\n<title>Personal - Hotel Carlton<\/title>\n<meta name=\"robots\" content=\"index, follow, max-snippet:-1, max-image-preview:large, max-video-preview:-1\" \/>\n<link rel=\"canonical\" href=\"https:\/\/www.hotelcarlton.net\/de\/das-hotel\/personal\/\" \/>\n<meta property=\"og:locale\" content=\"de_DE\" \/>\n<meta property=\"og:type\" content=\"article\" \/>\n<meta property=\"og:title\" content=\"Personal - Hotel Carlton\" \/>\n<meta property=\"og:description\" content=\"Paolo Colombarini Hotelmanager Valeriana Marcotriggiani Sekret\u00e4r &nbsp; Agnese Carelle Rezeptionist Licia Marchetti Rezeptionist Linda Liboni Rezeptionist Edilberto Legr\u00e0 Silva Hotelportier \u00a0 Rachel Jane Pearson Fr\u00fchst\u00fccke Andrea Boarini Rezeptionist Pier Giorgio Verlato Wartungspersonal Carmen Lungu Zimmerm\u00e4dchen &nbsp;\" \/>\n<meta property=\"og:url\" content=\"https:\/\/www.hotelcarlton.net\/de\/das-hotel\/personal\/\" \/>\n<meta property=\"og:site_name\" content=\"Hotel Carlton\" \/>\n<meta property=\"article:modified_time\" content=\"2026-02-18T10:35:11+00:00\" \/>\n<meta property=\"og:image\" content=\"https:\/\/www.hotelcarlton.net\/wp-content\/uploads\/sites\/19\/2019\/05\/dir.jpg\" \/>\n\t<meta property=\"og:image:width\" content=\"1949\" \/>\n\t<meta property=\"og:image:height\" content=\"2550\" \/>\n\t<meta property=\"og:image:type\" content=\"image\/jpeg\" \/>\n<meta name=\"twitter:card\" content=\"summary_large_image\" \/>\n<meta name=\"twitter:label1\" content=\"Gesch\u00e4tzte Lesezeit\" \/>\n\t<meta name=\"twitter:data1\" content=\"3 Minuten\" \/>\n<script type=\"application\/ld+json\" class=\"yoast-schema-graph\">{\"@context\":\"https:\/\/schema.org\",\"@graph\":[{\"@type\":\"WebPage\",\"@id\":\"https:\/\/www.hotelcarlton.net\/de\/das-hotel\/personal\/\",\"url\":\"https:\/\/www.hotelcarlton.net\/de\/das-hotel\/personal\/\",\"name\":\"Personal - Hotel Carlton\",\"isPartOf\":{\"@id\":\"https:\/\/www.hotelcarlton.net\/de\/#website\"},\"primaryImageOfPage\":{\"@id\":\"https:\/\/www.hotelcarlton.net\/de\/das-hotel\/personal\/#primaryimage\"},\"image\":{\"@id\":\"https:\/\/www.hotelcarlton.net\/de\/das-hotel\/personal\/#primaryimage\"},\"thumbnailUrl\":\"https:\/\/www.hotelcarlton.net\/wp-content\/uploads\/sites\/19\/2019\/05\/dir-229x300.jpg\",\"datePublished\":\"2019-03-20T12:48:34+00:00\",\"dateModified\":\"2026-02-18T10:35:11+00:00\",\"breadcrumb\":{\"@id\":\"https:\/\/www.hotelcarlton.net\/de\/das-hotel\/personal\/#breadcrumb\"},\"inLanguage\":\"de-DE\",\"potentialAction\":[{\"@type\":\"ReadAction\",\"target\":[\"https:\/\/www.hotelcarlton.net\/de\/das-hotel\/personal\/\"]}]},{\"@type\":\"ImageObject\",\"inLanguage\":\"de-DE\",\"@id\":\"https:\/\/www.hotelcarlton.net\/de\/das-hotel\/personal\/#primaryimage\",\"url\":\"https:\/\/www.hotelcarlton.net\/wp-content\/uploads\/sites\/19\/2019\/05\/dir-229x300.jpg\",\"contentUrl\":\"https:\/\/www.hotelcarlton.net\/wp-content\/uploads\/sites\/19\/2019\/05\/dir-229x300.jpg\"},{\"@type\":\"BreadcrumbList\",\"@id\":\"https:\/\/www.hotelcarlton.net\/de\/das-hotel\/personal\/#breadcrumb\",\"itemListElement\":[{\"@type\":\"ListItem\",\"position\":1,\"name\":\"Home\",\"item\":\"https:\/\/www.hotelcarlton.net\/de\/\"},{\"@type\":\"ListItem\",\"position\":2,\"name\":\"Das Hotel\",\"item\":\"https:\/\/www.hotelcarlton.net\/de\/das-hotel\/\"},{\"@type\":\"ListItem\",\"position\":3,\"name\":\"Personal\"}]},{\"@type\":\"WebSite\",\"@id\":\"https:\/\/www.hotelcarlton.net\/de\/#website\",\"url\":\"https:\/\/www.hotelcarlton.net\/de\/\",\"name\":\"Hotel Carlton\",\"description\":\"Ecco un altro sito ms.decms.eu\",\"potentialAction\":[{\"@type\":\"SearchAction\",\"target\":{\"@type\":\"EntryPoint\",\"urlTemplate\":\"https:\/\/www.hotelcarlton.net\/de\/?s={search_term_string}\"},\"query-input\":{\"@type\":\"PropertyValueSpecification\",\"valueRequired\":true,\"valueName\":\"search_term_string\"}}],\"inLanguage\":\"de-DE\"}]}<\/script>\n<!-- \/ Yoast SEO plugin. -->","yoast_head_json":{"title":"Personal - Hotel Carlton","robots":{"index":"index","follow":"follow","max-snippet":"max-snippet:-1","max-image-preview":"max-image-preview:large","max-video-preview":"max-video-preview:-1"},"canonical":"https:\/\/www.hotelcarlton.net\/de\/das-hotel\/personal\/","og_locale":"de_DE","og_type":"article","og_title":"Personal - Hotel Carlton","og_description":"Paolo Colombarini Hotelmanager Valeriana Marcotriggiani Sekret\u00e4r &nbsp; Agnese Carelle Rezeptionist Licia Marchetti Rezeptionist Linda Liboni Rezeptionist Edilberto Legr\u00e0 Silva Hotelportier \u00a0 Rachel Jane Pearson Fr\u00fchst\u00fccke Andrea Boarini Rezeptionist Pier Giorgio Verlato Wartungspersonal Carmen Lungu Zimmerm\u00e4dchen &nbsp;","og_url":"https:\/\/www.hotelcarlton.net\/de\/das-hotel\/personal\/","og_site_name":"Hotel Carlton","article_modified_time":"2026-02-18T10:35:11+00:00","og_image":[{"width":1949,"height":2550,"url":"https:\/\/www.hotelcarlton.net\/wp-content\/uploads\/sites\/19\/2019\/05\/dir.jpg","type":"image\/jpeg"}],"twitter_card":"summary_large_image","twitter_misc":{"Gesch\u00e4tzte Lesezeit":"3 Minuten"},"schema":{"@context":"https:\/\/schema.org","@graph":[{"@type":"WebPage","@id":"https:\/\/www.hotelcarlton.net\/de\/das-hotel\/personal\/","url":"https:\/\/www.hotelcarlton.net\/de\/das-hotel\/personal\/","name":"Personal - Hotel Carlton","isPartOf":{"@id":"https:\/\/www.hotelcarlton.net\/de\/#website"},"primaryImageOfPage":{"@id":"https:\/\/www.hotelcarlton.net\/de\/das-hotel\/personal\/#primaryimage"},"image":{"@id":"https:\/\/www.hotelcarlton.net\/de\/das-hotel\/personal\/#primaryimage"},"thumbnailUrl":"https:\/\/www.hotelcarlton.net\/wp-content\/uploads\/sites\/19\/2019\/05\/dir-229x300.jpg","datePublished":"2019-03-20T12:48:34+00:00","dateModified":"2026-02-18T10:35:11+00:00","breadcrumb":{"@id":"https:\/\/www.hotelcarlton.net\/de\/das-hotel\/personal\/#breadcrumb"},"inLanguage":"de-DE","potentialAction":[{"@type":"ReadAction","target":["https:\/\/www.hotelcarlton.net\/de\/das-hotel\/personal\/"]}]},{"@type":"ImageObject","inLanguage":"de-DE","@id":"https:\/\/www.hotelcarlton.net\/de\/das-hotel\/personal\/#primaryimage","url":"https:\/\/www.hotelcarlton.net\/wp-content\/uploads\/sites\/19\/2019\/05\/dir-229x300.jpg","contentUrl":"https:\/\/www.hotelcarlton.net\/wp-content\/uploads\/sites\/19\/2019\/05\/dir-229x300.jpg"},{"@type":"BreadcrumbList","@id":"https:\/\/www.hotelcarlton.net\/de\/das-hotel\/personal\/#breadcrumb","itemListElement":[{"@type":"ListItem","position":1,"name":"Home","item":"https:\/\/www.hotelcarlton.net\/de\/"},{"@type":"ListItem","position":2,"name":"Das Hotel","item":"https:\/\/www.hotelcarlton.net\/de\/das-hotel\/"},{"@type":"ListItem","position":3,"name":"Personal"}]},{"@type":"WebSite","@id":"https:\/\/www.hotelcarlton.net\/de\/#website","url":"https:\/\/www.hotelcarlton.net\/de\/","name":"Hotel Carlton","description":"Ecco un altro sito ms.decms.eu","potentialAction":[{"@type":"SearchAction","target":{"@type":"EntryPoint","urlTemplate":"https:\/\/www.hotelcarlton.net\/de\/?s={search_term_string}"},"query-input":{"@type":"PropertyValueSpecification","valueRequired":true,"valueName":"search_term_string"}}],"inLanguage":"de-DE"}]}},"acf":[],"_links":{"self":[{"href":"https:\/\/www.hotelcarlton.net\/de\/wp-json\/wp\/v2\/pages\/2509","targetHints":{"allow":["GET"]}}],"collection":[{"href":"https:\/\/www.hotelcarlton.net\/de\/wp-json\/wp\/v2\/pages"}],"about":[{"href":"https:\/\/www.hotelcarlton.net\/de\/wp-json\/wp\/v2\/types\/page"}],"author":[{"embeddable":true,"href":"https:\/\/www.hotelcarlton.net\/de\/wp-json\/wp\/v2\/users\/13"}],"replies":[{"embeddable":true,"href":"https:\/\/www.hotelcarlton.net\/de\/wp-json\/wp\/v2\/comments?post=2509"}],"version-history":[{"count":0,"href":"https:\/\/www.hotelcarlton.net\/de\/wp-json\/wp\/v2\/pages\/2509\/revisions"}],"up":[{"embeddable":true,"href":"https:\/\/www.hotelcarlton.net\/de\/wp-json\/wp\/v2\/pages\/2504"}],"wp:attachment":[{"href":"https:\/\/www.hotelcarlton.net\/de\/wp-json\/wp\/v2\/media?parent=2509"}],"curies":[{"name":"wp","href":"https:\/\/api.w.org\/{rel}","templated":true}]}}