{"id":2504,"date":"2019-04-17T12:04:47","date_gmt":"2019-04-17T10:04:47","guid":{"rendered":"http:\/\/hotelcarlton.ms.decms.eu\/?page_id=2504"},"modified":"2021-04-13T12:14:06","modified_gmt":"2021-04-13T10:14:06","slug":"das-hotel","status":"publish","type":"page","link":"https:\/\/www.hotelcarlton.net\/de\/das-hotel\/","title":{"rendered":"Das Hotel"},"content":{"rendered":"<p>Wir befinden uns direkt im Zentrum von <strong>Ferrara<\/strong>, 15 Gehminuten vom Bahnhof entfernt. Wir sind gut mit dem Auto erreichbar welches in unserer privaten <strong>Tiefgarage<\/strong> oder auf einem \u00f6ffentlichen Parkplatz gegen\u00fcber dem Hotel geparkt werden kann.<\/p>\n<p>Wir erwarten Sie um Ihnen die wunderbare Stadt Ferrara, die von der Unesco zum Weltkulturerbe ernannt wurde, zu zeigen.<\/p>\n<p>Der<strong> Palazzo dei Diamanti<\/strong>, das <strong>Castello Estense<\/strong>, die <strong>Kathedrale<\/strong>, der<strong> Palazzo Schifanoia<\/strong>, die mittelalterlichen Bezirke oder unsere antike Universit\u00e4t sind nur einige der vielen Sehensw\u00fcrdigkeiten Ferraras, die Sie zu Fu\u00df oder mit dem Fahrrad, Ferrara wird auch als die Fahrradstadt bezeichnet, besichtigen k\u00f6nnen.<\/p>\n<p><strong>Fr\u00fchst\u00fcck<\/strong><br \/>\n<strong>Von 7-10 Uhr morgens Sie im Fr\u00fchst\u00fccksraum. Internationales Fr\u00fchst\u00fcck<\/strong> vorbereitet hat welches keine W\u00fcnsche offen l\u00e4sst. Denn das Fr\u00fchst\u00fcck ist im Grunde die wichtigste Mahlzeit des Tages!<\/p>\n<p>Hausgemachtes Brot, Geb\u00e4ck, Kuchen, Obst der Saison wenn m\u00f6glich aus unserer Region, Eier, Bacon, achtsam ausgew\u00e4hlte Wurst und K\u00e4se Sorten, H\u00f6rnchen,<strong> Bio Produkte<\/strong>, <strong>Smoothies<\/strong>, <strong>M\u00fcsli<\/strong> und selbstverst\u00e4ndlich verschiedenste Kaffeevariationen, die Ihnen unser Personal gerne an den Tisch serviert. Dies sind nur einige der vielen K\u00f6stlichkeiten, die wir Ihnen gleich nach dem Aufstehen anbieten m\u00f6chten.<\/p>\n<p>Bei einer Gluten Unvertr\u00e4glichkeit k\u00f6nnen wir Ihnen ebenfalls auf einem Teil des Buffets<strong> Gluten freie Produkte<\/strong> anbieten.<\/p>\n<p>F\u00fcr Fr\u00fchaufsteher stehen an der Bar in der Hotelhalle von 5-7Uhr morgens immer Croissants, S\u00e4fte und Kaffee f\u00fcr ein schnelles aber reichhaltiges Fr\u00fchst\u00fcck bereit.<\/p>\n<p>Dieser Service steht ebenfalls von 10-12Uhr f\u00fcr Langschl\u00e4fer zur Verf\u00fcgung.<\/p>\n<p><strong>Gastronomie<\/strong><br \/>\nBieten wir auch einen exklusiven Service f\u00fcr Gruppen oder Veranstaltungen von mindestens 25 Personen.<\/p>\n<p>F\u00fcr weitere Informationen oder Kostenvoranschl\u00e4ge kontaktieren Sie bitte unsere Rezeption.<\/p>\n<p>Wir k\u00f6nnen all unseren G\u00e4sten je nach Wunsch verschiedene von uns sorgsam ausgew\u00e4hlte Restaurants in der N\u00e4he unseres Hotels empfehlen\u2026.einige dieser <strong>Restaurants liefern<\/strong> auch ein ausgezeichnetes Mittag-oder Abendessen direkt aufs Zimmer. Auch das ist Gastlichkeit!<\/p>\n","protected":false},"excerpt":{"rendered":"<p>Wir befinden uns direkt im Zentrum von Ferrara, 15 Gehminuten vom Bahnhof entfernt. Wir sind gut mit dem Auto erreichbar welches in unserer privaten Tiefgarage oder auf einem \u00f6ffentlichen Parkplatz gegen\u00fcber dem Hotel geparkt werden kann. Wir erwarten Sie um Ihnen die wunderbare Stadt Ferrara, die von der Unesco zum Weltkulturerbe ernannt wurde, zu zeigen. [&hellip;]<\/p>\n","protected":false},"author":21,"featured_media":0,"parent":0,"menu_order":2,"comment_status":"closed","ping_status":"closed","template":"","meta":{"footnotes":""},"class_list":["post-2504","page","type-page","status-publish","hentry"],"yoast_head":"<!-- This site is optimized with the Yoast SEO plugin v26.9 - https:\/\/yoast.com\/product\/yoast-seo-wordpress\/ -->\n<title>Das Hotel - Hotel Carlton<\/title>\n<meta name=\"robots\" content=\"index, follow, max-snippet:-1, max-image-preview:large, max-video-preview:-1\" \/>\n<link rel=\"canonical\" href=\"https:\/\/www.hotelcarlton.net\/de\/das-hotel\/\" \/>\n<meta property=\"og:locale\" content=\"de_DE\" \/>\n<meta property=\"og:type\" content=\"article\" \/>\n<meta property=\"og:title\" content=\"Das Hotel - Hotel Carlton\" \/>\n<meta property=\"og:description\" content=\"Wir befinden uns direkt im Zentrum von Ferrara, 15 Gehminuten vom Bahnhof entfernt. Wir sind gut mit dem Auto erreichbar welches in unserer privaten Tiefgarage oder auf einem \u00f6ffentlichen Parkplatz gegen\u00fcber dem Hotel geparkt werden kann. Wir erwarten Sie um Ihnen die wunderbare Stadt Ferrara, die von der Unesco zum Weltkulturerbe ernannt wurde, zu zeigen. [&hellip;]\" \/>\n<meta property=\"og:url\" content=\"https:\/\/www.hotelcarlton.net\/de\/das-hotel\/\" \/>\n<meta property=\"og:site_name\" content=\"Hotel Carlton\" \/>\n<meta property=\"article:modified_time\" content=\"2021-04-13T10:14:06+00:00\" \/>\n<meta name=\"twitter:card\" content=\"summary_large_image\" \/>\n<meta name=\"twitter:label1\" content=\"Gesch\u00e4tzte Lesezeit\" \/>\n\t<meta name=\"twitter:data1\" content=\"2 Minuten\" \/>\n<script type=\"application\/ld+json\" class=\"yoast-schema-graph\">{\"@context\":\"https:\/\/schema.org\",\"@graph\":[{\"@type\":\"WebPage\",\"@id\":\"https:\/\/www.hotelcarlton.net\/de\/das-hotel\/\",\"url\":\"https:\/\/www.hotelcarlton.net\/de\/das-hotel\/\",\"name\":\"Das Hotel - Hotel Carlton\",\"isPartOf\":{\"@id\":\"https:\/\/www.hotelcarlton.net\/de\/#website\"},\"datePublished\":\"2019-04-17T10:04:47+00:00\",\"dateModified\":\"2021-04-13T10:14:06+00:00\",\"breadcrumb\":{\"@id\":\"https:\/\/www.hotelcarlton.net\/de\/das-hotel\/#breadcrumb\"},\"inLanguage\":\"de-DE\",\"potentialAction\":[{\"@type\":\"ReadAction\",\"target\":[\"https:\/\/www.hotelcarlton.net\/de\/das-hotel\/\"]}]},{\"@type\":\"BreadcrumbList\",\"@id\":\"https:\/\/www.hotelcarlton.net\/de\/das-hotel\/#breadcrumb\",\"itemListElement\":[{\"@type\":\"ListItem\",\"position\":1,\"name\":\"Home\",\"item\":\"https:\/\/www.hotelcarlton.net\/de\/\"},{\"@type\":\"ListItem\",\"position\":2,\"name\":\"Das Hotel\"}]},{\"@type\":\"WebSite\",\"@id\":\"https:\/\/www.hotelcarlton.net\/de\/#website\",\"url\":\"https:\/\/www.hotelcarlton.net\/de\/\",\"name\":\"Hotel Carlton\",\"description\":\"Ecco un altro sito ms.decms.eu\",\"potentialAction\":[{\"@type\":\"SearchAction\",\"target\":{\"@type\":\"EntryPoint\",\"urlTemplate\":\"https:\/\/www.hotelcarlton.net\/de\/?s={search_term_string}\"},\"query-input\":{\"@type\":\"PropertyValueSpecification\",\"valueRequired\":true,\"valueName\":\"search_term_string\"}}],\"inLanguage\":\"de-DE\"}]}<\/script>\n<!-- \/ Yoast SEO plugin. -->","yoast_head_json":{"title":"Das Hotel - Hotel Carlton","robots":{"index":"index","follow":"follow","max-snippet":"max-snippet:-1","max-image-preview":"max-image-preview:large","max-video-preview":"max-video-preview:-1"},"canonical":"https:\/\/www.hotelcarlton.net\/de\/das-hotel\/","og_locale":"de_DE","og_type":"article","og_title":"Das Hotel - Hotel Carlton","og_description":"Wir befinden uns direkt im Zentrum von Ferrara, 15 Gehminuten vom Bahnhof entfernt. Wir sind gut mit dem Auto erreichbar welches in unserer privaten Tiefgarage oder auf einem \u00f6ffentlichen Parkplatz gegen\u00fcber dem Hotel geparkt werden kann. Wir erwarten Sie um Ihnen die wunderbare Stadt Ferrara, die von der Unesco zum Weltkulturerbe ernannt wurde, zu zeigen. [&hellip;]","og_url":"https:\/\/www.hotelcarlton.net\/de\/das-hotel\/","og_site_name":"Hotel Carlton","article_modified_time":"2021-04-13T10:14:06+00:00","twitter_card":"summary_large_image","twitter_misc":{"Gesch\u00e4tzte Lesezeit":"2 Minuten"},"schema":{"@context":"https:\/\/schema.org","@graph":[{"@type":"WebPage","@id":"https:\/\/www.hotelcarlton.net\/de\/das-hotel\/","url":"https:\/\/www.hotelcarlton.net\/de\/das-hotel\/","name":"Das Hotel - Hotel Carlton","isPartOf":{"@id":"https:\/\/www.hotelcarlton.net\/de\/#website"},"datePublished":"2019-04-17T10:04:47+00:00","dateModified":"2021-04-13T10:14:06+00:00","breadcrumb":{"@id":"https:\/\/www.hotelcarlton.net\/de\/das-hotel\/#breadcrumb"},"inLanguage":"de-DE","potentialAction":[{"@type":"ReadAction","target":["https:\/\/www.hotelcarlton.net\/de\/das-hotel\/"]}]},{"@type":"BreadcrumbList","@id":"https:\/\/www.hotelcarlton.net\/de\/das-hotel\/#breadcrumb","itemListElement":[{"@type":"ListItem","position":1,"name":"Home","item":"https:\/\/www.hotelcarlton.net\/de\/"},{"@type":"ListItem","position":2,"name":"Das Hotel"}]},{"@type":"WebSite","@id":"https:\/\/www.hotelcarlton.net\/de\/#website","url":"https:\/\/www.hotelcarlton.net\/de\/","name":"Hotel Carlton","description":"Ecco un altro sito ms.decms.eu","potentialAction":[{"@type":"SearchAction","target":{"@type":"EntryPoint","urlTemplate":"https:\/\/www.hotelcarlton.net\/de\/?s={search_term_string}"},"query-input":{"@type":"PropertyValueSpecification","valueRequired":true,"valueName":"search_term_string"}}],"inLanguage":"de-DE"}]}},"acf":[],"_links":{"self":[{"href":"https:\/\/www.hotelcarlton.net\/de\/wp-json\/wp\/v2\/pages\/2504","targetHints":{"allow":["GET"]}}],"collection":[{"href":"https:\/\/www.hotelcarlton.net\/de\/wp-json\/wp\/v2\/pages"}],"about":[{"href":"https:\/\/www.hotelcarlton.net\/de\/wp-json\/wp\/v2\/types\/page"}],"author":[{"embeddable":true,"href":"https:\/\/www.hotelcarlton.net\/de\/wp-json\/wp\/v2\/users\/21"}],"replies":[{"embeddable":true,"href":"https:\/\/www.hotelcarlton.net\/de\/wp-json\/wp\/v2\/comments?post=2504"}],"version-history":[{"count":0,"href":"https:\/\/www.hotelcarlton.net\/de\/wp-json\/wp\/v2\/pages\/2504\/revisions"}],"wp:attachment":[{"href":"https:\/\/www.hotelcarlton.net\/de\/wp-json\/wp\/v2\/media?parent=2504"}],"curies":[{"name":"wp","href":"https:\/\/api.w.org\/{rel}","templated":true}]}}