{"id":2498,"date":"2019-04-17T11:44:16","date_gmt":"2019-04-17T09:44:16","guid":{"rendered":"http:\/\/hotelcarlton.ms.decms.eu\/?page_id=2498"},"modified":"2019-04-17T11:44:48","modified_gmt":"2019-04-17T09:44:48","slug":"willkommen","status":"publish","type":"page","link":"https:\/\/www.hotelcarlton.net\/de\/","title":{"rendered":"Willkommen"},"content":{"rendered":"<p>Weil das Carlton ein Hotel ist, welches sich im historischen Stadtkern von Ferrara, der gastfreundlichsten Stadt Italiens befindet. Weil das Carlton ein Casalbergo ist und \u00fcber Appartements f\u00fcr einen l\u00e4ngeren Aufenthalt verf\u00fcgt und weil es ein Nebengeb\u00e4ude mit eigenen Ein-und Zweizimmerwohnungen welche auch all inclusive buchbar sind, hat.<\/p>\n<p>Wir verf\u00fcgen \u00fcber kostenloses WLAN im gesamten Hotel sowie auch in den Konferenz- und Veranstaltungsr\u00e4umen f\u00fcr bis zu 120 Personen.<\/p>\n<p>Wir befinden uns im Herzen Ferraras, sind aber gut mit dem Auto zu erreichen welches in unserer Tiefgarage gegen\u00fcber dem Hotel geparkt werden kann. Vom Hotel aus k\u00f6nnen Sie direkt aufbrechen um das Castello Estense, die Kathedrale, den Palazzo dei Diamanti oder den Palazzo Schifanoia und all die anderen Sehensw\u00fcrdigkeiten Ferraras gerne mit unseren Fahrr\u00e4dern, die an der Rezeption erh\u00e4ltlich sind, zu besuchen.<\/p>\n<p>So erkl\u00e4rt sich unser Konzept der Gastfreundlichkeit: die Aufmerksamkeit und die F\u00fcrsorglichkeit eines familiengef\u00fchrten Hotels kombiniert mit der Professionalit\u00e4t und der Freundlichkeit unseres Personals, bereit Ihren Anspr\u00fcchen gerecht zu werden und Ihre W\u00fcnsche zu erf\u00fcllen.<\/p>\n","protected":false},"excerpt":{"rendered":"<p>Weil das Carlton ein Hotel ist, welches sich im historischen Stadtkern von Ferrara, der gastfreundlichsten Stadt Italiens befindet. Weil das Carlton ein Casalbergo ist und \u00fcber Appartements f\u00fcr einen l\u00e4ngeren Aufenthalt verf\u00fcgt und weil es ein Nebengeb\u00e4ude mit eigenen Ein-und Zweizimmerwohnungen welche auch all inclusive buchbar sind, hat. Wir verf\u00fcgen \u00fcber kostenloses WLAN im gesamten [&hellip;]<\/p>\n","protected":false},"author":21,"featured_media":0,"parent":0,"menu_order":1,"comment_status":"closed","ping_status":"closed","template":"","meta":{"footnotes":""},"class_list":["post-2498","page","type-page","status-publish","hentry"],"yoast_head":"<!-- This site is optimized with the Yoast SEO plugin v26.9 - https:\/\/yoast.com\/product\/yoast-seo-wordpress\/ -->\n<title>Willkommen - Hotel Carlton<\/title>\n<meta name=\"robots\" content=\"index, follow, max-snippet:-1, max-image-preview:large, max-video-preview:-1\" \/>\n<link rel=\"canonical\" href=\"https:\/\/www.hotelcarlton.net\/de\/\" \/>\n<meta property=\"og:locale\" content=\"de_DE\" \/>\n<meta property=\"og:type\" content=\"article\" \/>\n<meta property=\"og:title\" content=\"Willkommen - Hotel Carlton\" \/>\n<meta property=\"og:description\" content=\"Weil das Carlton ein Hotel ist, welches sich im historischen Stadtkern von Ferrara, der gastfreundlichsten Stadt Italiens befindet. Weil das Carlton ein Casalbergo ist und \u00fcber Appartements f\u00fcr einen l\u00e4ngeren Aufenthalt verf\u00fcgt und weil es ein Nebengeb\u00e4ude mit eigenen Ein-und Zweizimmerwohnungen welche auch all inclusive buchbar sind, hat. Wir verf\u00fcgen \u00fcber kostenloses WLAN im gesamten [&hellip;]\" \/>\n<meta property=\"og:url\" content=\"https:\/\/www.hotelcarlton.net\/de\/\" \/>\n<meta property=\"og:site_name\" content=\"Hotel Carlton\" \/>\n<meta property=\"article:modified_time\" content=\"2019-04-17T09:44:48+00:00\" \/>\n<meta name=\"twitter:card\" content=\"summary_large_image\" \/>\n<meta name=\"twitter:label1\" content=\"Gesch\u00e4tzte Lesezeit\" \/>\n\t<meta name=\"twitter:data1\" content=\"1 Minute\" \/>\n<script type=\"application\/ld+json\" class=\"yoast-schema-graph\">{\"@context\":\"https:\/\/schema.org\",\"@graph\":[{\"@type\":\"WebPage\",\"@id\":\"https:\/\/www.hotelcarlton.net\/de\/\",\"url\":\"https:\/\/www.hotelcarlton.net\/de\/\",\"name\":\"Willkommen - Hotel Carlton\",\"isPartOf\":{\"@id\":\"https:\/\/www.hotelcarlton.net\/de\/#website\"},\"datePublished\":\"2019-04-17T09:44:16+00:00\",\"dateModified\":\"2019-04-17T09:44:48+00:00\",\"breadcrumb\":{\"@id\":\"https:\/\/www.hotelcarlton.net\/de\/#breadcrumb\"},\"inLanguage\":\"de-DE\",\"potentialAction\":[{\"@type\":\"ReadAction\",\"target\":[\"https:\/\/www.hotelcarlton.net\/de\/\"]}]},{\"@type\":\"BreadcrumbList\",\"@id\":\"https:\/\/www.hotelcarlton.net\/de\/#breadcrumb\",\"itemListElement\":[{\"@type\":\"ListItem\",\"position\":1,\"name\":\"Home\",\"item\":\"https:\/\/www.hotelcarlton.net\/de\/\"},{\"@type\":\"ListItem\",\"position\":2,\"name\":\"Willkommen\"}]},{\"@type\":\"WebSite\",\"@id\":\"https:\/\/www.hotelcarlton.net\/de\/#website\",\"url\":\"https:\/\/www.hotelcarlton.net\/de\/\",\"name\":\"Hotel Carlton\",\"description\":\"Ecco un altro sito ms.decms.eu\",\"potentialAction\":[{\"@type\":\"SearchAction\",\"target\":{\"@type\":\"EntryPoint\",\"urlTemplate\":\"https:\/\/www.hotelcarlton.net\/de\/?s={search_term_string}\"},\"query-input\":{\"@type\":\"PropertyValueSpecification\",\"valueRequired\":true,\"valueName\":\"search_term_string\"}}],\"inLanguage\":\"de-DE\"}]}<\/script>\n<!-- \/ Yoast SEO plugin. -->","yoast_head_json":{"title":"Willkommen - Hotel Carlton","robots":{"index":"index","follow":"follow","max-snippet":"max-snippet:-1","max-image-preview":"max-image-preview:large","max-video-preview":"max-video-preview:-1"},"canonical":"https:\/\/www.hotelcarlton.net\/de\/","og_locale":"de_DE","og_type":"article","og_title":"Willkommen - Hotel Carlton","og_description":"Weil das Carlton ein Hotel ist, welches sich im historischen Stadtkern von Ferrara, der gastfreundlichsten Stadt Italiens befindet. Weil das Carlton ein Casalbergo ist und \u00fcber Appartements f\u00fcr einen l\u00e4ngeren Aufenthalt verf\u00fcgt und weil es ein Nebengeb\u00e4ude mit eigenen Ein-und Zweizimmerwohnungen welche auch all inclusive buchbar sind, hat. Wir verf\u00fcgen \u00fcber kostenloses WLAN im gesamten [&hellip;]","og_url":"https:\/\/www.hotelcarlton.net\/de\/","og_site_name":"Hotel Carlton","article_modified_time":"2019-04-17T09:44:48+00:00","twitter_card":"summary_large_image","twitter_misc":{"Gesch\u00e4tzte Lesezeit":"1 Minute"},"schema":{"@context":"https:\/\/schema.org","@graph":[{"@type":"WebPage","@id":"https:\/\/www.hotelcarlton.net\/de\/","url":"https:\/\/www.hotelcarlton.net\/de\/","name":"Willkommen - Hotel Carlton","isPartOf":{"@id":"https:\/\/www.hotelcarlton.net\/de\/#website"},"datePublished":"2019-04-17T09:44:16+00:00","dateModified":"2019-04-17T09:44:48+00:00","breadcrumb":{"@id":"https:\/\/www.hotelcarlton.net\/de\/#breadcrumb"},"inLanguage":"de-DE","potentialAction":[{"@type":"ReadAction","target":["https:\/\/www.hotelcarlton.net\/de\/"]}]},{"@type":"BreadcrumbList","@id":"https:\/\/www.hotelcarlton.net\/de\/#breadcrumb","itemListElement":[{"@type":"ListItem","position":1,"name":"Home","item":"https:\/\/www.hotelcarlton.net\/de\/"},{"@type":"ListItem","position":2,"name":"Willkommen"}]},{"@type":"WebSite","@id":"https:\/\/www.hotelcarlton.net\/de\/#website","url":"https:\/\/www.hotelcarlton.net\/de\/","name":"Hotel Carlton","description":"Ecco un altro sito ms.decms.eu","potentialAction":[{"@type":"SearchAction","target":{"@type":"EntryPoint","urlTemplate":"https:\/\/www.hotelcarlton.net\/de\/?s={search_term_string}"},"query-input":{"@type":"PropertyValueSpecification","valueRequired":true,"valueName":"search_term_string"}}],"inLanguage":"de-DE"}]}},"acf":[],"_links":{"self":[{"href":"https:\/\/www.hotelcarlton.net\/de\/wp-json\/wp\/v2\/pages\/2498","targetHints":{"allow":["GET"]}}],"collection":[{"href":"https:\/\/www.hotelcarlton.net\/de\/wp-json\/wp\/v2\/pages"}],"about":[{"href":"https:\/\/www.hotelcarlton.net\/de\/wp-json\/wp\/v2\/types\/page"}],"author":[{"embeddable":true,"href":"https:\/\/www.hotelcarlton.net\/de\/wp-json\/wp\/v2\/users\/21"}],"replies":[{"embeddable":true,"href":"https:\/\/www.hotelcarlton.net\/de\/wp-json\/wp\/v2\/comments?post=2498"}],"version-history":[{"count":0,"href":"https:\/\/www.hotelcarlton.net\/de\/wp-json\/wp\/v2\/pages\/2498\/revisions"}],"wp:attachment":[{"href":"https:\/\/www.hotelcarlton.net\/de\/wp-json\/wp\/v2\/media?parent=2498"}],"curies":[{"name":"wp","href":"https:\/\/api.w.org\/{rel}","templated":true}]}}